{"id":2257,"date":"2018-09-10T11:08:34","date_gmt":"2018-09-10T09:08:34","guid":{"rendered":"https:\/\/bcnfighters.com\/?page_id=2257"},"modified":"2022-06-24T16:39:58","modified_gmt":"2022-06-24T14:39:58","slug":"que-es-bcn-fighters","status":"publish","type":"page","link":"http:\/\/bcnfighters.com\/en\/que-es-bcn-fighters\/","title":{"rendered":"What's BCN Fighters?"},"content":{"rendered":"<div data-elementor-type=\"wp-page\" data-elementor-id=\"2257\" class=\"elementor elementor-2257\">\n\t\t\t\t\t\t\t\t\t<section class=\"elementor-section elementor-top-section elementor-element elementor-element-313bde2 elementor-section-full_width elementor-section-stretched elementor-section-height-default elementor-section-height-default\" data-id=\"313bde2\" data-element_type=\"section\" data-settings=\"{&quot;stretch_section&quot;:&quot;section-stretched&quot;}\">\n\t\t\t\t\t\t<div class=\"elementor-container elementor-column-gap-no\">\n\t\t\t\t\t<div class=\"elementor-column elementor-col-100 elementor-top-column elementor-element elementor-element-20bc34a\" data-id=\"20bc34a\" data-element_type=\"column\">\n\t\t\t<div class=\"elementor-widget-wrap elementor-element-populated\">\n\t\t\t\t\t\t\t\t<div class=\"elementor-element elementor-element-89a7253 elementor-widget elementor-widget-slider_revolution\" data-id=\"89a7253\" data-element_type=\"widget\" data-widget_type=\"slider_revolution.default\">\n\t\t\t\t<div class=\"elementor-widget-container\">\n\t\t\t\r\n\t\t<div class=\"wp-block-themepunch-revslider\">\n\t\t\t<!-- START press start REVOLUTION SLIDER 6.5.2 --><p class=\"rs-p-wp-fix\"><\/p>\n\t\t\t<rs-module-wrap id=\"rev_slider_20_1_wrapper\" data-source=\"gallery\" style=\"visibility:hidden;background:transparent;padding:0;margin:0px auto;margin-top:0;margin-bottom:0;background-image:url(https:\/\/bcnfighters.com\/wp-content\/uploads\/2019\/02\/Dossier-BCN-Fighters.jpg);background-repeat:no-repeat;background-size:cover;background-position:center center;\">\n\t\t\t\t<rs-module id=\"rev_slider_20_1\" style=\"\" data-version=\"6.5.2\">\n\t\t\t\t\t<rs-slides>\n\t\t\t\t\t\t<rs-slide data-key=\"rs-130\" data-title=\"Slide\" data-anim=\"ms:1000;r:0;\" data-in=\"o:0;\" data-out=\"a:false;\">\n\t\t\t\t\t\t\t<img src=\"\/\/bcnfighters.com\/wp-content\/plugins\/revslider\/public\/assets\/assets\/dummy.png\" alt=\"Slide\" title=\"What&#039;s BCN Fighters?\" class=\"rev-slidebg tp-rs-img rs-lazyload\" data-lazyload=\"\/\/bcnfighters.com\/wp-content\/plugins\/revslider\/public\/assets\/assets\/transparent.png\" data-no-retina>\n<!--\n\t\t\t\t\t\t\t--><rs-layer\n\t\t\t\t\t\t\t\tid=\"slider-20-slide-130-layer-0\" \n\t\t\t\t\t\t\t\tdata-type=\"image\"\n\t\t\t\t\t\t\t\tdata-rsp_ch=\"on\"\n\t\t\t\t\t\t\t\tdata-xy=\"x:c;yo:124px,183px,183px,183px;\"\n\t\t\t\t\t\t\t\tdata-text=\"l:22;a:inherit;\"\n\t\t\t\t\t\t\t\tdata-dim=\"w:['500px','500px','500px','500px'];h:['280px','280px','280px','280px'];\"\n\t\t\t\t\t\t\t\tdata-frame_0=\"y:top;o:1;tp:600;\"\n\t\t\t\t\t\t\t\tdata-frame_1=\"tp:600;st:1070;sp:1500;sR:1070;\"\n\t\t\t\t\t\t\t\tdata-frame_999=\"o:0;tp:600;e:power2.in;st:w;sp:700;sR:6430;\"\n\t\t\t\t\t\t\t\tstyle=\"z-index:5;\"\n\t\t\t\t\t\t\t><img src=\"\/\/bcnfighters.com\/wp-content\/plugins\/revslider\/public\/assets\/assets\/dummy.png\" class=\"tp-rs-img rs-lazyload\" width=\"500\" height=\"280\" data-lazyload=\"\/\/bcnfighters.com\/wp-content\/uploads\/2018\/10\/41704077_1011933935676150_5661803671168483328_n-e1539806209576.png\" data-no-retina> \n\t\t\t\t\t\t\t<\/rs-layer><!--\n\n\t\t\t\t\t\t\t--><rs-layer\n\t\t\t\t\t\t\t\tid=\"slider-20-slide-130-layer-1\" \n\t\t\t\t\t\t\t\tdata-type=\"image\"\n\t\t\t\t\t\t\t\tdata-rsp_ch=\"on\"\n\t\t\t\t\t\t\t\tdata-xy=\"xo:487px,384px,384px,384px;y:b;yo:126px,511px,511px,511px;\"\n\t\t\t\t\t\t\t\tdata-text=\"l:22;a:inherit;\"\n\t\t\t\t\t\t\t\tdata-dim=\"w:['242px','242px','242px','242px'];h:['37px','37px','37px','37px'];\"\n\t\t\t\t\t\t\t\tdata-actions='o:click;a:simplelink;target:_self;url:https:\/\/bcnfighters.com\/que-es-bcn-fighters\/;'\n\t\t\t\t\t\t\t\tdata-frame_0=\"tp:600;\"\n\t\t\t\t\t\t\t\tdata-frame_1=\"tp:600;st:2590;sp:1500;sR:2590;\"\n\t\t\t\t\t\t\t\tdata-frame_999=\"o:0;tp:600;e:power2.in;st:w;sp:700;sR:4910;\"\n\t\t\t\t\t\t\t\tdata-loop_0=\"sX:1.2;sY:1.2;\"\n\t\t\t\t\t\t\t\tdata-loop_999=\"sp:1600;e:sine.inOut;yym:t;yys:t;yyf:t;\"\n\t\t\t\t\t\t\t\tstyle=\"z-index:6;\"\n\t\t\t\t\t\t\t><img src=\"\/\/bcnfighters.com\/wp-content\/plugins\/revslider\/public\/assets\/assets\/dummy.png\" class=\"tp-rs-img rs-lazyload\" width=\"500\" height=\"76\" data-lazyload=\"\/\/bcnfighters.com\/wp-content\/uploads\/2019\/02\/press-start.png\" data-no-retina> \n\t\t\t\t\t\t\t<\/rs-layer><!--\n-->\t\t\t\t\t\t<\/rs-slide>\n\t\t\t\t\t<\/rs-slides>\n\t\t\t\t<\/rs-module>\n\t\t\t\t<script type=\"text\/javascript\">\n\t\t\t\t\tsetREVStartSize({c: 'rev_slider_20_1',rl:[1240,1024,1024,1024],el:[600,768,768,768],gw:[1240,1024,1024,1024],gh:[600,600,600,600],type:'standard',justify:'',layout:'fullwidth',mh:\"0\"});\n\t\t\t\t<\/script>\n\t\t\t<\/rs-module-wrap>\n\t\t\t<!-- END REVOLUTION SLIDER -->\n<\/div>\r\n\r\n\t\t\t\t<\/div>\n\t\t\t\t<\/div>\n\t\t\t\t\t<\/div>\n\t\t<\/div>\n\t\t\t\t\t\t\t<\/div>\n\t\t<\/section>\n\t\t\t\t<section class=\"elementor-section elementor-top-section elementor-element elementor-element-9869176 elementor-section-full_width elementor-section-stretched elementor-section-height-default elementor-section-height-default\" data-id=\"9869176\" data-element_type=\"section\" data-settings=\"{&quot;stretch_section&quot;:&quot;section-stretched&quot;}\">\n\t\t\t\t\t\t<div class=\"elementor-container elementor-column-gap-default\">\n\t\t\t\t\t<div class=\"elementor-column elementor-col-100 elementor-top-column elementor-element elementor-element-ded2703\" data-id=\"ded2703\" data-element_type=\"column\">\n\t\t\t<div class=\"elementor-widget-wrap elementor-element-populated\">\n\t\t\t\t\t\t\t\t<div class=\"elementor-element elementor-element-1a6a98b elementor-widget elementor-widget-spacer\" data-id=\"1a6a98b\" data-element_type=\"widget\" data-widget_type=\"spacer.default\">\n\t\t\t\t<div class=\"elementor-widget-container\">\n\t\t\t\t\t<div class=\"elementor-spacer\">\n\t\t\t<div class=\"elementor-spacer-inner\"><\/div>\n\t\t<\/div>\n\t\t\t\t<\/div>\n\t\t\t\t<\/div>\n\t\t\t\t<div class=\"elementor-element elementor-element-6b10005 elementor-widget elementor-widget-heading\" data-id=\"6b10005\" data-element_type=\"widget\" data-widget_type=\"heading.default\">\n\t\t\t\t<div class=\"elementor-widget-container\">\n\t\t\t<h2 class=\"elementor-heading-title elementor-size-default\">\u00bfQU\u00c9 ES BCN FIGHTERS?<\/h2>\t\t<\/div>\n\t\t\t\t<\/div>\n\t\t\t\t<section class=\"elementor-section elementor-inner-section elementor-element elementor-element-636d118 elementor-section-boxed elementor-section-height-default elementor-section-height-default\" data-id=\"636d118\" data-element_type=\"section\">\n\t\t\t\t\t\t<div class=\"elementor-container elementor-column-gap-default\">\n\t\t\t\t\t<div class=\"elementor-column elementor-col-33 elementor-inner-column elementor-element elementor-element-6c61eec\" data-id=\"6c61eec\" data-element_type=\"column\">\n\t\t\t<div class=\"elementor-widget-wrap\">\n\t\t\t\t\t\t\t\t\t<\/div>\n\t\t<\/div>\n\t\t\t\t<div class=\"elementor-column elementor-col-33 elementor-inner-column elementor-element elementor-element-643c2a1\" data-id=\"643c2a1\" data-element_type=\"column\">\n\t\t\t<div class=\"elementor-widget-wrap elementor-element-populated\">\n\t\t\t\t\t\t\t\t<div class=\"elementor-element elementor-element-d4727d0 elementor-widget elementor-widget-text-editor\" data-id=\"d4727d0\" data-element_type=\"widget\" data-widget_type=\"text-editor.default\">\n\t\t\t\t<div class=\"elementor-widget-container\">\n\t\t\t\t\t\t\t<p style=\"text-align: center;\"><span style=\"color: #ffffff;\">Barcelona Fighters nace de la uni\u00f3n de Villa Jueguito y Arkham Team, aunando as\u00ed 10 a\u00f1os de experiencia en organizaci\u00f3n de torneos con el contenido audiovisual y streamings. En 2020 pasamos a formar parte de Good Gaming Group y juntos, con la ilusi\u00f3n de revolucionar la escena de los juegos de lucha, pretendemos abarcar mayores y mejores proyectos para colocarnos as\u00ed como un referente a nivel nacional e internacional.<\/span><\/p>\t\t\t\t\t\t<\/div>\n\t\t\t\t<\/div>\n\t\t\t\t\t<\/div>\n\t\t<\/div>\n\t\t\t\t<div class=\"elementor-column elementor-col-33 elementor-inner-column elementor-element elementor-element-b5d7bb7\" data-id=\"b5d7bb7\" data-element_type=\"column\">\n\t\t\t<div class=\"elementor-widget-wrap\">\n\t\t\t\t\t\t\t\t\t<\/div>\n\t\t<\/div>\n\t\t\t\t\t\t\t<\/div>\n\t\t<\/section>\n\t\t\t\t<div class=\"elementor-element elementor-element-3c76371 elementor-widget elementor-widget-spacer\" data-id=\"3c76371\" data-element_type=\"widget\" data-widget_type=\"spacer.default\">\n\t\t\t\t<div class=\"elementor-widget-container\">\n\t\t\t\t\t<div class=\"elementor-spacer\">\n\t\t\t<div class=\"elementor-spacer-inner\"><\/div>\n\t\t<\/div>\n\t\t\t\t<\/div>\n\t\t\t\t<\/div>\n\t\t\t\t<div class=\"elementor-element elementor-element-24c3aa7 elementor-widget elementor-widget-heading\" data-id=\"24c3aa7\" data-element_type=\"widget\" data-widget_type=\"heading.default\">\n\t\t\t\t<div class=\"elementor-widget-container\">\n\t\t\t<h2 class=\"elementor-heading-title elementor-size-default\">\u00bfQU\u00c9 SERVICIOS OFRECEMOS?<\/h2>\t\t<\/div>\n\t\t\t\t<\/div>\n\t\t\t\t<section class=\"elementor-section elementor-inner-section elementor-element elementor-element-a4dfe72 elementor-section-boxed elementor-section-height-default elementor-section-height-default\" data-id=\"a4dfe72\" data-element_type=\"section\">\n\t\t\t\t\t\t<div class=\"elementor-container elementor-column-gap-default\">\n\t\t\t\t\t<div class=\"elementor-column elementor-col-50 elementor-inner-column elementor-element elementor-element-5eef02a\" data-id=\"5eef02a\" data-element_type=\"column\">\n\t\t\t<div class=\"elementor-widget-wrap elementor-element-populated\">\n\t\t\t\t\t\t\t\t<div class=\"elementor-element elementor-element-05dbf10 elementor-widget elementor-widget-image\" data-id=\"05dbf10\" data-element_type=\"widget\" data-widget_type=\"image.default\">\n\t\t\t\t<div class=\"elementor-widget-container\">\n\t\t\t\t\t\t\t\t\t\t\t\t\t\t\t\t<a href=\"http:\/\/bcnfighters.com\/en\/servicios-para-marcas\/\">\n\t\t\t\t\t\t\t<img width=\"1024\" height=\"391\" src=\"https:\/\/bcnfighters.com\/wp-content\/uploads\/2019\/11\/marcas-1024x391.jpg\" class=\"attachment-large size-large\" alt=\"\" srcset=\"https:\/\/bcnfighters.com\/wp-content\/uploads\/2019\/11\/marcas-1024x391.jpg 1024w, https:\/\/bcnfighters.com\/wp-content\/uploads\/2019\/11\/marcas-e1624475638998.jpg 600w, https:\/\/bcnfighters.com\/wp-content\/uploads\/2019\/11\/marcas-300x115.jpg 300w, https:\/\/bcnfighters.com\/wp-content\/uploads\/2019\/11\/marcas-768x294.jpg 768w\" sizes=\"(max-width: 1024px) 100vw, 1024px\" \/>\t\t\t\t\t\t\t\t<\/a>\n\t\t\t\t\t\t\t\t\t\t\t\t\t\t\t<\/div>\n\t\t\t\t<\/div>\n\t\t\t\t\t<\/div>\n\t\t<\/div>\n\t\t\t\t<div class=\"elementor-column elementor-col-50 elementor-inner-column elementor-element elementor-element-dee93a4\" data-id=\"dee93a4\" data-element_type=\"column\">\n\t\t\t<div class=\"elementor-widget-wrap elementor-element-populated\">\n\t\t\t\t\t\t\t\t<div class=\"elementor-element elementor-element-5d1dd83 elementor-widget elementor-widget-image\" data-id=\"5d1dd83\" data-element_type=\"widget\" data-widget_type=\"image.default\">\n\t\t\t\t<div class=\"elementor-widget-container\">\n\t\t\t\t\t\t\t\t\t\t\t\t\t\t\t\t<a href=\"http:\/\/bcnfighters.com\/en\/servicios-para-la-comunidad\/\">\n\t\t\t\t\t\t\t<img width=\"1024\" height=\"391\" src=\"https:\/\/bcnfighters.com\/wp-content\/uploads\/2019\/11\/comunidad-1024x391.jpg\" class=\"attachment-large size-large\" alt=\"\" srcset=\"https:\/\/bcnfighters.com\/wp-content\/uploads\/2019\/11\/comunidad-1024x391.jpg 1024w, https:\/\/bcnfighters.com\/wp-content\/uploads\/2019\/11\/comunidad-e1624475631940.jpg 600w, https:\/\/bcnfighters.com\/wp-content\/uploads\/2019\/11\/comunidad-300x115.jpg 300w, https:\/\/bcnfighters.com\/wp-content\/uploads\/2019\/11\/comunidad-768x293.jpg 768w\" sizes=\"(max-width: 1024px) 100vw, 1024px\" \/>\t\t\t\t\t\t\t\t<\/a>\n\t\t\t\t\t\t\t\t\t\t\t\t\t\t\t<\/div>\n\t\t\t\t<\/div>\n\t\t\t\t\t<\/div>\n\t\t<\/div>\n\t\t\t\t\t\t\t<\/div>\n\t\t<\/section>\n\t\t\t\t<div class=\"elementor-element elementor-element-4392044 elementor-widget elementor-widget-spacer\" data-id=\"4392044\" data-element_type=\"widget\" data-widget_type=\"spacer.default\">\n\t\t\t\t<div class=\"elementor-widget-container\">\n\t\t\t\t\t<div class=\"elementor-spacer\">\n\t\t\t<div class=\"elementor-spacer-inner\"><\/div>\n\t\t<\/div>\n\t\t\t\t<\/div>\n\t\t\t\t<\/div>\n\t\t\t\t<div class=\"elementor-element elementor-element-2dec82b elementor-widget elementor-widget-heading\" data-id=\"2dec82b\" data-element_type=\"widget\" data-widget_type=\"heading.default\">\n\t\t\t\t<div class=\"elementor-widget-container\">\n\t\t\t<h5 class=\"elementor-heading-title elementor-size-default\">MARCAS QUE HAN CONFIADO EN NOSOTROS:<\/h5>\t\t<\/div>\n\t\t\t\t<\/div>\n\t\t\t\t<div class=\"elementor-element elementor-element-8ac0399 elementor-arrows-position-inside elementor-pagination-position-outside elementor-widget elementor-widget-image-carousel\" data-id=\"8ac0399\" data-element_type=\"widget\" data-settings=\"{&quot;navigation&quot;:&quot;both&quot;,&quot;autoplay&quot;:&quot;yes&quot;,&quot;pause_on_hover&quot;:&quot;yes&quot;,&quot;pause_on_interaction&quot;:&quot;yes&quot;,&quot;autoplay_speed&quot;:5000,&quot;infinite&quot;:&quot;yes&quot;,&quot;speed&quot;:500}\" data-widget_type=\"image-carousel.default\">\n\t\t\t\t<div class=\"elementor-widget-container\">\n\t\t\t\t\t<div class=\"elementor-image-carousel-wrapper swiper-container\" dir=\"ltr\">\n\t\t\t<div class=\"elementor-image-carousel swiper-wrapper\">\n\t\t\t\t\t\t\t\t<div class=\"swiper-slide\"><figure class=\"swiper-slide-inner\"><img class=\"swiper-slide-image\" src=\"https:\/\/bcnfighters.com\/wp-content\/uploads\/2022\/06\/Capcom-300x259.png\" alt=\"Capcom\" \/><\/figure><\/div><div class=\"swiper-slide\"><figure class=\"swiper-slide-inner\"><img class=\"swiper-slide-image\" src=\"https:\/\/bcnfighters.com\/wp-content\/uploads\/2022\/06\/Playstation-300x259.png\" alt=\"Playstation\" \/><\/figure><\/div><div class=\"swiper-slide\"><figure class=\"swiper-slide-inner\"><img class=\"swiper-slide-image\" src=\"https:\/\/bcnfighters.com\/wp-content\/uploads\/2022\/06\/Bandai-Namco-300x259.png\" alt=\"Bandai Namco\" \/><\/figure><\/div><div class=\"swiper-slide\"><figure class=\"swiper-slide-inner\"><img class=\"swiper-slide-image\" src=\"https:\/\/bcnfighters.com\/wp-content\/uploads\/2021\/06\/logo-ozone-marca-300x259.png\" alt=\"logo ozone marca\" \/><\/figure><\/div><div class=\"swiper-slide\"><figure class=\"swiper-slide-inner\"><img class=\"swiper-slide-image\" src=\"https:\/\/bcnfighters.com\/wp-content\/uploads\/2021\/06\/drift-logo-marca-300x259.png\" alt=\"drift logo marca\" \/><\/figure><\/div><div class=\"swiper-slide\"><figure class=\"swiper-slide-inner\"><img class=\"swiper-slide-image\" src=\"https:\/\/bcnfighters.com\/wp-content\/uploads\/2019\/11\/REDBULL1-300x259.png\" alt=\"REDBULL1\" \/><\/figure><\/div><div class=\"swiper-slide\"><figure class=\"swiper-slide-inner\"><img class=\"swiper-slide-image\" src=\"https:\/\/bcnfighters.com\/wp-content\/uploads\/2019\/11\/wb1-300x259.png\" alt=\"wb1\" \/><\/figure><\/div><div class=\"swiper-slide\"><figure class=\"swiper-slide-inner\"><img class=\"swiper-slide-image\" src=\"https:\/\/bcnfighters.com\/wp-content\/uploads\/2022\/06\/Tenerife-gg-300x259.png\" alt=\"Tenerife gg\" \/><\/figure><\/div><div class=\"swiper-slide\"><figure class=\"swiper-slide-inner\"><img class=\"swiper-slide-image\" src=\"https:\/\/bcnfighters.com\/wp-content\/uploads\/2022\/06\/san-miguel-logo-300x259.png\" alt=\"san miguel logo\" \/><\/figure><\/div><div class=\"swiper-slide\"><figure class=\"swiper-slide-inner\"><img class=\"swiper-slide-image\" src=\"https:\/\/bcnfighters.com\/wp-content\/uploads\/2021\/06\/logo-diesel.png\" alt=\"logo diesel\" \/><\/figure><\/div><div class=\"swiper-slide\"><figure class=\"swiper-slide-inner\"><img class=\"swiper-slide-image\" src=\"https:\/\/bcnfighters.com\/wp-content\/uploads\/2019\/11\/gamergy1-300x259.png\" alt=\"gamergy1\" \/><\/figure><\/div><div class=\"swiper-slide\"><figure class=\"swiper-slide-inner\"><img class=\"swiper-slide-image\" src=\"https:\/\/bcnfighters.com\/wp-content\/uploads\/2019\/11\/vodafone1-300x259.png\" alt=\"vodafone1\" \/><\/figure><\/div><div class=\"swiper-slide\"><figure class=\"swiper-slide-inner\"><img class=\"swiper-slide-image\" src=\"https:\/\/bcnfighters.com\/wp-content\/uploads\/2019\/11\/polo-digital1-300x259.png\" alt=\"polo digital1\" \/><\/figure><\/div><div class=\"swiper-slide\"><figure class=\"swiper-slide-inner\"><img class=\"swiper-slide-image\" src=\"https:\/\/bcnfighters.com\/wp-content\/uploads\/2019\/11\/DH1-300x259.png\" alt=\"DH1\" \/><\/figure><\/div><div class=\"swiper-slide\"><figure class=\"swiper-slide-inner\"><img class=\"swiper-slide-image\" src=\"https:\/\/bcnfighters.com\/wp-content\/uploads\/2019\/11\/movistar-centre1-300x259.png\" alt=\"movistar centre1\" \/><\/figure><\/div><div class=\"swiper-slide\"><figure class=\"swiper-slide-inner\"><img class=\"swiper-slide-image\" src=\"https:\/\/bcnfighters.com\/wp-content\/uploads\/2019\/11\/Roquetas1-300x259.png\" alt=\"Roquetas1\" \/><\/figure><\/div><div class=\"swiper-slide\"><figure class=\"swiper-slide-inner\"><img class=\"swiper-slide-image\" src=\"https:\/\/bcnfighters.com\/wp-content\/uploads\/2022\/06\/Nesquik-logo-300x259.png\" alt=\"Nesquik logo\" \/><\/figure><\/div>\t\t\t<\/div>\n\t\t\t\t\t\t\t\t\t\t\t\t<div class=\"swiper-pagination\"><\/div>\n\t\t\t\t\t\t\t\t\t\t\t\t\t<div class=\"elementor-swiper-button elementor-swiper-button-prev\">\n\t\t\t\t\t\t<i aria-hidden=\"true\" class=\"eicon-chevron-left\"><\/i>\t\t\t\t\t\t<span class=\"elementor-screen-only\">Previous<\/span>\n\t\t\t\t\t<\/div>\n\t\t\t\t\t<div class=\"elementor-swiper-button elementor-swiper-button-next\">\n\t\t\t\t\t\t<i aria-hidden=\"true\" class=\"eicon-chevron-right\"><\/i>\t\t\t\t\t\t<span class=\"elementor-screen-only\">Next<\/span>\n\t\t\t\t\t<\/div>\n\t\t\t\t\t\t\t\t\t<\/div>\n\t\t\t\t<\/div>\n\t\t\t\t<\/div>\n\t\t\t\t\t<\/div>\n\t\t<\/div>\n\t\t\t\t\t\t\t<\/div>\n\t\t<\/section>\n\t\t\t\t\t\t\t<\/div>","protected":false},"excerpt":{"rendered":"<p>\u00bfQU\u00c9 ES BCN FIGHTERS? Barcelona Fighters nace de la uni\u00f3n de Villa Jueguito y Arkham Team, aunando as\u00ed 10 a\u00f1os de experiencia en organizaci\u00f3n de torneos con el contenido audiovisual y streamings. En 2020 pasamos a formar parte de Good Gaming Group y juntos, con la ilusi\u00f3n de revolucionar la escena de los juegos de&hellip;&nbsp;<a href=\"http:\/\/bcnfighters.com\/en\/que-es-bcn-fighters\/\" class=\"\" rel=\"bookmark\">Read More &raquo;<span class=\"screen-reader-text\">What's BCN Fighters?<\/span><\/a><\/p>","protected":false},"author":4,"featured_media":0,"parent":0,"menu_order":0,"comment_status":"closed","ping_status":"closed","template":"","meta":{"_mi_skip_tracking":false,"neve_meta_sidebar":"","neve_meta_container":"","neve_meta_enable_content_width":"off","neve_meta_content_width":0,"neve_meta_title_alignment":"","neve_meta_author_avatar":"","neve_post_elements_order":"","neve_meta_disable_header":"","neve_meta_disable_footer":"","neve_meta_disable_title":"on"},"yoast_head":"<!-- This site is optimized with the Yoast SEO plugin v19.13 - https:\/\/yoast.com\/wordpress\/plugins\/seo\/ -->\n<title>\u00bfQu\u00e9 es BCN fighters? | BCN Fighters<\/title>\n<meta name=\"robots\" content=\"index, follow, max-snippet:-1, max-image-preview:large, max-video-preview:-1\" \/>\n<link rel=\"canonical\" href=\"http:\/\/bcnfighters.com\/en\/que-es-bcn-fighters\/\" \/>\n<meta property=\"og:locale\" content=\"en_GB\" \/>\n<meta property=\"og:type\" content=\"article\" \/>\n<meta property=\"og:title\" content=\"\u00bfQu\u00e9 es BCN fighters? | BCN Fighters\" \/>\n<meta property=\"og:description\" content=\"\u00bfQU\u00c9 ES BCN FIGHTERS? Barcelona Fighters nace de la uni\u00f3n de Villa Jueguito y Arkham Team, aunando as\u00ed 10 a\u00f1os de experiencia en organizaci\u00f3n de torneos con el contenido audiovisual y streamings. En 2020 pasamos a formar parte de Good Gaming Group y juntos, con la ilusi\u00f3n de revolucionar la escena de los juegos de&hellip;&nbsp;Read More &raquo;\u00bfQu\u00e9 es BCN fighters?\" \/>\n<meta property=\"og:url\" content=\"http:\/\/bcnfighters.com\/en\/que-es-bcn-fighters\/\" \/>\n<meta property=\"og:site_name\" content=\"BCN Fighters\" \/>\n<meta property=\"article:modified_time\" content=\"2022-06-24T14:39:58+00:00\" \/>\n<meta property=\"og:image\" content=\"https:\/\/bcnfighters.com\/wp-content\/uploads\/2019\/11\/marcas-1024x391.jpg\" \/>\n<meta name=\"twitter:card\" content=\"summary_large_image\" \/>\n<meta name=\"twitter:site\" content=\"@bcnfighters\" \/>\n<meta name=\"twitter:label1\" content=\"Estimated reading time\" \/>\n\t<meta name=\"twitter:data1\" content=\"6 minutes\" \/>\n<script type=\"application\/ld+json\" class=\"yoast-schema-graph\">{\"@context\":\"https:\/\/schema.org\",\"@graph\":[{\"@type\":\"WebPage\",\"@id\":\"https:\/\/bcnfighters.com\/que-es-bcn-fighters\/\",\"url\":\"https:\/\/bcnfighters.com\/que-es-bcn-fighters\/\",\"name\":\"\u00bfQu\u00e9 es BCN fighters? | BCN Fighters\",\"isPartOf\":{\"@id\":\"https:\/\/bcnfighters.com\/#website\"},\"datePublished\":\"2018-09-10T09:08:34+00:00\",\"dateModified\":\"2022-06-24T14:39:58+00:00\",\"breadcrumb\":{\"@id\":\"https:\/\/bcnfighters.com\/que-es-bcn-fighters\/#breadcrumb\"},\"inLanguage\":\"en-GB\",\"potentialAction\":[{\"@type\":\"ReadAction\",\"target\":[\"https:\/\/bcnfighters.com\/que-es-bcn-fighters\/\"]}]},{\"@type\":\"BreadcrumbList\",\"@id\":\"https:\/\/bcnfighters.com\/que-es-bcn-fighters\/#breadcrumb\",\"itemListElement\":[{\"@type\":\"ListItem\",\"position\":1,\"name\":\"Home\",\"item\":\"https:\/\/bcnfighters.com\/\"},{\"@type\":\"ListItem\",\"position\":2,\"name\":\"\u00bfQu\u00e9 es BCN fighters?\"}]},{\"@type\":\"WebSite\",\"@id\":\"https:\/\/bcnfighters.com\/#website\",\"url\":\"https:\/\/bcnfighters.com\/\",\"name\":\"Barcelona Fighters\",\"description\":\"BCN Fighters\",\"publisher\":{\"@id\":\"https:\/\/bcnfighters.com\/#organization\"},\"potentialAction\":[{\"@type\":\"SearchAction\",\"target\":{\"@type\":\"EntryPoint\",\"urlTemplate\":\"https:\/\/bcnfighters.com\/?s={search_term_string}\"},\"query-input\":\"required name=search_term_string\"}],\"inLanguage\":\"en-GB\"},{\"@type\":\"Organization\",\"@id\":\"https:\/\/bcnfighters.com\/#organization\",\"name\":\"BCN Fighters\",\"url\":\"https:\/\/bcnfighters.com\/\",\"logo\":{\"@type\":\"ImageObject\",\"inLanguage\":\"en-GB\",\"@id\":\"https:\/\/bcnfighters.com\/#\/schema\/logo\/image\/\",\"url\":\"https:\/\/bcnfighters.com\/wp-content\/uploads\/2018\/09\/41704077_1011933935676150_5661803671168483328_n-e1536854838466.png\",\"contentUrl\":\"https:\/\/bcnfighters.com\/wp-content\/uploads\/2018\/09\/41704077_1011933935676150_5661803671168483328_n-e1536854838466.png\",\"width\":170,\"height\":95,\"caption\":\"BCN Fighters\"},\"image\":{\"@id\":\"https:\/\/bcnfighters.com\/#\/schema\/logo\/image\/\"},\"sameAs\":[\"https:\/\/www.instagram.com\/bcnfighters\/\",\"https:\/\/www.youtube.com\/channel\/UCL2jRKMl-N3qep3BdXKOVNQ\",\"https:\/\/twitter.com\/bcnfighters\"]}]}<\/script>\n<!-- \/ Yoast SEO plugin. -->","yoast_head_json":{"title":"\u00bfQu\u00e9 es BCN fighters? | BCN Fighters","robots":{"index":"index","follow":"follow","max-snippet":"max-snippet:-1","max-image-preview":"max-image-preview:large","max-video-preview":"max-video-preview:-1"},"canonical":"http:\/\/bcnfighters.com\/en\/que-es-bcn-fighters\/","og_locale":"en_GB","og_type":"article","og_title":"\u00bfQu\u00e9 es BCN fighters? | BCN Fighters","og_description":"\u00bfQU\u00c9 ES BCN FIGHTERS? Barcelona Fighters nace de la uni\u00f3n de Villa Jueguito y Arkham Team, aunando as\u00ed 10 a\u00f1os de experiencia en organizaci\u00f3n de torneos con el contenido audiovisual y streamings. En 2020 pasamos a formar parte de Good Gaming Group y juntos, con la ilusi\u00f3n de revolucionar la escena de los juegos de&hellip;&nbsp;Read More &raquo;\u00bfQu\u00e9 es BCN fighters?","og_url":"http:\/\/bcnfighters.com\/en\/que-es-bcn-fighters\/","og_site_name":"BCN Fighters","article_modified_time":"2022-06-24T14:39:58+00:00","og_image":[{"url":"https:\/\/bcnfighters.com\/wp-content\/uploads\/2019\/11\/marcas-1024x391.jpg"}],"twitter_card":"summary_large_image","twitter_site":"@bcnfighters","twitter_misc":{"Estimated reading time":"6 minutes"},"schema":{"@context":"https:\/\/schema.org","@graph":[{"@type":"WebPage","@id":"https:\/\/bcnfighters.com\/que-es-bcn-fighters\/","url":"https:\/\/bcnfighters.com\/que-es-bcn-fighters\/","name":"\u00bfQu\u00e9 es BCN fighters? | BCN Fighters","isPartOf":{"@id":"https:\/\/bcnfighters.com\/#website"},"datePublished":"2018-09-10T09:08:34+00:00","dateModified":"2022-06-24T14:39:58+00:00","breadcrumb":{"@id":"https:\/\/bcnfighters.com\/que-es-bcn-fighters\/#breadcrumb"},"inLanguage":"en-GB","potentialAction":[{"@type":"ReadAction","target":["https:\/\/bcnfighters.com\/que-es-bcn-fighters\/"]}]},{"@type":"BreadcrumbList","@id":"https:\/\/bcnfighters.com\/que-es-bcn-fighters\/#breadcrumb","itemListElement":[{"@type":"ListItem","position":1,"name":"Home","item":"https:\/\/bcnfighters.com\/"},{"@type":"ListItem","position":2,"name":"\u00bfQu\u00e9 es BCN fighters?"}]},{"@type":"WebSite","@id":"https:\/\/bcnfighters.com\/#website","url":"https:\/\/bcnfighters.com\/","name":"Barcelona Fighters","description":"BCN Fighters","publisher":{"@id":"https:\/\/bcnfighters.com\/#organization"},"potentialAction":[{"@type":"SearchAction","target":{"@type":"EntryPoint","urlTemplate":"https:\/\/bcnfighters.com\/?s={search_term_string}"},"query-input":"required name=search_term_string"}],"inLanguage":"en-GB"},{"@type":"Organization","@id":"https:\/\/bcnfighters.com\/#organization","name":"BCN Fighters","url":"https:\/\/bcnfighters.com\/","logo":{"@type":"ImageObject","inLanguage":"en-GB","@id":"https:\/\/bcnfighters.com\/#\/schema\/logo\/image\/","url":"https:\/\/bcnfighters.com\/wp-content\/uploads\/2018\/09\/41704077_1011933935676150_5661803671168483328_n-e1536854838466.png","contentUrl":"https:\/\/bcnfighters.com\/wp-content\/uploads\/2018\/09\/41704077_1011933935676150_5661803671168483328_n-e1536854838466.png","width":170,"height":95,"caption":"BCN Fighters"},"image":{"@id":"https:\/\/bcnfighters.com\/#\/schema\/logo\/image\/"},"sameAs":["https:\/\/www.instagram.com\/bcnfighters\/","https:\/\/www.youtube.com\/channel\/UCL2jRKMl-N3qep3BdXKOVNQ","https:\/\/twitter.com\/bcnfighters"]}]}},"_links":{"self":[{"href":"http:\/\/bcnfighters.com\/en\/wp-json\/wp\/v2\/pages\/2257"}],"collection":[{"href":"http:\/\/bcnfighters.com\/en\/wp-json\/wp\/v2\/pages"}],"about":[{"href":"http:\/\/bcnfighters.com\/en\/wp-json\/wp\/v2\/types\/page"}],"author":[{"embeddable":true,"href":"http:\/\/bcnfighters.com\/en\/wp-json\/wp\/v2\/users\/4"}],"replies":[{"embeddable":true,"href":"http:\/\/bcnfighters.com\/en\/wp-json\/wp\/v2\/comments?post=2257"}],"version-history":[{"count":100,"href":"http:\/\/bcnfighters.com\/en\/wp-json\/wp\/v2\/pages\/2257\/revisions"}],"predecessor-version":[{"id":16963,"href":"http:\/\/bcnfighters.com\/en\/wp-json\/wp\/v2\/pages\/2257\/revisions\/16963"}],"wp:attachment":[{"href":"http:\/\/bcnfighters.com\/en\/wp-json\/wp\/v2\/media?parent=2257"}],"curies":[{"name":"wp","href":"https:\/\/api.w.org\/{rel}","templated":true}]}}