{"id":3364,"date":"2018-10-06T20:19:14","date_gmt":"2018-10-06T18:19:14","guid":{"rendered":"https:\/\/bcnfighters.com\/?page_id=3364"},"modified":"2021-07-03T15:39:27","modified_gmt":"2021-07-03T13:39:27","slug":"versus-dragon-rush","status":"publish","type":"page","link":"https:\/\/bcnfighters.com\/en\/versus-dragon-rush\/","title":{"rendered":"Versus Dragon Rush"},"content":{"rendered":"<div data-elementor-type=\"wp-page\" data-elementor-id=\"3364\" class=\"elementor elementor-3364\">\n\t\t\t\t\t\t\t\t\t<section class=\"elementor-section elementor-top-section elementor-element elementor-element-37131fd elementor-section-full_width elementor-section-stretched elementor-section-height-default elementor-section-height-default\" data-id=\"37131fd\" data-element_type=\"section\" data-settings=\"{&quot;stretch_section&quot;:&quot;section-stretched&quot;,&quot;background_background&quot;:&quot;classic&quot;}\">\n\t\t\t\t\t\t<div class=\"elementor-container elementor-column-gap-no\">\n\t\t\t\t\t<div class=\"elementor-column elementor-col-100 elementor-top-column elementor-element elementor-element-35d9676\" data-id=\"35d9676\" data-element_type=\"column\">\n\t\t\t<div class=\"elementor-widget-wrap elementor-element-populated\">\n\t\t\t\t\t\t\t\t<div class=\"elementor-element elementor-element-1d274c9 elementor-widget elementor-widget-spacer\" data-id=\"1d274c9\" data-element_type=\"widget\" data-widget_type=\"spacer.default\">\n\t\t\t\t<div class=\"elementor-widget-container\">\n\t\t\t\t\t<div class=\"elementor-spacer\">\n\t\t\t<div class=\"elementor-spacer-inner\"><\/div>\n\t\t<\/div>\n\t\t\t\t<\/div>\n\t\t\t\t<\/div>\n\t\t\t\t<div class=\"elementor-element elementor-element-1da6a23 elementor-widget elementor-widget-image\" data-id=\"1da6a23\" data-element_type=\"widget\" data-widget_type=\"image.default\">\n\t\t\t\t<div class=\"elementor-widget-container\">\n\t\t\t\t\t\t\t\t\t\t\t\t\t\t\t<img width=\"768\" height=\"515\" src=\"https:\/\/bcnfighters.com\/wp-content\/uploads\/revslider\/slider-temporal1\/52590179_298703404150096_1594218141456531456_n-768x515.png\" class=\"attachment-medium_large size-medium_large\" alt=\"\" srcset=\"https:\/\/bcnfighters.com\/wp-content\/uploads\/revslider\/slider-temporal1\/52590179_298703404150096_1594218141456531456_n-768x515.png 768w, https:\/\/bcnfighters.com\/wp-content\/uploads\/revslider\/slider-temporal1\/52590179_298703404150096_1594218141456531456_n-e1624474920106.png 600w, https:\/\/bcnfighters.com\/wp-content\/uploads\/revslider\/slider-temporal1\/52590179_298703404150096_1594218141456531456_n-300x201.png 300w, https:\/\/bcnfighters.com\/wp-content\/uploads\/revslider\/slider-temporal1\/52590179_298703404150096_1594218141456531456_n-1024x687.png 1024w\" sizes=\"(max-width: 768px) 100vw, 768px\" \/>\t\t\t\t\t\t\t\t\t\t\t\t\t\t\t<\/div>\n\t\t\t\t<\/div>\n\t\t\t\t<div class=\"elementor-element elementor-element-49e9fb9 elementor-widget elementor-widget-spacer\" data-id=\"49e9fb9\" data-element_type=\"widget\" data-widget_type=\"spacer.default\">\n\t\t\t\t<div class=\"elementor-widget-container\">\n\t\t\t\t\t<div class=\"elementor-spacer\">\n\t\t\t<div class=\"elementor-spacer-inner\"><\/div>\n\t\t<\/div>\n\t\t\t\t<\/div>\n\t\t\t\t<\/div>\n\t\t\t\t\t<\/div>\n\t\t<\/div>\n\t\t\t\t\t\t\t<\/div>\n\t\t<\/section>\n\t\t\t\t<section class=\"elementor-section elementor-top-section elementor-element elementor-element-73a0a83 elementor-section-stretched elementor-section-boxed elementor-section-height-default elementor-section-height-default\" data-id=\"73a0a83\" data-element_type=\"section\" data-settings=\"{&quot;stretch_section&quot;:&quot;section-stretched&quot;}\">\n\t\t\t\t\t\t<div class=\"elementor-container elementor-column-gap-default\">\n\t\t\t\t\t<div class=\"elementor-column elementor-col-100 elementor-top-column elementor-element elementor-element-0168c00\" data-id=\"0168c00\" data-element_type=\"column\">\n\t\t\t<div class=\"elementor-widget-wrap elementor-element-populated\">\n\t\t\t\t\t\t\t\t<div class=\"elementor-element elementor-element-e19744a elementor-widget elementor-widget-spacer\" data-id=\"e19744a\" data-element_type=\"widget\" data-widget_type=\"spacer.default\">\n\t\t\t\t<div class=\"elementor-widget-container\">\n\t\t\t\t\t<div class=\"elementor-spacer\">\n\t\t\t<div class=\"elementor-spacer-inner\"><\/div>\n\t\t<\/div>\n\t\t\t\t<\/div>\n\t\t\t\t<\/div>\n\t\t\t\t<div class=\"elementor-element elementor-element-ae0225b elementor-widget elementor-widget-heading\" data-id=\"ae0225b\" data-element_type=\"widget\" data-widget_type=\"heading.default\">\n\t\t\t\t<div class=\"elementor-widget-container\">\n\t\t\t<h6 class=\"elementor-heading-title elementor-size-default\">Torneos presenciales y online de Dragon Ball Fighter Z.\n\nEl Dragon Rush, celebrado el 2018 en el Movistar Centre de Barcelona, bat\u00eda todos los r\u00e9cords acogiendo a m\u00e1s de 200 personas y superando los 2600 espectadores en stream, ahora, en 2019 damos un paso al frente y llevaremos nuestros torneos por todo el territorio espa\u00f1ol.  Participa, compite, conoce a gente con tu misma afici\u00f3n y \u00fanete a la lucha. \u00a1Forma parte del futuro y ap\u00fantate ya al siguiente Versus Dragon Rush!\n\n<\/h6>\t\t<\/div>\n\t\t\t\t<\/div>\n\t\t\t\t<div class=\"elementor-element elementor-element-b5b37fc elementor-widget elementor-widget-spacer\" data-id=\"b5b37fc\" data-element_type=\"widget\" data-widget_type=\"spacer.default\">\n\t\t\t\t<div class=\"elementor-widget-container\">\n\t\t\t\t\t<div class=\"elementor-spacer\">\n\t\t\t<div class=\"elementor-spacer-inner\"><\/div>\n\t\t<\/div>\n\t\t\t\t<\/div>\n\t\t\t\t<\/div>\n\t\t\t\t\t<\/div>\n\t\t<\/div>\n\t\t\t\t\t\t\t<\/div>\n\t\t<\/section>\n\t\t\t\t<section class=\"elementor-section elementor-top-section elementor-element elementor-element-be7bba2 elementor-section-full_width elementor-section-stretched elementor-section-height-default elementor-section-height-default\" data-id=\"be7bba2\" data-element_type=\"section\" data-settings=\"{&quot;stretch_section&quot;:&quot;section-stretched&quot;}\">\n\t\t\t\t\t\t<div class=\"elementor-container elementor-column-gap-default\">\n\t\t\t\t\t<div class=\"elementor-column elementor-col-100 elementor-top-column elementor-element elementor-element-19cffe1\" data-id=\"19cffe1\" data-element_type=\"column\">\n\t\t\t<div class=\"elementor-widget-wrap elementor-element-populated\">\n\t\t\t\t\t\t\t\t<div class=\"elementor-element elementor-element-da2432f elementor-widget elementor-widget-heading\" data-id=\"da2432f\" data-element_type=\"widget\" data-widget_type=\"heading.default\">\n\t\t\t\t<div class=\"elementor-widget-container\">\n\t\t\t<h5 class=\"elementor-heading-title elementor-size-default\">VERSUS DRAGON RUSH ANTERIORES:<\/h5>\t\t<\/div>\n\t\t\t\t<\/div>\n\t\t\t\t<section class=\"elementor-section elementor-inner-section elementor-element elementor-element-17551e3 elementor-section-boxed elementor-section-height-default elementor-section-height-default\" data-id=\"17551e3\" data-element_type=\"section\">\n\t\t\t\t\t\t<div class=\"elementor-container elementor-column-gap-default\">\n\t\t\t\t\t<div class=\"elementor-column elementor-col-50 elementor-inner-column elementor-element elementor-element-0ca3f7b\" data-id=\"0ca3f7b\" data-element_type=\"column\">\n\t\t\t<div class=\"elementor-widget-wrap elementor-element-populated\">\n\t\t\t\t\t\t\t\t<div class=\"elementor-element elementor-element-d45749c elementor-widget elementor-widget-html\" data-id=\"d45749c\" data-element_type=\"widget\" data-widget_type=\"html.default\">\n\t\t\t\t<div class=\"elementor-widget-container\">\n\t\t\t<iframe width=\"560\" height=\"315\" src=\"https:\/\/www.youtube.com\/embed\/videoseries?list=PLLSeJwGYxuaTMw4h7ZXw3lBGHWIboJzFQ\" title=\"YouTube video player\" frameborder=\"0\" allow=\"accelerometer; autoplay; clipboard-write; encrypted-media; gyroscope; picture-in-picture\" allowfullscreen><\/iframe>\t\t<\/div>\n\t\t\t\t<\/div>\n\t\t\t\t\t<\/div>\n\t\t<\/div>\n\t\t\t\t<div class=\"elementor-column elementor-col-50 elementor-inner-column elementor-element elementor-element-3f1e464\" data-id=\"3f1e464\" data-element_type=\"column\">\n\t\t\t<div class=\"elementor-widget-wrap elementor-element-populated\">\n\t\t\t\t\t\t\t\t<div class=\"elementor-element elementor-element-7e3c479 elementor-widget elementor-widget-html\" data-id=\"7e3c479\" data-element_type=\"widget\" data-widget_type=\"html.default\">\n\t\t\t\t<div class=\"elementor-widget-container\">\n\t\t\t<iframe width=\"560\" height=\"315\" src=\"https:\/\/www.youtube.com\/embed\/videoseries?list=PLLSeJwGYxuaTXRAH5WZ5XPiceY2oMo4mn\" title=\"YouTube video player\" frameborder=\"0\" allow=\"accelerometer; autoplay; clipboard-write; encrypted-media; gyroscope; picture-in-picture\" allowfullscreen><\/iframe>\t\t<\/div>\n\t\t\t\t<\/div>\n\t\t\t\t\t<\/div>\n\t\t<\/div>\n\t\t\t\t\t\t\t<\/div>\n\t\t<\/section>\n\t\t\t\t\t<\/div>\n\t\t<\/div>\n\t\t\t\t\t\t\t<\/div>\n\t\t<\/section>\n\t\t\t\t\t\t\t<\/div>","protected":false},"excerpt":{"rendered":"<p>Torneos presenciales y online de Dragon Ball Fighter Z. El Dragon Rush, celebrado el 2018 en el Movistar Centre de Barcelona, bat\u00eda todos los r\u00e9cords acogiendo a m\u00e1s de 200 personas y superando los 2600 espectadores en stream, ahora, en 2019 damos un paso al frente y llevaremos nuestros torneos por todo el territorio espa\u00f1ol.&hellip;&nbsp;<a href=\"https:\/\/bcnfighters.com\/en\/versus-dragon-rush\/\" class=\"\" rel=\"bookmark\">Read More &raquo;<span class=\"screen-reader-text\">Versus Dragon Rush<\/span><\/a><\/p>","protected":false},"author":4,"featured_media":0,"parent":0,"menu_order":0,"comment_status":"closed","ping_status":"closed","template":"","meta":{"_mi_skip_tracking":false,"neve_meta_sidebar":"","neve_meta_container":"","neve_meta_enable_content_width":"off","neve_meta_content_width":0,"neve_meta_title_alignment":"","neve_meta_author_avatar":"","neve_post_elements_order":"","neve_meta_disable_header":"","neve_meta_disable_footer":"","neve_meta_disable_title":"on"},"yoast_head":"<!-- This site is optimized with the Yoast SEO plugin v19.13 - https:\/\/yoast.com\/wordpress\/plugins\/seo\/ -->\n<title>Versus Dragon Rush | BCN Fighters<\/title>\n<meta name=\"description\" content=\"Todas las noticias y novedades del Dragon Rush Tour. Torneos presenciales de Dragon Ball Fighter Z que se celebran en Barcelona\" \/>\n<meta name=\"robots\" content=\"index, follow, max-snippet:-1, max-image-preview:large, max-video-preview:-1\" \/>\n<link rel=\"canonical\" href=\"https:\/\/bcnfighters.com\/en\/versus-dragon-rush\/\" \/>\n<meta property=\"og:locale\" content=\"en_GB\" \/>\n<meta property=\"og:type\" content=\"article\" \/>\n<meta property=\"og:title\" content=\"Versus Dragon Rush | BCN Fighters\" \/>\n<meta property=\"og:description\" content=\"Todas las noticias y novedades del Dragon Rush Tour. Torneos presenciales de Dragon Ball Fighter Z que se celebran en Barcelona\" \/>\n<meta property=\"og:url\" content=\"https:\/\/bcnfighters.com\/en\/versus-dragon-rush\/\" \/>\n<meta property=\"og:site_name\" content=\"BCN Fighters\" \/>\n<meta property=\"article:modified_time\" content=\"2021-07-03T13:39:27+00:00\" \/>\n<meta property=\"og:image\" content=\"https:\/\/bcnfighters.com\/wp-content\/uploads\/revslider\/slider-temporal1\/52590179_298703404150096_1594218141456531456_n-768x515.png\" \/>\n<meta name=\"twitter:card\" content=\"summary_large_image\" \/>\n<meta name=\"twitter:site\" content=\"@bcnfighters\" \/>\n<meta name=\"twitter:label1\" content=\"Estimated reading time\" \/>\n\t<meta name=\"twitter:data1\" content=\"1 minute\" \/>\n<script type=\"application\/ld+json\" class=\"yoast-schema-graph\">{\"@context\":\"https:\/\/schema.org\",\"@graph\":[{\"@type\":\"WebPage\",\"@id\":\"https:\/\/bcnfighters.com\/versus-dragon-rush\/\",\"url\":\"https:\/\/bcnfighters.com\/versus-dragon-rush\/\",\"name\":\"Versus Dragon Rush | BCN Fighters\",\"isPartOf\":{\"@id\":\"https:\/\/bcnfighters.com\/#website\"},\"datePublished\":\"2018-10-06T18:19:14+00:00\",\"dateModified\":\"2021-07-03T13:39:27+00:00\",\"description\":\"Todas las noticias y novedades del Dragon Rush Tour. Torneos presenciales de Dragon Ball Fighter Z que se celebran en Barcelona\",\"breadcrumb\":{\"@id\":\"https:\/\/bcnfighters.com\/versus-dragon-rush\/#breadcrumb\"},\"inLanguage\":\"en-GB\",\"potentialAction\":[{\"@type\":\"ReadAction\",\"target\":[\"https:\/\/bcnfighters.com\/versus-dragon-rush\/\"]}]},{\"@type\":\"BreadcrumbList\",\"@id\":\"https:\/\/bcnfighters.com\/versus-dragon-rush\/#breadcrumb\",\"itemListElement\":[{\"@type\":\"ListItem\",\"position\":1,\"name\":\"Home\",\"item\":\"https:\/\/bcnfighters.com\/\"},{\"@type\":\"ListItem\",\"position\":2,\"name\":\"Versus Dragon Rush\"}]},{\"@type\":\"WebSite\",\"@id\":\"https:\/\/bcnfighters.com\/#website\",\"url\":\"https:\/\/bcnfighters.com\/\",\"name\":\"Barcelona Fighters\",\"description\":\"BCN Fighters\",\"publisher\":{\"@id\":\"https:\/\/bcnfighters.com\/#organization\"},\"potentialAction\":[{\"@type\":\"SearchAction\",\"target\":{\"@type\":\"EntryPoint\",\"urlTemplate\":\"https:\/\/bcnfighters.com\/?s={search_term_string}\"},\"query-input\":\"required name=search_term_string\"}],\"inLanguage\":\"en-GB\"},{\"@type\":\"Organization\",\"@id\":\"https:\/\/bcnfighters.com\/#organization\",\"name\":\"BCN Fighters\",\"url\":\"https:\/\/bcnfighters.com\/\",\"logo\":{\"@type\":\"ImageObject\",\"inLanguage\":\"en-GB\",\"@id\":\"https:\/\/bcnfighters.com\/#\/schema\/logo\/image\/\",\"url\":\"https:\/\/bcnfighters.com\/wp-content\/uploads\/2018\/09\/41704077_1011933935676150_5661803671168483328_n-e1536854838466.png\",\"contentUrl\":\"https:\/\/bcnfighters.com\/wp-content\/uploads\/2018\/09\/41704077_1011933935676150_5661803671168483328_n-e1536854838466.png\",\"width\":170,\"height\":95,\"caption\":\"BCN Fighters\"},\"image\":{\"@id\":\"https:\/\/bcnfighters.com\/#\/schema\/logo\/image\/\"},\"sameAs\":[\"https:\/\/www.instagram.com\/bcnfighters\/\",\"https:\/\/www.youtube.com\/channel\/UCL2jRKMl-N3qep3BdXKOVNQ\",\"https:\/\/twitter.com\/bcnfighters\"]}]}<\/script>\n<!-- \/ Yoast SEO plugin. -->","yoast_head_json":{"title":"Versus Dragon Rush | BCN Fighters","description":"Todas las noticias y novedades del Dragon Rush Tour. Torneos presenciales de Dragon Ball Fighter Z que se celebran en Barcelona","robots":{"index":"index","follow":"follow","max-snippet":"max-snippet:-1","max-image-preview":"max-image-preview:large","max-video-preview":"max-video-preview:-1"},"canonical":"https:\/\/bcnfighters.com\/en\/versus-dragon-rush\/","og_locale":"en_GB","og_type":"article","og_title":"Versus Dragon Rush | BCN Fighters","og_description":"Todas las noticias y novedades del Dragon Rush Tour. Torneos presenciales de Dragon Ball Fighter Z que se celebran en Barcelona","og_url":"https:\/\/bcnfighters.com\/en\/versus-dragon-rush\/","og_site_name":"BCN Fighters","article_modified_time":"2021-07-03T13:39:27+00:00","og_image":[{"url":"https:\/\/bcnfighters.com\/wp-content\/uploads\/revslider\/slider-temporal1\/52590179_298703404150096_1594218141456531456_n-768x515.png"}],"twitter_card":"summary_large_image","twitter_site":"@bcnfighters","twitter_misc":{"Estimated reading time":"1 minute"},"schema":{"@context":"https:\/\/schema.org","@graph":[{"@type":"WebPage","@id":"https:\/\/bcnfighters.com\/versus-dragon-rush\/","url":"https:\/\/bcnfighters.com\/versus-dragon-rush\/","name":"Versus Dragon Rush | BCN Fighters","isPartOf":{"@id":"https:\/\/bcnfighters.com\/#website"},"datePublished":"2018-10-06T18:19:14+00:00","dateModified":"2021-07-03T13:39:27+00:00","description":"Todas las noticias y novedades del Dragon Rush Tour. Torneos presenciales de Dragon Ball Fighter Z que se celebran en Barcelona","breadcrumb":{"@id":"https:\/\/bcnfighters.com\/versus-dragon-rush\/#breadcrumb"},"inLanguage":"en-GB","potentialAction":[{"@type":"ReadAction","target":["https:\/\/bcnfighters.com\/versus-dragon-rush\/"]}]},{"@type":"BreadcrumbList","@id":"https:\/\/bcnfighters.com\/versus-dragon-rush\/#breadcrumb","itemListElement":[{"@type":"ListItem","position":1,"name":"Home","item":"https:\/\/bcnfighters.com\/"},{"@type":"ListItem","position":2,"name":"Versus Dragon Rush"}]},{"@type":"WebSite","@id":"https:\/\/bcnfighters.com\/#website","url":"https:\/\/bcnfighters.com\/","name":"Barcelona Fighters","description":"BCN Fighters","publisher":{"@id":"https:\/\/bcnfighters.com\/#organization"},"potentialAction":[{"@type":"SearchAction","target":{"@type":"EntryPoint","urlTemplate":"https:\/\/bcnfighters.com\/?s={search_term_string}"},"query-input":"required name=search_term_string"}],"inLanguage":"en-GB"},{"@type":"Organization","@id":"https:\/\/bcnfighters.com\/#organization","name":"BCN Fighters","url":"https:\/\/bcnfighters.com\/","logo":{"@type":"ImageObject","inLanguage":"en-GB","@id":"https:\/\/bcnfighters.com\/#\/schema\/logo\/image\/","url":"https:\/\/bcnfighters.com\/wp-content\/uploads\/2018\/09\/41704077_1011933935676150_5661803671168483328_n-e1536854838466.png","contentUrl":"https:\/\/bcnfighters.com\/wp-content\/uploads\/2018\/09\/41704077_1011933935676150_5661803671168483328_n-e1536854838466.png","width":170,"height":95,"caption":"BCN Fighters"},"image":{"@id":"https:\/\/bcnfighters.com\/#\/schema\/logo\/image\/"},"sameAs":["https:\/\/www.instagram.com\/bcnfighters\/","https:\/\/www.youtube.com\/channel\/UCL2jRKMl-N3qep3BdXKOVNQ","https:\/\/twitter.com\/bcnfighters"]}]}},"_links":{"self":[{"href":"https:\/\/bcnfighters.com\/en\/wp-json\/wp\/v2\/pages\/3364"}],"collection":[{"href":"https:\/\/bcnfighters.com\/en\/wp-json\/wp\/v2\/pages"}],"about":[{"href":"https:\/\/bcnfighters.com\/en\/wp-json\/wp\/v2\/types\/page"}],"author":[{"embeddable":true,"href":"https:\/\/bcnfighters.com\/en\/wp-json\/wp\/v2\/users\/4"}],"replies":[{"embeddable":true,"href":"https:\/\/bcnfighters.com\/en\/wp-json\/wp\/v2\/comments?post=3364"}],"version-history":[{"count":147,"href":"https:\/\/bcnfighters.com\/en\/wp-json\/wp\/v2\/pages\/3364\/revisions"}],"predecessor-version":[{"id":10259,"href":"https:\/\/bcnfighters.com\/en\/wp-json\/wp\/v2\/pages\/3364\/revisions\/10259"}],"wp:attachment":[{"href":"https:\/\/bcnfighters.com\/en\/wp-json\/wp\/v2\/media?parent=3364"}],"curies":[{"name":"wp","href":"https:\/\/api.w.org\/{rel}","templated":true}]}}