{"id":3388,"date":"2018-10-06T20:42:57","date_gmt":"2018-10-06T18:42:57","guid":{"rendered":"https:\/\/bcnfighters.com\/?page_id=3388"},"modified":"2021-07-02T18:54:31","modified_gmt":"2021-07-02T16:54:31","slug":"villajueguito-talkshow","status":"publish","type":"page","link":"https:\/\/bcnfighters.com\/en\/villajueguito-talkshow\/","title":{"rendered":"Villajueguito TalkShow"},"content":{"rendered":"<div data-elementor-type=\"wp-page\" data-elementor-id=\"3388\" class=\"elementor elementor-3388\">\n\t\t\t\t\t\t\t\t\t<section class=\"elementor-section elementor-top-section elementor-element elementor-element-92b61e8 elementor-section-full_width elementor-section-stretched elementor-section-height-default elementor-section-height-default\" data-id=\"92b61e8\" data-element_type=\"section\" data-settings=\"{&quot;stretch_section&quot;:&quot;section-stretched&quot;}\">\n\t\t\t\t\t\t<div class=\"elementor-container elementor-column-gap-no\">\n\t\t\t\t\t<div class=\"elementor-column elementor-col-100 elementor-top-column elementor-element elementor-element-3244c3e\" data-id=\"3244c3e\" data-element_type=\"column\">\n\t\t\t<div class=\"elementor-widget-wrap elementor-element-populated\">\n\t\t\t\t\t\t\t\t<div class=\"elementor-element elementor-element-0873cf5 elementor-widget elementor-widget-slider_revolution\" data-id=\"0873cf5\" data-element_type=\"widget\" data-widget_type=\"slider_revolution.default\">\n\t\t\t\t<div class=\"elementor-widget-container\">\n\t\t\t\r\n\t\t<div class=\"wp-block-themepunch-revslider\">\n\t\t\t<!-- START villa slide REVOLUTION SLIDER 6.5.2 --><p class=\"rs-p-wp-fix\"><\/p>\n\t\t\t<rs-module-wrap id=\"rev_slider_12_1_wrapper\" data-source=\"gallery\" style=\"visibility:hidden;background:transparent;padding:0;margin:0px auto;margin-top:0;margin-bottom:0;\">\n\t\t\t\t<rs-module id=\"rev_slider_12_1\" style=\"\" data-version=\"6.5.2\">\n\t\t\t\t\t<rs-slides>\n\t\t\t\t\t\t<rs-slide data-key=\"rs-43\" data-title=\"VILLAJUEGUITO TALKSHOW\" data-anim=\"e:slidingoverlay;ms:2000;\" data-in=\"x:(100%);\">\n\t\t\t\t\t\t\t<img src=\"\/\/bcnfighters.com\/wp-content\/plugins\/revslider\/public\/assets\/assets\/dummy.png\" alt=\"VILLAJUEGUITO TALKSHOW\" title=\"neon-villajueguito-talkshow-redes-2-WEB2-SLIDER2-SIN-HORARIO-sin-caras\" width=\"1200\" height=\"625\" class=\"rev-slidebg tp-rs-img rs-lazyload\" data-lazyload=\"\/\/bcnfighters.com\/wp-content\/plugins\/revslider\/public\/assets\/assets\/transparent.png\" data-parallax=\"off\" data-no-retina>\n<!--\n\t\t\t\t\t\t\t--><rs-layer\n\t\t\t\t\t\t\t\tid=\"slider-12-slide-43-layer-0\" \n\t\t\t\t\t\t\t\tdata-type=\"text\"\n\t\t\t\t\t\t\t\tdata-color=\"#d7bdfc\"\n\t\t\t\t\t\t\t\tdata-bsh=\"c:rgba(0,0,0,0.5);\"\n\t\t\t\t\t\t\t\tdata-tsh=\"c:rgba(0,0,0,0.75);h:7px,5px,3px,3px;v:7px,5px,3px,3px;b:10px,8px,6px,6px;\"\n\t\t\t\t\t\t\t\tdata-rsp_ch=\"on\"\n\t\t\t\t\t\t\t\tdata-xy=\"x:c;xo:0,0,-3px,-3px;y:m;yo:220px,177px,176px,176px;\"\n\t\t\t\t\t\t\t\tdata-text=\"w:normal;s:46,37,28,28;l:60,49,37,37;ls:-1,0,0,-1;\"\n\t\t\t\t\t\t\t\tdata-dim=\"minh:0px,none,none,0px;\"\n\t\t\t\t\t\t\t\tdata-frame_1=\"st:3390;sp:1500;sR:3390;\"\n\t\t\t\t\t\t\t\tdata-frame_999=\"o:0;e:power3.in;st:w;sp:1000;sR:4110;\"\n\t\t\t\t\t\t\t\tstyle=\"z-index:9;font-family:Shadows Into Light;\"\n\t\t\t\t\t\t\t>Wednesdays at 9:30 p.m. \n\t\t\t\t\t\t\t<\/rs-layer><!--\n\n\t\t\t\t\t\t\t--><rs-layer\n\t\t\t\t\t\t\t\tid=\"slider-12-slide-43-layer-1\" \n\t\t\t\t\t\t\t\tdata-type=\"image\"\n\t\t\t\t\t\t\t\tdata-rsp_ch=\"on\"\n\t\t\t\t\t\t\t\tdata-xy=\"x:r;y:b;\"\n\t\t\t\t\t\t\t\tdata-text=\"w:normal;s:20,16,12,12;l:0,20,15,15;\"\n\t\t\t\t\t\t\t\tdata-dim=\"w:177px,146px,110px,110px;h:262px,216px,164px,164px;\"\n\t\t\t\t\t\t\t\tdata-frame_1=\"st:2310;sp:1500;sR:2310;\"\n\t\t\t\t\t\t\t\tdata-frame_999=\"o:0;st:w;sp:1000;sR:5190;\"\n\t\t\t\t\t\t\t\tstyle=\"z-index:10;\"\n\t\t\t\t\t\t\t><img src=\"\/\/bcnfighters.com\/wp-content\/plugins\/revslider\/public\/assets\/assets\/dummy.png\" class=\"tp-rs-img rs-lazyload\" width=\"406\" height=\"600\" data-lazyload=\"\/\/bcnfighters.com\/wp-content\/uploads\/2019\/02\/51895254_2084717071595458_7936272313652084736_n.png\" data-no-retina> \n\t\t\t\t\t\t\t<\/rs-layer><!--\n\n\t\t\t\t\t\t\t--><rs-layer\n\t\t\t\t\t\t\t\tid=\"slider-12-slide-43-layer-2\" \n\t\t\t\t\t\t\t\tdata-type=\"image\"\n\t\t\t\t\t\t\t\tdata-rsp_ch=\"on\"\n\t\t\t\t\t\t\t\tdata-xy=\"x:r;\"\n\t\t\t\t\t\t\t\tdata-text=\"w:normal;s:20,16,12,12;l:0,20,15,15;\"\n\t\t\t\t\t\t\t\tdata-dim=\"w:192px,158px,120px,120px;h:242px,199px,151px,151px;\"\n\t\t\t\t\t\t\t\tdata-frame_1=\"st:2180;sp:1500;sR:2180;\"\n\t\t\t\t\t\t\t\tdata-frame_999=\"o:0;st:w;sp:1000;sR:5320;\"\n\t\t\t\t\t\t\t\tstyle=\"z-index:11;\"\n\t\t\t\t\t\t\t><img src=\"\/\/bcnfighters.com\/wp-content\/plugins\/revslider\/public\/assets\/assets\/dummy.png\" class=\"tp-rs-img rs-lazyload\" width=\"475\" height=\"600\" data-lazyload=\"\/\/bcnfighters.com\/wp-content\/uploads\/2019\/02\/51951457_585332805263775_9019114563466952704_n.png\" data-no-retina> \n\t\t\t\t\t\t\t<\/rs-layer><!--\n\n\t\t\t\t\t\t\t--><rs-layer\n\t\t\t\t\t\t\t\tid=\"slider-12-slide-43-layer-3\" \n\t\t\t\t\t\t\t\tdata-type=\"image\"\n\t\t\t\t\t\t\t\tdata-rsp_ch=\"on\"\n\t\t\t\t\t\t\t\tdata-text=\"w:normal;s:20,16,12,12;l:0,20,15,15;\"\n\t\t\t\t\t\t\t\tdata-dim=\"w:179px,147px,111px,111px;h:241px,199px,151px,151px;\"\n\t\t\t\t\t\t\t\tdata-frame_1=\"st:1900;sp:1500;sR:1900;\"\n\t\t\t\t\t\t\t\tdata-frame_999=\"o:0;st:w;sp:1000;sR:5600;\"\n\t\t\t\t\t\t\t\tstyle=\"z-index:13;\"\n\t\t\t\t\t\t\t><img src=\"\/\/bcnfighters.com\/wp-content\/plugins\/revslider\/public\/assets\/assets\/dummy.png\" class=\"tp-rs-img rs-lazyload\" width=\"445\" height=\"600\" data-lazyload=\"\/\/bcnfighters.com\/wp-content\/uploads\/2019\/02\/52401192_560218084383905_6302595822315896832_n.png\" data-no-retina> \n\t\t\t\t\t\t\t<\/rs-layer><!--\n\n\t\t\t\t\t\t\t--><rs-layer\n\t\t\t\t\t\t\t\tid=\"slider-12-slide-43-layer-4\" \n\t\t\t\t\t\t\t\tdata-type=\"image\"\n\t\t\t\t\t\t\t\tdata-rsp_ch=\"on\"\n\t\t\t\t\t\t\t\tdata-xy=\"y:b;\"\n\t\t\t\t\t\t\t\tdata-text=\"w:normal;s:20,16,12,12;l:0,20,15,15;\"\n\t\t\t\t\t\t\t\tdata-dim=\"w:221px,182px,138px,138px;h:311px,256px,194px,194px;\"\n\t\t\t\t\t\t\t\tdata-frame_1=\"e:power1.out;st:2020;sp:1500;sR:2020;\"\n\t\t\t\t\t\t\t\tdata-frame_999=\"o:0;st:w;sp:1000;sR:5480;\"\n\t\t\t\t\t\t\t\tstyle=\"z-index:12;\"\n\t\t\t\t\t\t\t><img src=\"\/\/bcnfighters.com\/wp-content\/plugins\/revslider\/public\/assets\/assets\/dummy.png\" class=\"tp-rs-img rs-lazyload\" width=\"426\" height=\"600\" data-lazyload=\"\/\/bcnfighters.com\/wp-content\/uploads\/2019\/02\/51940895_2285163578403395_8385826420265320448_n.png\" data-no-retina> \n\t\t\t\t\t\t\t<\/rs-layer><!--\n\n\t\t\t\t\t\t\t--><rs-layer\n\t\t\t\t\t\t\t\tid=\"slider-12-slide-43-layer-8\" \n\t\t\t\t\t\t\t\tdata-type=\"image\"\n\t\t\t\t\t\t\t\tdata-rsp_ch=\"on\"\n\t\t\t\t\t\t\t\tdata-xy=\"xo:-537px,-540px,-544px,-544px;yo:-172px,-153px,-136px,-136px;\"\n\t\t\t\t\t\t\t\tdata-text=\"w:normal;s:20,16,12,12;l:0,20,15,15;\"\n\t\t\t\t\t\t\t\tdata-dim=\"w:2233px,2036.99px,1828px,1828px;h:1163px,1061px,952px,952px;\"\n\t\t\t\t\t\t\t\tdata-frame_999=\"o:0;st:w;\"\n\t\t\t\t\t\t\t\tstyle=\"z-index:8;\"\n\t\t\t\t\t\t\t><img src=\"\/\/bcnfighters.com\/wp-content\/plugins\/revslider\/public\/assets\/assets\/dummy.png\" class=\"tp-rs-img rs-lazyload\" width=\"1200\" height=\"625\" data-lazyload=\"\/\/bcnfighters.com\/wp-content\/uploads\/2020\/01\/neon-villajueguito-talkshow-redes-2-WEB2-SLIDER2-SIN-HORARIO-sin-caras-e1624475991799.gif\" data-no-retina> \n\t\t\t\t\t\t\t<\/rs-layer><!--\n-->\t\t\t\t\t\t<\/rs-slide>\n\t\t\t\t\t<\/rs-slides>\n\t\t\t\t<\/rs-module>\n\t\t\t\t<script type=\"text\/javascript\">\n\t\t\t\t\tsetREVStartSize({c: 'rev_slider_12_1',rl:[1240,1024,768,768],el:[720,700,700,700],gw:[1240,1024,778,778],gh:[720,700,700,700],type:'hero',justify:'',layout:'fullwidth',mh:\"0\"});\n\t\t\t\t<\/script>\n\t\t\t<\/rs-module-wrap>\n\t\t\t<!-- END REVOLUTION SLIDER -->\n<\/div>\r\n\r\n\t\t\t\t<\/div>\n\t\t\t\t<\/div>\n\t\t\t\t\t<\/div>\n\t\t<\/div>\n\t\t\t\t\t\t\t<\/div>\n\t\t<\/section>\n\t\t\t\t<section class=\"elementor-section elementor-top-section elementor-element elementor-element-7ef3268 elementor-section-boxed elementor-section-height-default elementor-section-height-default\" data-id=\"7ef3268\" data-element_type=\"section\">\n\t\t\t\t\t\t<div class=\"elementor-container elementor-column-gap-default\">\n\t\t\t\t\t<div class=\"elementor-column elementor-col-100 elementor-top-column elementor-element elementor-element-0204a2e\" data-id=\"0204a2e\" data-element_type=\"column\">\n\t\t\t<div class=\"elementor-widget-wrap elementor-element-populated\">\n\t\t\t\t\t\t\t\t<div class=\"elementor-element elementor-element-18db713 elementor-widget elementor-widget-spacer\" data-id=\"18db713\" data-element_type=\"widget\" data-widget_type=\"spacer.default\">\n\t\t\t\t<div class=\"elementor-widget-container\">\n\t\t\t\t\t<div class=\"elementor-spacer\">\n\t\t\t<div class=\"elementor-spacer-inner\"><\/div>\n\t\t<\/div>\n\t\t\t\t<\/div>\n\t\t\t\t<\/div>\n\t\t\t\t<div class=\"elementor-element elementor-element-844ceff elementor-widget elementor-widget-heading\" data-id=\"844ceff\" data-element_type=\"widget\" data-widget_type=\"heading.default\">\n\t\t\t\t<div class=\"elementor-widget-container\">\n\t\t\t<h2 class=\"elementor-heading-title elementor-size-default\">PAST TALKSHOWS<\/h2>\t\t<\/div>\n\t\t\t\t<\/div>\n\t\t\t\t<div class=\"elementor-element elementor-element-c8ffb29 elementor-widget elementor-widget-spacer\" data-id=\"c8ffb29\" data-element_type=\"widget\" data-widget_type=\"spacer.default\">\n\t\t\t\t<div class=\"elementor-widget-container\">\n\t\t\t\t\t<div class=\"elementor-spacer\">\n\t\t\t<div class=\"elementor-spacer-inner\"><\/div>\n\t\t<\/div>\n\t\t\t\t<\/div>\n\t\t\t\t<\/div>\n\t\t\t\t<div class=\"elementor-element elementor-element-3f27769 elementor-widget elementor-widget-text-editor\" data-id=\"3f27769\" data-element_type=\"widget\" data-widget_type=\"text-editor.default\">\n\t\t\t\t<div class=\"elementor-widget-container\">\n\t\t\t\t\t\t\t<p><span style=\"color: #ffffff;\">Here is the playlist of our YouTube channel with our past TalkShows.<\/span><\/p><p><span style=\"color: #ffffff;\">If you want to see our programs live, watch us on<\/span>\u00a0<a href=\"https:\/\/www.twitch.tv\/bcnfighters\" target=\"_blank\" rel=\"noopener noreferrer\">twitch.tv<\/a>\u00a0<span style=\"color: #ffffff;\">cada Mi\u00e9rcoles a partir de las 21:30.<\/span><\/p>\t\t\t\t\t\t<\/div>\n\t\t\t\t<\/div>\n\t\t\t\t<div class=\"elementor-element elementor-element-79fa99d elementor-widget elementor-widget-html\" data-id=\"79fa99d\" data-element_type=\"widget\" data-widget_type=\"html.default\">\n\t\t\t\t<div class=\"elementor-widget-container\">\n\t\t\t<iframe width=\"560\" height=\"415\" src=\"https:\/\/www.youtube.com\/embed\/videoseries?list=PLLSeJwGYxuaTKG4_EmchkNWPPNk82uzG7\" title=\"YouTube video player\" frameborder=\"0\" allow=\"accelerometer; autoplay; clipboard-write; encrypted-media; gyroscope; picture-in-picture\" allowfullscreen><\/iframe>\t\t<\/div>\n\t\t\t\t<\/div>\n\t\t\t\t\t<\/div>\n\t\t<\/div>\n\t\t\t\t\t\t\t<\/div>\n\t\t<\/section>\n\t\t\t\t\t\t\t<\/div>","protected":false},"excerpt":{"rendered":"<p>TALKSHOWS PASADOS Aqu\u00ed tienes la lista de reproducci\u00f3n de nuestro canal de youtube con nuestros TalkShows pasados. Si quieres ver nuestros programas en directo, m\u00edranos en nuestro\u00a0twitch.tv\u00a0cada Mi\u00e9rcoles a partir de las 21:30.<\/p>","protected":false},"author":4,"featured_media":0,"parent":0,"menu_order":0,"comment_status":"closed","ping_status":"closed","template":"","meta":{"_mi_skip_tracking":false,"neve_meta_sidebar":"","neve_meta_container":"","neve_meta_enable_content_width":"off","neve_meta_content_width":0,"neve_meta_title_alignment":"","neve_meta_author_avatar":"","neve_post_elements_order":"","neve_meta_disable_header":"","neve_meta_disable_footer":"","neve_meta_disable_title":"on"},"yoast_head":"<!-- This site is optimized with the Yoast SEO plugin v19.13 - https:\/\/yoast.com\/wordpress\/plugins\/seo\/ -->\n<title>Villajueguito TalkShow | BCN Fighters<\/title>\n<meta name=\"robots\" content=\"index, follow, max-snippet:-1, max-image-preview:large, max-video-preview:-1\" \/>\n<link rel=\"canonical\" href=\"https:\/\/bcnfighters.com\/en\/villajueguito-talkshow\/\" \/>\n<meta property=\"og:locale\" content=\"en_GB\" \/>\n<meta property=\"og:type\" content=\"article\" \/>\n<meta property=\"og:title\" content=\"Villajueguito TalkShow | BCN Fighters\" \/>\n<meta property=\"og:description\" content=\"TALKSHOWS PASADOS Aqu\u00ed tienes la lista de reproducci\u00f3n de nuestro canal de youtube con nuestros TalkShows pasados. Si quieres ver nuestros programas en directo, m\u00edranos en nuestro\u00a0twitch.tv\u00a0cada Mi\u00e9rcoles a partir de las 21:30.\" \/>\n<meta property=\"og:url\" content=\"https:\/\/bcnfighters.com\/en\/villajueguito-talkshow\/\" \/>\n<meta property=\"og:site_name\" content=\"BCN Fighters\" \/>\n<meta property=\"article:modified_time\" content=\"2021-07-02T16:54:31+00:00\" \/>\n<meta name=\"twitter:card\" content=\"summary_large_image\" \/>\n<meta name=\"twitter:site\" content=\"@bcnfighters\" \/>\n<meta name=\"twitter:label1\" content=\"Estimated reading time\" \/>\n\t<meta name=\"twitter:data1\" content=\"2 minutes\" \/>\n<script type=\"application\/ld+json\" class=\"yoast-schema-graph\">{\"@context\":\"https:\/\/schema.org\",\"@graph\":[{\"@type\":\"WebPage\",\"@id\":\"https:\/\/bcnfighters.com\/villajueguito-talkshow\/\",\"url\":\"https:\/\/bcnfighters.com\/villajueguito-talkshow\/\",\"name\":\"Villajueguito TalkShow | BCN Fighters\",\"isPartOf\":{\"@id\":\"https:\/\/bcnfighters.com\/#website\"},\"datePublished\":\"2018-10-06T18:42:57+00:00\",\"dateModified\":\"2021-07-02T16:54:31+00:00\",\"breadcrumb\":{\"@id\":\"https:\/\/bcnfighters.com\/villajueguito-talkshow\/#breadcrumb\"},\"inLanguage\":\"en-GB\",\"potentialAction\":[{\"@type\":\"ReadAction\",\"target\":[\"https:\/\/bcnfighters.com\/villajueguito-talkshow\/\"]}]},{\"@type\":\"BreadcrumbList\",\"@id\":\"https:\/\/bcnfighters.com\/villajueguito-talkshow\/#breadcrumb\",\"itemListElement\":[{\"@type\":\"ListItem\",\"position\":1,\"name\":\"Home\",\"item\":\"https:\/\/bcnfighters.com\/\"},{\"@type\":\"ListItem\",\"position\":2,\"name\":\"Villajueguito TalkShow\"}]},{\"@type\":\"WebSite\",\"@id\":\"https:\/\/bcnfighters.com\/#website\",\"url\":\"https:\/\/bcnfighters.com\/\",\"name\":\"Barcelona Fighters\",\"description\":\"BCN Fighters\",\"publisher\":{\"@id\":\"https:\/\/bcnfighters.com\/#organization\"},\"potentialAction\":[{\"@type\":\"SearchAction\",\"target\":{\"@type\":\"EntryPoint\",\"urlTemplate\":\"https:\/\/bcnfighters.com\/?s={search_term_string}\"},\"query-input\":\"required name=search_term_string\"}],\"inLanguage\":\"en-GB\"},{\"@type\":\"Organization\",\"@id\":\"https:\/\/bcnfighters.com\/#organization\",\"name\":\"BCN Fighters\",\"url\":\"https:\/\/bcnfighters.com\/\",\"logo\":{\"@type\":\"ImageObject\",\"inLanguage\":\"en-GB\",\"@id\":\"https:\/\/bcnfighters.com\/#\/schema\/logo\/image\/\",\"url\":\"https:\/\/bcnfighters.com\/wp-content\/uploads\/2018\/09\/41704077_1011933935676150_5661803671168483328_n-e1536854838466.png\",\"contentUrl\":\"https:\/\/bcnfighters.com\/wp-content\/uploads\/2018\/09\/41704077_1011933935676150_5661803671168483328_n-e1536854838466.png\",\"width\":170,\"height\":95,\"caption\":\"BCN Fighters\"},\"image\":{\"@id\":\"https:\/\/bcnfighters.com\/#\/schema\/logo\/image\/\"},\"sameAs\":[\"https:\/\/www.instagram.com\/bcnfighters\/\",\"https:\/\/www.youtube.com\/channel\/UCL2jRKMl-N3qep3BdXKOVNQ\",\"https:\/\/twitter.com\/bcnfighters\"]}]}<\/script>\n<!-- \/ Yoast SEO plugin. -->","yoast_head_json":{"title":"Villajueguito TalkShow | BCN Fighters","robots":{"index":"index","follow":"follow","max-snippet":"max-snippet:-1","max-image-preview":"max-image-preview:large","max-video-preview":"max-video-preview:-1"},"canonical":"https:\/\/bcnfighters.com\/en\/villajueguito-talkshow\/","og_locale":"en_GB","og_type":"article","og_title":"Villajueguito TalkShow | BCN Fighters","og_description":"TALKSHOWS PASADOS Aqu\u00ed tienes la lista de reproducci\u00f3n de nuestro canal de youtube con nuestros TalkShows pasados. Si quieres ver nuestros programas en directo, m\u00edranos en nuestro\u00a0twitch.tv\u00a0cada Mi\u00e9rcoles a partir de las 21:30.","og_url":"https:\/\/bcnfighters.com\/en\/villajueguito-talkshow\/","og_site_name":"BCN Fighters","article_modified_time":"2021-07-02T16:54:31+00:00","twitter_card":"summary_large_image","twitter_site":"@bcnfighters","twitter_misc":{"Estimated reading time":"2 minutes"},"schema":{"@context":"https:\/\/schema.org","@graph":[{"@type":"WebPage","@id":"https:\/\/bcnfighters.com\/villajueguito-talkshow\/","url":"https:\/\/bcnfighters.com\/villajueguito-talkshow\/","name":"Villajueguito TalkShow | BCN Fighters","isPartOf":{"@id":"https:\/\/bcnfighters.com\/#website"},"datePublished":"2018-10-06T18:42:57+00:00","dateModified":"2021-07-02T16:54:31+00:00","breadcrumb":{"@id":"https:\/\/bcnfighters.com\/villajueguito-talkshow\/#breadcrumb"},"inLanguage":"en-GB","potentialAction":[{"@type":"ReadAction","target":["https:\/\/bcnfighters.com\/villajueguito-talkshow\/"]}]},{"@type":"BreadcrumbList","@id":"https:\/\/bcnfighters.com\/villajueguito-talkshow\/#breadcrumb","itemListElement":[{"@type":"ListItem","position":1,"name":"Home","item":"https:\/\/bcnfighters.com\/"},{"@type":"ListItem","position":2,"name":"Villajueguito TalkShow"}]},{"@type":"WebSite","@id":"https:\/\/bcnfighters.com\/#website","url":"https:\/\/bcnfighters.com\/","name":"Barcelona Fighters","description":"BCN Fighters","publisher":{"@id":"https:\/\/bcnfighters.com\/#organization"},"potentialAction":[{"@type":"SearchAction","target":{"@type":"EntryPoint","urlTemplate":"https:\/\/bcnfighters.com\/?s={search_term_string}"},"query-input":"required name=search_term_string"}],"inLanguage":"en-GB"},{"@type":"Organization","@id":"https:\/\/bcnfighters.com\/#organization","name":"BCN Fighters","url":"https:\/\/bcnfighters.com\/","logo":{"@type":"ImageObject","inLanguage":"en-GB","@id":"https:\/\/bcnfighters.com\/#\/schema\/logo\/image\/","url":"https:\/\/bcnfighters.com\/wp-content\/uploads\/2018\/09\/41704077_1011933935676150_5661803671168483328_n-e1536854838466.png","contentUrl":"https:\/\/bcnfighters.com\/wp-content\/uploads\/2018\/09\/41704077_1011933935676150_5661803671168483328_n-e1536854838466.png","width":170,"height":95,"caption":"BCN Fighters"},"image":{"@id":"https:\/\/bcnfighters.com\/#\/schema\/logo\/image\/"},"sameAs":["https:\/\/www.instagram.com\/bcnfighters\/","https:\/\/www.youtube.com\/channel\/UCL2jRKMl-N3qep3BdXKOVNQ","https:\/\/twitter.com\/bcnfighters"]}]}},"_links":{"self":[{"href":"https:\/\/bcnfighters.com\/en\/wp-json\/wp\/v2\/pages\/3388"}],"collection":[{"href":"https:\/\/bcnfighters.com\/en\/wp-json\/wp\/v2\/pages"}],"about":[{"href":"https:\/\/bcnfighters.com\/en\/wp-json\/wp\/v2\/types\/page"}],"author":[{"embeddable":true,"href":"https:\/\/bcnfighters.com\/en\/wp-json\/wp\/v2\/users\/4"}],"replies":[{"embeddable":true,"href":"https:\/\/bcnfighters.com\/en\/wp-json\/wp\/v2\/comments?post=3388"}],"version-history":[{"count":91,"href":"https:\/\/bcnfighters.com\/en\/wp-json\/wp\/v2\/pages\/3388\/revisions"}],"predecessor-version":[{"id":10220,"href":"https:\/\/bcnfighters.com\/en\/wp-json\/wp\/v2\/pages\/3388\/revisions\/10220"}],"wp:attachment":[{"href":"https:\/\/bcnfighters.com\/en\/wp-json\/wp\/v2\/media?parent=3388"}],"curies":[{"name":"wp","href":"https:\/\/api.w.org\/{rel}","templated":true}]}}