{"id":3413,"date":"2018-10-08T13:17:09","date_gmt":"2018-10-08T11:17:09","guid":{"rendered":"https:\/\/bcnfighters.com\/?page_id=3413"},"modified":"2022-05-19T19:15:28","modified_gmt":"2022-05-19T17:15:28","slug":"analisis-y-tutoriales","status":"publish","type":"page","link":"https:\/\/bcnfighters.com\/en\/analisis-y-tutoriales\/","title":{"rendered":"Analysis &amp; tutorials"},"content":{"rendered":"<div data-elementor-type=\"wp-page\" data-elementor-id=\"3413\" class=\"elementor elementor-3413\">\n\t\t\t\t\t\t\t\t\t<section class=\"elementor-section elementor-top-section elementor-element elementor-element-ec52ed4 elementor-section-full_width elementor-section-stretched elementor-section-height-default elementor-section-height-default\" data-id=\"ec52ed4\" data-element_type=\"section\" data-settings=\"{&quot;stretch_section&quot;:&quot;section-stretched&quot;,&quot;background_background&quot;:&quot;classic&quot;}\">\n\t\t\t\t\t\t<div class=\"elementor-container elementor-column-gap-default\">\n\t\t\t\t\t<div class=\"elementor-column elementor-col-100 elementor-top-column elementor-element elementor-element-e3bba0a\" data-id=\"e3bba0a\" data-element_type=\"column\">\n\t\t\t<div class=\"elementor-widget-wrap elementor-element-populated\">\n\t\t\t\t\t\t\t\t<div class=\"elementor-element elementor-element-2676dba elementor-widget elementor-widget-spacer\" data-id=\"2676dba\" data-element_type=\"widget\" data-widget_type=\"spacer.default\">\n\t\t\t\t<div class=\"elementor-widget-container\">\n\t\t\t\t\t<div class=\"elementor-spacer\">\n\t\t\t<div class=\"elementor-spacer-inner\"><\/div>\n\t\t<\/div>\n\t\t\t\t<\/div>\n\t\t\t\t<\/div>\n\t\t\t\t<div class=\"elementor-element elementor-element-8b9600f elementor-widget elementor-widget-heading\" data-id=\"8b9600f\" data-element_type=\"widget\" data-widget_type=\"heading.default\">\n\t\t\t\t<div class=\"elementor-widget-container\">\n\t\t\t<h1 class=\"elementor-heading-title elementor-size-default\">ANALYSIS AND TUTORIALS<\/h1>\t\t<\/div>\n\t\t\t\t<\/div>\n\t\t\t\t<div class=\"elementor-element elementor-element-43f087d elementor-widget elementor-widget-text-editor\" data-id=\"43f087d\" data-element_type=\"widget\" data-widget_type=\"text-editor.default\">\n\t\t\t\t<div class=\"elementor-widget-container\">\n\t\t\t\t\t\t\t<div class=\"wpb_text_column wpb_content_element\"><div class=\"wpb_wrapper\"><p style=\"text-align: center;\"><span style=\"color: #ffffff;\">Here you will find our playlists with all our Analysis and Tutorials that we have published arranged by video game. Follow us on our<\/span>\u00a0<a href=\"https:\/\/www.youtube.com\/channel\/UCL2jRKMl-N3qep3BdXKOVNQ\" target=\"_blank\" rel=\"noopener noreferrer\">youtube <\/a><span style=\"color: #ffffff;\">channel to keep up to date with all our content.<\/span><\/p><p style=\"text-align: center;\"><span style=\"color: #ffffff;\">Check them out!<\/span><\/p><\/div><\/div>\t\t\t\t\t\t<\/div>\n\t\t\t\t<\/div>\n\t\t\t\t<div class=\"elementor-element elementor-element-52735de elementor-widget elementor-widget-spacer\" data-id=\"52735de\" data-element_type=\"widget\" data-widget_type=\"spacer.default\">\n\t\t\t\t<div class=\"elementor-widget-container\">\n\t\t\t\t\t<div class=\"elementor-spacer\">\n\t\t\t<div class=\"elementor-spacer-inner\"><\/div>\n\t\t<\/div>\n\t\t\t\t<\/div>\n\t\t\t\t<\/div>\n\t\t\t\t\t<\/div>\n\t\t<\/div>\n\t\t\t\t\t\t\t<\/div>\n\t\t<\/section>\n\t\t\t\t<section class=\"elementor-section elementor-top-section elementor-element elementor-element-ab03667 elementor-section-full_width elementor-section-stretched elementor-section-height-default elementor-section-height-default\" data-id=\"ab03667\" data-element_type=\"section\" data-settings=\"{&quot;stretch_section&quot;:&quot;section-stretched&quot;,&quot;background_background&quot;:&quot;classic&quot;}\">\n\t\t\t\t\t\t<div class=\"elementor-container elementor-column-gap-default\">\n\t\t\t\t\t<div class=\"elementor-column elementor-col-100 elementor-top-column elementor-element elementor-element-acc474b\" data-id=\"acc474b\" data-element_type=\"column\">\n\t\t\t<div class=\"elementor-widget-wrap elementor-element-populated\">\n\t\t\t\t\t\t\t\t<section class=\"elementor-section elementor-inner-section elementor-element elementor-element-0c57922 elementor-section-boxed elementor-section-height-default elementor-section-height-default\" data-id=\"0c57922\" data-element_type=\"section\">\n\t\t\t\t\t\t<div class=\"elementor-container elementor-column-gap-default\">\n\t\t\t\t\t<div class=\"elementor-column elementor-col-33 elementor-inner-column elementor-element elementor-element-0e608e5\" data-id=\"0e608e5\" data-element_type=\"column\">\n\t\t\t<div class=\"elementor-widget-wrap\">\n\t\t\t\t\t\t\t\t\t<\/div>\n\t\t<\/div>\n\t\t\t\t<div class=\"elementor-column elementor-col-33 elementor-inner-column elementor-element elementor-element-0c1c2c0\" data-id=\"0c1c2c0\" data-element_type=\"column\">\n\t\t\t<div class=\"elementor-widget-wrap elementor-element-populated\">\n\t\t\t\t\t\t\t\t<div class=\"elementor-element elementor-element-3dab660 elementor-widget elementor-widget-html\" data-id=\"3dab660\" data-element_type=\"widget\" data-widget_type=\"html.default\">\n\t\t\t\t<div class=\"elementor-widget-container\">\n\t\t\t<iframe width=\"560\" height=\"615\" src=\"https:\/\/www.youtube.com\/embed\/videoseries?list=PLLSeJwGYxuaQRdrbm4pbayvqApr0gHvQD\" title=\"YouTube video player\" frameborder=\"0\" allow=\"accelerometer; autoplay; clipboard-write; encrypted-media; gyroscope; picture-in-picture\" allowfullscreen><\/iframe>\t\t<\/div>\n\t\t\t\t<\/div>\n\t\t\t\t\t<\/div>\n\t\t<\/div>\n\t\t\t\t<div class=\"elementor-column elementor-col-33 elementor-inner-column elementor-element elementor-element-e812857\" data-id=\"e812857\" data-element_type=\"column\">\n\t\t\t<div class=\"elementor-widget-wrap\">\n\t\t\t\t\t\t\t\t\t<\/div>\n\t\t<\/div>\n\t\t\t\t\t\t\t<\/div>\n\t\t<\/section>\n\t\t\t\t<div class=\"elementor-element elementor-element-625668d elementor-widget elementor-widget-spacer\" data-id=\"625668d\" data-element_type=\"widget\" data-widget_type=\"spacer.default\">\n\t\t\t\t<div class=\"elementor-widget-container\">\n\t\t\t\t\t<div class=\"elementor-spacer\">\n\t\t\t<div class=\"elementor-spacer-inner\"><\/div>\n\t\t<\/div>\n\t\t\t\t<\/div>\n\t\t\t\t<\/div>\n\t\t\t\t<section class=\"elementor-section elementor-inner-section elementor-element elementor-element-d0301ba elementor-section-boxed elementor-section-height-default elementor-section-height-default\" data-id=\"d0301ba\" data-element_type=\"section\">\n\t\t\t\t\t\t<div class=\"elementor-container elementor-column-gap-default\">\n\t\t\t\t\t<div class=\"elementor-column elementor-col-50 elementor-inner-column elementor-element elementor-element-03280cf\" data-id=\"03280cf\" data-element_type=\"column\">\n\t\t\t<div class=\"elementor-widget-wrap elementor-element-populated\">\n\t\t\t\t\t\t\t\t<div class=\"elementor-element elementor-element-29f08f9 elementor-widget elementor-widget-image\" data-id=\"29f08f9\" data-element_type=\"widget\" data-widget_type=\"image.default\">\n\t\t\t\t<div class=\"elementor-widget-container\">\n\t\t\t\t\t\t\t\t\t\t\t\t\t\t\t<img width=\"300\" height=\"179\" src=\"https:\/\/bcnfighters.com\/wp-content\/uploads\/2019\/08\/DBFZ_Logo-300x179.png\" class=\"attachment-large size-large\" alt=\"\" \/>\t\t\t\t\t\t\t\t\t\t\t\t\t\t\t<\/div>\n\t\t\t\t<\/div>\n\t\t\t\t<div class=\"elementor-element elementor-element-9e3e661 elementor-widget elementor-widget-html\" data-id=\"9e3e661\" data-element_type=\"widget\" data-widget_type=\"html.default\">\n\t\t\t\t<div class=\"elementor-widget-container\">\n\t\t\t<iframe width=\"560\" height=\"315\" src=\"https:\/\/www.youtube.com\/embed\/videoseries?list=PLLSeJwGYxuaSOSkJU6j1ETyRRsTvWRbpj\" title=\"YouTube video player\" frameborder=\"0\" allow=\"accelerometer; autoplay; clipboard-write; encrypted-media; gyroscope; picture-in-picture\" allowfullscreen><\/iframe>\t\t<\/div>\n\t\t\t\t<\/div>\n\t\t\t\t<div class=\"elementor-element elementor-element-60159f5 elementor-widget elementor-widget-image\" data-id=\"60159f5\" data-element_type=\"widget\" data-widget_type=\"image.default\">\n\t\t\t\t<div class=\"elementor-widget-container\">\n\t\t\t\t\t\t\t\t\t\t\t\t\t\t\t<img width=\"300\" height=\"179\" src=\"https:\/\/bcnfighters.com\/wp-content\/uploads\/2019\/09\/sfv.png\" class=\"attachment-large size-large\" alt=\"\" \/>\t\t\t\t\t\t\t\t\t\t\t\t\t\t\t<\/div>\n\t\t\t\t<\/div>\n\t\t\t\t<div class=\"elementor-element elementor-element-7b5cb37 elementor-widget elementor-widget-html\" data-id=\"7b5cb37\" data-element_type=\"widget\" data-widget_type=\"html.default\">\n\t\t\t\t<div class=\"elementor-widget-container\">\n\t\t\t<iframe width=\"560\" height=\"315\" src=\"https:\/\/www.youtube.com\/embed\/videoseries?list=PLLSeJwGYxuaS3hc2Jymwlmf4P2EuFjmX6\" title=\"YouTube video player\" frameborder=\"0\" allow=\"accelerometer; autoplay; clipboard-write; encrypted-media; gyroscope; picture-in-picture\" allowfullscreen><\/iframe>\t\t<\/div>\n\t\t\t\t<\/div>\n\t\t\t\t\t<\/div>\n\t\t<\/div>\n\t\t\t\t<div class=\"elementor-column elementor-col-50 elementor-inner-column elementor-element elementor-element-61f01f6\" data-id=\"61f01f6\" data-element_type=\"column\">\n\t\t\t<div class=\"elementor-widget-wrap elementor-element-populated\">\n\t\t\t\t\t\t\t\t<div class=\"elementor-element elementor-element-0d72c8d elementor-widget elementor-widget-image\" data-id=\"0d72c8d\" data-element_type=\"widget\" data-widget_type=\"image.default\">\n\t\t\t\t<div class=\"elementor-widget-container\">\n\t\t\t\t\t\t\t\t\t\t\t\t\t\t\t<img width=\"300\" height=\"179\" src=\"https:\/\/bcnfighters.com\/wp-content\/uploads\/2019\/08\/bd3c_mk11_logo.072db273e9bd-300x85.png\" class=\"attachment-large size-large\" alt=\"\" \/>\t\t\t\t\t\t\t\t\t\t\t\t\t\t\t<\/div>\n\t\t\t\t<\/div>\n\t\t\t\t<div class=\"elementor-element elementor-element-c85ef06 elementor-widget elementor-widget-html\" data-id=\"c85ef06\" data-element_type=\"widget\" data-widget_type=\"html.default\">\n\t\t\t\t<div class=\"elementor-widget-container\">\n\t\t\t<iframe width=\"560\" height=\"315\" src=\"https:\/\/www.youtube.com\/embed\/videoseries?list=PLLSeJwGYxuaRC2mu4K_LjRLkDtFQVYS1u\" title=\"YouTube video player\" frameborder=\"0\" allow=\"accelerometer; autoplay; clipboard-write; encrypted-media; gyroscope; picture-in-picture\" allowfullscreen><\/iframe>\t\t<\/div>\n\t\t\t\t<\/div>\n\t\t\t\t<div class=\"elementor-element elementor-element-320292a elementor-widget elementor-widget-image\" data-id=\"320292a\" data-element_type=\"widget\" data-widget_type=\"image.default\">\n\t\t\t\t<div class=\"elementor-widget-container\">\n\t\t\t\t\t\t\t\t\t\t\t\t\t\t\t<img width=\"300\" height=\"179\" src=\"https:\/\/bcnfighters.com\/wp-content\/uploads\/2019\/08\/cbt_logo-300x161.png\" class=\"attachment-large size-large\" alt=\"\" \/>\t\t\t\t\t\t\t\t\t\t\t\t\t\t\t<\/div>\n\t\t\t\t<\/div>\n\t\t\t\t<div class=\"elementor-element elementor-element-d058fcc elementor-widget elementor-widget-html\" data-id=\"d058fcc\" data-element_type=\"widget\" data-widget_type=\"html.default\">\n\t\t\t\t<div class=\"elementor-widget-container\">\n\t\t\t<iframe width=\"560\" height=\"315\" src=\"https:\/\/www.youtube.com\/embed\/videoseries?list=PLLSeJwGYxuaSpf-kk3XYdnmztvcVTcaKa\" title=\"YouTube video player\" frameborder=\"0\" allow=\"accelerometer; autoplay; clipboard-write; encrypted-media; gyroscope; picture-in-picture\" allowfullscreen><\/iframe>\t\t<\/div>\n\t\t\t\t<\/div>\n\t\t\t\t\t<\/div>\n\t\t<\/div>\n\t\t\t\t\t\t\t<\/div>\n\t\t<\/section>\n\t\t\t\t<div class=\"elementor-element elementor-element-f6e92a0 elementor-widget elementor-widget-spacer\" data-id=\"f6e92a0\" data-element_type=\"widget\" data-widget_type=\"spacer.default\">\n\t\t\t\t<div class=\"elementor-widget-container\">\n\t\t\t\t\t<div class=\"elementor-spacer\">\n\t\t\t<div class=\"elementor-spacer-inner\"><\/div>\n\t\t<\/div>\n\t\t\t\t<\/div>\n\t\t\t\t<\/div>\n\t\t\t\t\t<\/div>\n\t\t<\/div>\n\t\t\t\t\t\t\t<\/div>\n\t\t<\/section>\n\t\t\t\t\t\t\t<\/div>","protected":false},"excerpt":{"rendered":"<p>AN\u00c1LISIS Y TUTORIALES Aqu\u00ed encontrar\u00e1s nuestras listas de reproducci\u00f3n con todos nuestros An\u00e1lisis y Tutoriales que hemos publicado desglosados por videojuego. S\u00edguenos en nuestro canal de\u00a0youtube para estar al d\u00eda de todo nuestro contenido. \u00a1\u00c9chales un vistazo!<\/p>","protected":false},"author":4,"featured_media":0,"parent":0,"menu_order":0,"comment_status":"closed","ping_status":"closed","template":"","meta":{"_mi_skip_tracking":false,"neve_meta_sidebar":"","neve_meta_container":"","neve_meta_enable_content_width":"off","neve_meta_content_width":0,"neve_meta_title_alignment":"","neve_meta_author_avatar":"","neve_post_elements_order":"","neve_meta_disable_header":"","neve_meta_disable_footer":"","neve_meta_disable_title":"on"},"yoast_head":"<!-- This site is optimized with the Yoast SEO plugin v19.13 - https:\/\/yoast.com\/wordpress\/plugins\/seo\/ -->\n<title>An\u00e1lisis y tutoriales | BCN Fighters<\/title>\n<meta name=\"description\" content=\"S4arin, Fas0ll, Shanks, Galletas... te ense\u00f1an todos los detalles de los fighting games para que disfrutes jugando y subas el nivel de tus jugadas.\" \/>\n<meta name=\"robots\" content=\"index, follow, max-snippet:-1, max-image-preview:large, max-video-preview:-1\" \/>\n<link rel=\"canonical\" href=\"https:\/\/bcnfighters.com\/en\/analisis-y-tutoriales\/\" \/>\n<meta property=\"og:locale\" content=\"en_GB\" \/>\n<meta property=\"og:type\" content=\"article\" \/>\n<meta property=\"og:title\" content=\"An\u00e1lisis y tutoriales | BCN Fighters\" \/>\n<meta property=\"og:description\" content=\"S4arin, Fas0ll, Shanks, Galletas... te ense\u00f1an todos los detalles de los fighting games para que disfrutes jugando y subas el nivel de tus jugadas.\" \/>\n<meta property=\"og:url\" content=\"https:\/\/bcnfighters.com\/en\/analisis-y-tutoriales\/\" \/>\n<meta property=\"og:site_name\" content=\"BCN Fighters\" \/>\n<meta property=\"article:modified_time\" content=\"2022-05-19T17:15:28+00:00\" \/>\n<meta property=\"og:image\" content=\"https:\/\/bcnfighters.com\/wp-content\/uploads\/2019\/08\/DBFZ_Logo-300x179.png\" \/>\n<meta name=\"twitter:card\" content=\"summary_large_image\" \/>\n<meta name=\"twitter:site\" content=\"@bcnfighters\" \/>\n<meta name=\"twitter:label1\" content=\"Estimated reading time\" \/>\n\t<meta name=\"twitter:data1\" content=\"1 minute\" \/>\n<script type=\"application\/ld+json\" class=\"yoast-schema-graph\">{\"@context\":\"https:\/\/schema.org\",\"@graph\":[{\"@type\":\"WebPage\",\"@id\":\"https:\/\/bcnfighters.com\/analisis-y-tutoriales\/\",\"url\":\"https:\/\/bcnfighters.com\/analisis-y-tutoriales\/\",\"name\":\"An\u00e1lisis y tutoriales | BCN Fighters\",\"isPartOf\":{\"@id\":\"https:\/\/bcnfighters.com\/#website\"},\"datePublished\":\"2018-10-08T11:17:09+00:00\",\"dateModified\":\"2022-05-19T17:15:28+00:00\",\"description\":\"S4arin, Fas0ll, Shanks, Galletas... te ense\u00f1an todos los detalles de los fighting games para que disfrutes jugando y subas el nivel de tus jugadas.\",\"breadcrumb\":{\"@id\":\"https:\/\/bcnfighters.com\/analisis-y-tutoriales\/#breadcrumb\"},\"inLanguage\":\"en-GB\",\"potentialAction\":[{\"@type\":\"ReadAction\",\"target\":[\"https:\/\/bcnfighters.com\/analisis-y-tutoriales\/\"]}]},{\"@type\":\"BreadcrumbList\",\"@id\":\"https:\/\/bcnfighters.com\/analisis-y-tutoriales\/#breadcrumb\",\"itemListElement\":[{\"@type\":\"ListItem\",\"position\":1,\"name\":\"Home\",\"item\":\"https:\/\/bcnfighters.com\/\"},{\"@type\":\"ListItem\",\"position\":2,\"name\":\"An\u00e1lisis y tutoriales\"}]},{\"@type\":\"WebSite\",\"@id\":\"https:\/\/bcnfighters.com\/#website\",\"url\":\"https:\/\/bcnfighters.com\/\",\"name\":\"Barcelona Fighters\",\"description\":\"BCN Fighters\",\"publisher\":{\"@id\":\"https:\/\/bcnfighters.com\/#organization\"},\"potentialAction\":[{\"@type\":\"SearchAction\",\"target\":{\"@type\":\"EntryPoint\",\"urlTemplate\":\"https:\/\/bcnfighters.com\/?s={search_term_string}\"},\"query-input\":\"required name=search_term_string\"}],\"inLanguage\":\"en-GB\"},{\"@type\":\"Organization\",\"@id\":\"https:\/\/bcnfighters.com\/#organization\",\"name\":\"BCN Fighters\",\"url\":\"https:\/\/bcnfighters.com\/\",\"logo\":{\"@type\":\"ImageObject\",\"inLanguage\":\"en-GB\",\"@id\":\"https:\/\/bcnfighters.com\/#\/schema\/logo\/image\/\",\"url\":\"https:\/\/bcnfighters.com\/wp-content\/uploads\/2018\/09\/41704077_1011933935676150_5661803671168483328_n-e1536854838466.png\",\"contentUrl\":\"https:\/\/bcnfighters.com\/wp-content\/uploads\/2018\/09\/41704077_1011933935676150_5661803671168483328_n-e1536854838466.png\",\"width\":170,\"height\":95,\"caption\":\"BCN Fighters\"},\"image\":{\"@id\":\"https:\/\/bcnfighters.com\/#\/schema\/logo\/image\/\"},\"sameAs\":[\"https:\/\/www.instagram.com\/bcnfighters\/\",\"https:\/\/www.youtube.com\/channel\/UCL2jRKMl-N3qep3BdXKOVNQ\",\"https:\/\/twitter.com\/bcnfighters\"]}]}<\/script>\n<!-- \/ Yoast SEO plugin. -->","yoast_head_json":{"title":"An\u00e1lisis y tutoriales | BCN Fighters","description":"S4arin, Fas0ll, Shanks, Galletas... te ense\u00f1an todos los detalles de los fighting games para que disfrutes jugando y subas el nivel de tus jugadas.","robots":{"index":"index","follow":"follow","max-snippet":"max-snippet:-1","max-image-preview":"max-image-preview:large","max-video-preview":"max-video-preview:-1"},"canonical":"https:\/\/bcnfighters.com\/en\/analisis-y-tutoriales\/","og_locale":"en_GB","og_type":"article","og_title":"An\u00e1lisis y tutoriales | BCN Fighters","og_description":"S4arin, Fas0ll, Shanks, Galletas... te ense\u00f1an todos los detalles de los fighting games para que disfrutes jugando y subas el nivel de tus jugadas.","og_url":"https:\/\/bcnfighters.com\/en\/analisis-y-tutoriales\/","og_site_name":"BCN Fighters","article_modified_time":"2022-05-19T17:15:28+00:00","og_image":[{"url":"https:\/\/bcnfighters.com\/wp-content\/uploads\/2019\/08\/DBFZ_Logo-300x179.png"}],"twitter_card":"summary_large_image","twitter_site":"@bcnfighters","twitter_misc":{"Estimated reading time":"1 minute"},"schema":{"@context":"https:\/\/schema.org","@graph":[{"@type":"WebPage","@id":"https:\/\/bcnfighters.com\/analisis-y-tutoriales\/","url":"https:\/\/bcnfighters.com\/analisis-y-tutoriales\/","name":"An\u00e1lisis y tutoriales | BCN Fighters","isPartOf":{"@id":"https:\/\/bcnfighters.com\/#website"},"datePublished":"2018-10-08T11:17:09+00:00","dateModified":"2022-05-19T17:15:28+00:00","description":"S4arin, Fas0ll, Shanks, Galletas... te ense\u00f1an todos los detalles de los fighting games para que disfrutes jugando y subas el nivel de tus jugadas.","breadcrumb":{"@id":"https:\/\/bcnfighters.com\/analisis-y-tutoriales\/#breadcrumb"},"inLanguage":"en-GB","potentialAction":[{"@type":"ReadAction","target":["https:\/\/bcnfighters.com\/analisis-y-tutoriales\/"]}]},{"@type":"BreadcrumbList","@id":"https:\/\/bcnfighters.com\/analisis-y-tutoriales\/#breadcrumb","itemListElement":[{"@type":"ListItem","position":1,"name":"Home","item":"https:\/\/bcnfighters.com\/"},{"@type":"ListItem","position":2,"name":"An\u00e1lisis y tutoriales"}]},{"@type":"WebSite","@id":"https:\/\/bcnfighters.com\/#website","url":"https:\/\/bcnfighters.com\/","name":"Barcelona Fighters","description":"BCN Fighters","publisher":{"@id":"https:\/\/bcnfighters.com\/#organization"},"potentialAction":[{"@type":"SearchAction","target":{"@type":"EntryPoint","urlTemplate":"https:\/\/bcnfighters.com\/?s={search_term_string}"},"query-input":"required name=search_term_string"}],"inLanguage":"en-GB"},{"@type":"Organization","@id":"https:\/\/bcnfighters.com\/#organization","name":"BCN Fighters","url":"https:\/\/bcnfighters.com\/","logo":{"@type":"ImageObject","inLanguage":"en-GB","@id":"https:\/\/bcnfighters.com\/#\/schema\/logo\/image\/","url":"https:\/\/bcnfighters.com\/wp-content\/uploads\/2018\/09\/41704077_1011933935676150_5661803671168483328_n-e1536854838466.png","contentUrl":"https:\/\/bcnfighters.com\/wp-content\/uploads\/2018\/09\/41704077_1011933935676150_5661803671168483328_n-e1536854838466.png","width":170,"height":95,"caption":"BCN Fighters"},"image":{"@id":"https:\/\/bcnfighters.com\/#\/schema\/logo\/image\/"},"sameAs":["https:\/\/www.instagram.com\/bcnfighters\/","https:\/\/www.youtube.com\/channel\/UCL2jRKMl-N3qep3BdXKOVNQ","https:\/\/twitter.com\/bcnfighters"]}]}},"_links":{"self":[{"href":"https:\/\/bcnfighters.com\/en\/wp-json\/wp\/v2\/pages\/3413"}],"collection":[{"href":"https:\/\/bcnfighters.com\/en\/wp-json\/wp\/v2\/pages"}],"about":[{"href":"https:\/\/bcnfighters.com\/en\/wp-json\/wp\/v2\/types\/page"}],"author":[{"embeddable":true,"href":"https:\/\/bcnfighters.com\/en\/wp-json\/wp\/v2\/users\/4"}],"replies":[{"embeddable":true,"href":"https:\/\/bcnfighters.com\/en\/wp-json\/wp\/v2\/comments?post=3413"}],"version-history":[{"count":219,"href":"https:\/\/bcnfighters.com\/en\/wp-json\/wp\/v2\/pages\/3413\/revisions"}],"predecessor-version":[{"id":15996,"href":"https:\/\/bcnfighters.com\/en\/wp-json\/wp\/v2\/pages\/3413\/revisions\/15996"}],"wp:attachment":[{"href":"https:\/\/bcnfighters.com\/en\/wp-json\/wp\/v2\/media?parent=3413"}],"curies":[{"name":"wp","href":"https:\/\/api.w.org\/{rel}","templated":true}]}}