{"id":3920,"date":"2019-08-27T10:50:18","date_gmt":"2019-08-27T08:50:18","guid":{"rendered":"https:\/\/bcnfighters.com\/?page_id=3920"},"modified":"2021-07-02T18:26:01","modified_gmt":"2021-07-02T16:26:01","slug":"politica-de-privacidad","status":"publish","type":"page","link":"https:\/\/bcnfighters.com\/en\/politica-de-privacidad\/","title":{"rendered":"Privacy Policy"},"content":{"rendered":"<div data-elementor-type=\"wp-page\" data-elementor-id=\"3920\" class=\"elementor elementor-3920\">\n\t\t\t\t\t\t\t\t\t<section class=\"elementor-section elementor-top-section elementor-element elementor-element-b212a26 elementor-section-boxed elementor-section-height-default elementor-section-height-default\" data-id=\"b212a26\" data-element_type=\"section\">\n\t\t\t\t\t\t<div class=\"elementor-container elementor-column-gap-default\">\n\t\t\t\t\t<div class=\"elementor-column elementor-col-100 elementor-top-column elementor-element elementor-element-9b17f2d\" data-id=\"9b17f2d\" data-element_type=\"column\">\n\t\t\t<div class=\"elementor-widget-wrap elementor-element-populated\">\n\t\t\t\t\t\t\t\t<div class=\"elementor-element elementor-element-2d51ea0 elementor-widget elementor-widget-text-editor\" data-id=\"2d51ea0\" data-element_type=\"widget\" data-widget_type=\"text-editor.default\">\n\t\t\t\t<div class=\"elementor-widget-container\">\n\t\t\t\t\t\t\t<p><span style=\"color: #ffffff;\"><strong>Information about the processing of personal data of Clients<\/strong><\/span><br \/><span style=\"color: #ffffff;\">In compliance with the obligations imposed in Regulation (EU) 2016\/679 of the European Parliament and of the Council, of April 27, 2016, concerning the protection of natural persons with regard to the processing of personal data and free movement of these data, here in after GDPR (General Data Protection Regulation), and in compliance with the regulation contained in Organic Law 3\/2018, of December 5, on the protection of personal data, here in after LOPD, as in its Development Regulations, as well as in any other regulations that complement, modify or repeal them in the future, relevant information is provided in relation to the following sections:<\/span><\/p><p><span style=\"color: #ffffff;\"><strong>1.- Responsible<\/strong><\/span><br \/><span style=\"color: #ffffff;\">Information on data protection provided by Digital Fighting Espa\u00f1a, SL as responsible for data processing:<\/span><br \/><span style=\"color: #ffffff;\">C.I.F.: B67393249.<\/span><br \/><span style=\"color: #ffffff;\">Post office box: 52, 08420 (Canovelles)<\/span><br \/><span style=\"color: #ffffff;\">Phone: 665926155.<\/span><br \/><span style=\"color: #ffffff;\">E-mail: info@bcnfighters.com<\/span><\/p><p><span style=\"color: #ffffff;\"><strong>2.- Purpose<\/strong><\/span><br \/><span style=\"color: #ffffff;\">The personal data collected through this website www.bcnfighters.com will be used with the main purpose of being able to carry out the sale and shipment of the products offered. For this, said data will be stored in our systems during the existence of a commercial relationship, for reasons contemplated in current regulations, or the exercise of defense against possible claims. These data will be deleted or anonymized as soon as the legal deadlines for storage have elapsed.<\/span><br \/><span style=\"color: #ffffff;\">Additionally, personal data may be processed for the communication of commercial information about our products, offers or news, as stipulated in the consent that customers provide when hiring.<\/span><\/p><p><span style=\"color: #ffffff;\"><strong>2.- Definitions<\/strong><\/span><br \/><span style=\"color: #ffffff;\">Responsible for the file or treatment, here in after the seller: natural or legal person, of a public or private nature or administrative body, who decides on the purpose, content and use of the treatment<\/span><br \/><span style=\"color: #ffffff;\">Personal data: any information concerning identified or identifiable natural persons.<\/span><br \/><span style=\"color: #ffffff;\">Affected or interested, here in after the buyer: natural person holder of the data that is subject to processing.<\/span><br \/><span style=\"color: #ffffff;\">Data processing: operations and technical procedures of an automated nature or not, which allow the collection, recording, conservation, processing, modification, blocking and cancellation, as well as the transfer of data resulting from communications, consultations, interconnections and transfers.<\/span><\/p><p><span style=\"color: #ffffff;\"><strong>3.-Legitimation<\/strong><\/span><br \/><span style=\"color: #ffffff;\">The processing of personal data finds its cause for legitimation based on the formalization of a relationship between seller and customer. In order to establish this relationship it will be necessary for the client to provide the data consisting of name, surname, email address, telephone number and contact email, and any that are necessary to provide the service effectively.<\/span><br \/><span style=\"color: #ffffff;\">Likewise, the buyer acknowledges having been informed that his refusal to provide the necessary data for identification and billing purposes may imply that the contracted services cannot be provided.<\/span><\/p><p><span style=\"color: #ffffff;\"><strong>4.- Recipients other than the seller himself<\/strong><\/span><br \/><span style=\"color: #ffffff;\">In compliance with the tax obligations of the seller there is a transfer of personal data of the buyer to the State Tax Administration Agency. The conservation of these data will be established based on current legal regulations.<\/span><br \/><span style=\"color: #ffffff;\">Except for a legal obligation, there are no further transfers of personal data to third parties or international transfers thereof.<\/span><\/p><p><span style=\"color: #ffffff;\"><strong>5.-Rights of the buyer<\/strong><\/span><br \/><span style=\"color: #ffffff;\">Los derechos que podr\u00e1 ejercer cualquier comprador, que haya consentido en facilitar sus datos personales,\u00a0 ante Digital Fighting Espa\u00f1a, SL, a trav\u00e9s de las direcciones de contacto puestas a su disposici\u00f3n en el punto 1 de \u00e9ste documento, son:<\/span><br \/><span style=\"color: #ffffff;\">Derecho de acceso a todos los datos personales que se encuentran en posesi\u00f3n de Digital Fighting Espa\u00f1a, SL.\u00a0 Conforme a lo expuesto en el\u00a0 Art. 13 LOPD.<\/span><br \/><span style=\"color: #ffffff;\">Derecho a solicitar la rectificaci\u00f3n de los datos. Conforme a lo expuesto en el\u00a0 Art. 14 LOPD.<\/span><br \/><span style=\"color: #ffffff;\">Right to the deletion of the data in case it considers it necessary. In accordance with the provisions of Art. 15 LOPD.<\/span><br \/><span style=\"color: #ffffff;\">The buyer may also request that the processing of their data be limited, in which case they would only be kept for the exercise or defense of claims. In accordance with the provisions of Art. 16 LOPD.<\/span><br \/><span style=\"color: #ffffff;\">Derecho a la portabilidad de datos personales. Conforme a lo expuesto en el Art. 17 LOPD\u00a0 Solicitado el ejercicio de este derecho se remitir\u00e1n los datos personales mediante correo electr\u00f3nico a la direcci\u00f3n que se hubiera proporcionado en la solicitud, en formato texto, legible y adaptable a las necesidades de cualquier otro responsable del tratamiento, o bien se proceder\u00e1 a su transmisi\u00f3n al nuevo responsable del tratamiento en el mismo formato, a la direcci\u00f3n de correo electr\u00f3nico que nos indique en su solicitud.<\/span><br \/><span style=\"color: #ffffff;\">Right to object to the processing of your personal data, so Digital Fighting Espa\u00f1a, SL will cease to process the data except by legal mandate, or the exercise or defense of possible claims. In accordance with the provisions of Art. 18 LOPD.<\/span><br \/><span style=\"color: #ffffff;\">The rights of access, rectification, deletion, portability, limitation and opposition to the processing may be requested by writing to Digital Fighting Espa\u00f1a, SL. Likewise, the buyer has the right that their data not be used as the object of a decision based solely on automated processing, including profiling.<\/span><br \/><span style=\"color: #ffffff;\">It will be possible to withdraw the consents that had been given expressly, by sending a written request to the aforementioned section. The additional consents we currently expressly request are for the purpose of sending commercial communications.<\/span><\/p><p><span style=\"color: #ffffff;\"><strong>6.- Claims<\/strong><\/span><br \/><span style=\"color: #ffffff;\">Las reclamaciones por vulneraci\u00f3n de la normativa vigente se podr\u00e1n presentar ante la Agencia Espa\u00f1ola de Protecci\u00f3n de Datos, que es la autoridad de control competente en materia de\u00a0 protecci\u00f3n de datos personales. Dicha agencia puede ser contactada a trav\u00e9s de su sede electr\u00f3nica<\/span>\u00a0<a href=\"http:\/\/www.agpd.es\/\">www.agpd.es<\/a>\u00a0<span style=\"color: #ffffff;\">or their postal address.<\/span><\/p>\t\t\t\t\t\t<\/div>\n\t\t\t\t<\/div>\n\t\t\t\t\t<\/div>\n\t\t<\/div>\n\t\t\t\t\t\t\t<\/div>\n\t\t<\/section>\n\t\t\t\t\t\t\t<\/div>","protected":false},"excerpt":{"rendered":"<p>Informaci\u00f3n acerca del tratamiento de datos personales de ClientesEn cumplimiento de las obligaciones impuestas en el Reglamento (UE) 2016\/679 del Parlamento Europeo y del Consejo, de 27 de abril de 2016, relativo a la protecci\u00f3n de las personas f\u00edsicas en lo que respecta al tratamiento de datos personales y a la libre circulaci\u00f3n de estos&hellip;&nbsp;<a href=\"https:\/\/bcnfighters.com\/en\/politica-de-privacidad\/\" class=\"\" rel=\"bookmark\">Read More &raquo;<span class=\"screen-reader-text\">Privacy Policy<\/span><\/a><\/p>","protected":false},"author":4,"featured_media":0,"parent":0,"menu_order":0,"comment_status":"closed","ping_status":"closed","template":"","meta":{"_mi_skip_tracking":false,"neve_meta_sidebar":"","neve_meta_container":"","neve_meta_enable_content_width":"","neve_meta_content_width":0,"neve_meta_title_alignment":"","neve_meta_author_avatar":"","neve_post_elements_order":"","neve_meta_disable_header":"","neve_meta_disable_footer":"","neve_meta_disable_title":""},"yoast_head":"<!-- This site is optimized with the Yoast SEO plugin v19.13 - https:\/\/yoast.com\/wordpress\/plugins\/seo\/ -->\n<title>Pol\u00edtica de privacidad | BCN Fighters<\/title>\n<meta name=\"description\" content=\"Informaci\u00f3n acerca del tratamiento de datos personales de Clientes\" \/>\n<meta name=\"robots\" content=\"index, follow, max-snippet:-1, max-image-preview:large, max-video-preview:-1\" \/>\n<link rel=\"canonical\" href=\"https:\/\/bcnfighters.com\/en\/politica-de-privacidad\/\" \/>\n<meta property=\"og:locale\" content=\"en_GB\" \/>\n<meta property=\"og:type\" content=\"article\" \/>\n<meta property=\"og:title\" content=\"Pol\u00edtica de privacidad | BCN Fighters\" \/>\n<meta property=\"og:description\" content=\"Informaci\u00f3n acerca del tratamiento de datos personales de Clientes\" \/>\n<meta property=\"og:url\" content=\"https:\/\/bcnfighters.com\/en\/politica-de-privacidad\/\" \/>\n<meta property=\"og:site_name\" content=\"BCN Fighters\" \/>\n<meta property=\"article:modified_time\" content=\"2021-07-02T16:26:01+00:00\" \/>\n<meta name=\"twitter:card\" content=\"summary_large_image\" \/>\n<meta name=\"twitter:site\" content=\"@bcnfighters\" \/>\n<meta name=\"twitter:label1\" content=\"Estimated reading time\" \/>\n\t<meta name=\"twitter:data1\" content=\"5 minutes\" \/>\n<script type=\"application\/ld+json\" class=\"yoast-schema-graph\">{\"@context\":\"https:\/\/schema.org\",\"@graph\":[{\"@type\":\"WebPage\",\"@id\":\"https:\/\/bcnfighters.com\/en\/politica-de-privacidad\/\",\"url\":\"https:\/\/bcnfighters.com\/en\/politica-de-privacidad\/\",\"name\":\"Pol\u00edtica de privacidad | BCN Fighters\",\"isPartOf\":{\"@id\":\"https:\/\/bcnfighters.com\/#website\"},\"datePublished\":\"2019-08-27T08:50:18+00:00\",\"dateModified\":\"2021-07-02T16:26:01+00:00\",\"description\":\"Informaci\u00f3n acerca del tratamiento de datos personales de Clientes\",\"breadcrumb\":{\"@id\":\"https:\/\/bcnfighters.com\/en\/politica-de-privacidad\/#breadcrumb\"},\"inLanguage\":\"en-GB\",\"potentialAction\":[{\"@type\":\"ReadAction\",\"target\":[\"https:\/\/bcnfighters.com\/en\/politica-de-privacidad\/\"]}]},{\"@type\":\"BreadcrumbList\",\"@id\":\"https:\/\/bcnfighters.com\/en\/politica-de-privacidad\/#breadcrumb\",\"itemListElement\":[{\"@type\":\"ListItem\",\"position\":1,\"name\":\"Home\",\"item\":\"https:\/\/bcnfighters.com\/\"},{\"@type\":\"ListItem\",\"position\":2,\"name\":\"Pol\u00edtica de privacidad\"}]},{\"@type\":\"WebSite\",\"@id\":\"https:\/\/bcnfighters.com\/#website\",\"url\":\"https:\/\/bcnfighters.com\/\",\"name\":\"Barcelona Fighters\",\"description\":\"BCN Fighters\",\"publisher\":{\"@id\":\"https:\/\/bcnfighters.com\/#organization\"},\"potentialAction\":[{\"@type\":\"SearchAction\",\"target\":{\"@type\":\"EntryPoint\",\"urlTemplate\":\"https:\/\/bcnfighters.com\/?s={search_term_string}\"},\"query-input\":\"required name=search_term_string\"}],\"inLanguage\":\"en-GB\"},{\"@type\":\"Organization\",\"@id\":\"https:\/\/bcnfighters.com\/#organization\",\"name\":\"BCN Fighters\",\"url\":\"https:\/\/bcnfighters.com\/\",\"logo\":{\"@type\":\"ImageObject\",\"inLanguage\":\"en-GB\",\"@id\":\"https:\/\/bcnfighters.com\/#\/schema\/logo\/image\/\",\"url\":\"https:\/\/bcnfighters.com\/wp-content\/uploads\/2018\/09\/41704077_1011933935676150_5661803671168483328_n-e1536854838466.png\",\"contentUrl\":\"https:\/\/bcnfighters.com\/wp-content\/uploads\/2018\/09\/41704077_1011933935676150_5661803671168483328_n-e1536854838466.png\",\"width\":170,\"height\":95,\"caption\":\"BCN Fighters\"},\"image\":{\"@id\":\"https:\/\/bcnfighters.com\/#\/schema\/logo\/image\/\"},\"sameAs\":[\"https:\/\/www.instagram.com\/bcnfighters\/\",\"https:\/\/www.youtube.com\/channel\/UCL2jRKMl-N3qep3BdXKOVNQ\",\"https:\/\/twitter.com\/bcnfighters\"]}]}<\/script>\n<!-- \/ Yoast SEO plugin. -->","yoast_head_json":{"title":"Pol\u00edtica de privacidad | BCN Fighters","description":"Informaci\u00f3n acerca del tratamiento de datos personales de Clientes","robots":{"index":"index","follow":"follow","max-snippet":"max-snippet:-1","max-image-preview":"max-image-preview:large","max-video-preview":"max-video-preview:-1"},"canonical":"https:\/\/bcnfighters.com\/en\/politica-de-privacidad\/","og_locale":"en_GB","og_type":"article","og_title":"Pol\u00edtica de privacidad | BCN Fighters","og_description":"Informaci\u00f3n acerca del tratamiento de datos personales de Clientes","og_url":"https:\/\/bcnfighters.com\/en\/politica-de-privacidad\/","og_site_name":"BCN Fighters","article_modified_time":"2021-07-02T16:26:01+00:00","twitter_card":"summary_large_image","twitter_site":"@bcnfighters","twitter_misc":{"Estimated reading time":"5 minutes"},"schema":{"@context":"https:\/\/schema.org","@graph":[{"@type":"WebPage","@id":"https:\/\/bcnfighters.com\/en\/politica-de-privacidad\/","url":"https:\/\/bcnfighters.com\/en\/politica-de-privacidad\/","name":"Pol\u00edtica de privacidad | BCN Fighters","isPartOf":{"@id":"https:\/\/bcnfighters.com\/#website"},"datePublished":"2019-08-27T08:50:18+00:00","dateModified":"2021-07-02T16:26:01+00:00","description":"Informaci\u00f3n acerca del tratamiento de datos personales de Clientes","breadcrumb":{"@id":"https:\/\/bcnfighters.com\/en\/politica-de-privacidad\/#breadcrumb"},"inLanguage":"en-GB","potentialAction":[{"@type":"ReadAction","target":["https:\/\/bcnfighters.com\/en\/politica-de-privacidad\/"]}]},{"@type":"BreadcrumbList","@id":"https:\/\/bcnfighters.com\/en\/politica-de-privacidad\/#breadcrumb","itemListElement":[{"@type":"ListItem","position":1,"name":"Home","item":"https:\/\/bcnfighters.com\/"},{"@type":"ListItem","position":2,"name":"Pol\u00edtica de privacidad"}]},{"@type":"WebSite","@id":"https:\/\/bcnfighters.com\/#website","url":"https:\/\/bcnfighters.com\/","name":"Barcelona Fighters","description":"BCN Fighters","publisher":{"@id":"https:\/\/bcnfighters.com\/#organization"},"potentialAction":[{"@type":"SearchAction","target":{"@type":"EntryPoint","urlTemplate":"https:\/\/bcnfighters.com\/?s={search_term_string}"},"query-input":"required name=search_term_string"}],"inLanguage":"en-GB"},{"@type":"Organization","@id":"https:\/\/bcnfighters.com\/#organization","name":"BCN Fighters","url":"https:\/\/bcnfighters.com\/","logo":{"@type":"ImageObject","inLanguage":"en-GB","@id":"https:\/\/bcnfighters.com\/#\/schema\/logo\/image\/","url":"https:\/\/bcnfighters.com\/wp-content\/uploads\/2018\/09\/41704077_1011933935676150_5661803671168483328_n-e1536854838466.png","contentUrl":"https:\/\/bcnfighters.com\/wp-content\/uploads\/2018\/09\/41704077_1011933935676150_5661803671168483328_n-e1536854838466.png","width":170,"height":95,"caption":"BCN Fighters"},"image":{"@id":"https:\/\/bcnfighters.com\/#\/schema\/logo\/image\/"},"sameAs":["https:\/\/www.instagram.com\/bcnfighters\/","https:\/\/www.youtube.com\/channel\/UCL2jRKMl-N3qep3BdXKOVNQ","https:\/\/twitter.com\/bcnfighters"]}]}},"_links":{"self":[{"href":"https:\/\/bcnfighters.com\/en\/wp-json\/wp\/v2\/pages\/3920"}],"collection":[{"href":"https:\/\/bcnfighters.com\/en\/wp-json\/wp\/v2\/pages"}],"about":[{"href":"https:\/\/bcnfighters.com\/en\/wp-json\/wp\/v2\/types\/page"}],"author":[{"embeddable":true,"href":"https:\/\/bcnfighters.com\/en\/wp-json\/wp\/v2\/users\/4"}],"replies":[{"embeddable":true,"href":"https:\/\/bcnfighters.com\/en\/wp-json\/wp\/v2\/comments?post=3920"}],"version-history":[{"count":14,"href":"https:\/\/bcnfighters.com\/en\/wp-json\/wp\/v2\/pages\/3920\/revisions"}],"predecessor-version":[{"id":10208,"href":"https:\/\/bcnfighters.com\/en\/wp-json\/wp\/v2\/pages\/3920\/revisions\/10208"}],"wp:attachment":[{"href":"https:\/\/bcnfighters.com\/en\/wp-json\/wp\/v2\/media?parent=3920"}],"curies":[{"name":"wp","href":"https:\/\/api.w.org\/{rel}","templated":true}]}}