{"id":4466,"date":"2019-02-20T10:37:43","date_gmt":"2019-02-20T09:37:43","guid":{"rendered":"https:\/\/bcnfighters.com\/?page_id=4466"},"modified":"2021-07-02T19:25:57","modified_gmt":"2021-07-02T17:25:57","slug":"gfl","status":"publish","type":"page","link":"https:\/\/bcnfighters.com\/en\/gfl\/","title":{"rendered":"Giants Fighters League"},"content":{"rendered":"<div data-elementor-type=\"wp-page\" data-elementor-id=\"4466\" class=\"elementor elementor-4466\">\n\t\t\t\t\t\t\t\t\t<section class=\"elementor-section elementor-top-section elementor-element elementor-element-d3b5b89 elementor-section-full_width elementor-section-stretched elementor-section-height-default elementor-section-height-default\" data-id=\"d3b5b89\" data-element_type=\"section\" data-settings=\"{&quot;stretch_section&quot;:&quot;section-stretched&quot;,&quot;background_background&quot;:&quot;classic&quot;}\">\n\t\t\t\t\t\t<div class=\"elementor-container elementor-column-gap-no\">\n\t\t\t\t\t<div class=\"elementor-column elementor-col-100 elementor-top-column elementor-element elementor-element-1b1b757\" data-id=\"1b1b757\" data-element_type=\"column\">\n\t\t\t<div class=\"elementor-widget-wrap elementor-element-populated\">\n\t\t\t\t\t\t\t\t<div class=\"elementor-element elementor-element-66d3aae elementor-widget elementor-widget-spacer\" data-id=\"66d3aae\" data-element_type=\"widget\" data-widget_type=\"spacer.default\">\n\t\t\t\t<div class=\"elementor-widget-container\">\n\t\t\t\t\t<div class=\"elementor-spacer\">\n\t\t\t<div class=\"elementor-spacer-inner\"><\/div>\n\t\t<\/div>\n\t\t\t\t<\/div>\n\t\t\t\t<\/div>\n\t\t\t\t<section class=\"elementor-section elementor-inner-section elementor-element elementor-element-2226d22 elementor-section-full_width elementor-section-height-default elementor-section-height-default\" data-id=\"2226d22\" data-element_type=\"section\">\n\t\t\t\t\t\t<div class=\"elementor-container elementor-column-gap-default\">\n\t\t\t\t\t<div class=\"elementor-column elementor-col-50 elementor-inner-column elementor-element elementor-element-c0bbdf0\" data-id=\"c0bbdf0\" data-element_type=\"column\">\n\t\t\t<div class=\"elementor-widget-wrap elementor-element-populated\">\n\t\t\t\t\t\t\t\t<div class=\"elementor-element elementor-element-e0c6f23 elementor-widget elementor-widget-image\" data-id=\"e0c6f23\" data-element_type=\"widget\" data-widget_type=\"image.default\">\n\t\t\t\t<div class=\"elementor-widget-container\">\n\t\t\t\t\t\t\t\t\t\t\t\t\t\t\t<img width=\"1024\" height=\"369\" src=\"https:\/\/bcnfighters.com\/wp-content\/uploads\/2019\/03\/grupoa-1024x369.png\" class=\"attachment-large size-large\" alt=\"\" srcset=\"https:\/\/bcnfighters.com\/wp-content\/uploads\/2019\/03\/grupoa-1024x369.png 1024w, https:\/\/bcnfighters.com\/wp-content\/uploads\/2019\/03\/grupoa-600x216.png 600w, https:\/\/bcnfighters.com\/wp-content\/uploads\/2019\/03\/grupoa-300x108.png 300w, https:\/\/bcnfighters.com\/wp-content\/uploads\/2019\/03\/grupoa-768x276.png 768w, https:\/\/bcnfighters.com\/wp-content\/uploads\/2019\/03\/grupoa-e1624474994327.png 800w\" sizes=\"(max-width: 1024px) 100vw, 1024px\" \/>\t\t\t\t\t\t\t\t\t\t\t\t\t\t\t<\/div>\n\t\t\t\t<\/div>\n\t\t\t\t<div class=\"elementor-element elementor-element-8b621ea elementor-widget elementor-widget-spacer\" data-id=\"8b621ea\" data-element_type=\"widget\" data-widget_type=\"spacer.default\">\n\t\t\t\t<div class=\"elementor-widget-container\">\n\t\t\t\t\t<div class=\"elementor-spacer\">\n\t\t\t<div class=\"elementor-spacer-inner\"><\/div>\n\t\t<\/div>\n\t\t\t\t<\/div>\n\t\t\t\t<\/div>\n\t\t\t\t\t<\/div>\n\t\t<\/div>\n\t\t\t\t<div class=\"elementor-column elementor-col-50 elementor-inner-column elementor-element elementor-element-3aae37b\" data-id=\"3aae37b\" data-element_type=\"column\">\n\t\t\t<div class=\"elementor-widget-wrap elementor-element-populated\">\n\t\t\t\t\t\t\t\t<div class=\"elementor-element elementor-element-592e426 elementor-widget elementor-widget-image\" data-id=\"592e426\" data-element_type=\"widget\" data-widget_type=\"image.default\">\n\t\t\t\t<div class=\"elementor-widget-container\">\n\t\t\t\t\t\t\t\t\t\t\t\t\t\t\t<img width=\"1024\" height=\"369\" src=\"https:\/\/bcnfighters.com\/wp-content\/uploads\/2019\/03\/grupob-1024x369.png\" class=\"attachment-large size-large\" alt=\"\" srcset=\"https:\/\/bcnfighters.com\/wp-content\/uploads\/2019\/03\/grupob-1024x369.png 1024w, https:\/\/bcnfighters.com\/wp-content\/uploads\/2019\/03\/grupob-600x216.png 600w, https:\/\/bcnfighters.com\/wp-content\/uploads\/2019\/03\/grupob-300x108.png 300w, https:\/\/bcnfighters.com\/wp-content\/uploads\/2019\/03\/grupob-768x276.png 768w, https:\/\/bcnfighters.com\/wp-content\/uploads\/2019\/03\/grupob-e1624474982253.png 800w\" sizes=\"(max-width: 1024px) 100vw, 1024px\" \/>\t\t\t\t\t\t\t\t\t\t\t\t\t\t\t<\/div>\n\t\t\t\t<\/div>\n\t\t\t\t\t<\/div>\n\t\t<\/div>\n\t\t\t\t\t\t\t<\/div>\n\t\t<\/section>\n\t\t\t\t<section class=\"elementor-section elementor-inner-section elementor-element elementor-element-970da76 elementor-section-boxed elementor-section-height-default elementor-section-height-default\" data-id=\"970da76\" data-element_type=\"section\">\n\t\t\t\t\t\t<div class=\"elementor-container elementor-column-gap-default\">\n\t\t\t\t\t<div class=\"elementor-column elementor-col-33 elementor-inner-column elementor-element elementor-element-cec30be\" data-id=\"cec30be\" data-element_type=\"column\">\n\t\t\t<div class=\"elementor-widget-wrap\">\n\t\t\t\t\t\t\t\t\t<\/div>\n\t\t<\/div>\n\t\t\t\t<div class=\"elementor-column elementor-col-33 elementor-inner-column elementor-element elementor-element-c43b6f3\" data-id=\"c43b6f3\" data-element_type=\"column\">\n\t\t\t<div class=\"elementor-widget-wrap elementor-element-populated\">\n\t\t\t\t\t\t\t\t<div class=\"elementor-element elementor-element-8704a72 elementor-widget elementor-widget-text-editor\" data-id=\"8704a72\" data-element_type=\"widget\" data-widget_type=\"text-editor.default\">\n\t\t\t\t<div class=\"elementor-widget-container\">\n\t\t\t\t\t\t\t<p style=\"text-align: center;\"><span style=\"color: #ffffff;\">The\u00a0<strong>Giants Fighters League (GFL)<\/strong>\u00a0es una liga invitacional de Dragon Ball FighterZ de formato presencial jugada en Barcelona, en la que 16 de los mejores jugadores de Espa\u00f1a luchan por llegar a una fase final donde competien por el t\u00edtulo de campe\u00f3n de liga.<\/span><\/p>\t\t\t\t\t\t<\/div>\n\t\t\t\t<\/div>\n\t\t\t\t<div class=\"elementor-element elementor-element-7d8fce3 elementor-widget elementor-widget-spacer\" data-id=\"7d8fce3\" data-element_type=\"widget\" data-widget_type=\"spacer.default\">\n\t\t\t\t<div class=\"elementor-widget-container\">\n\t\t\t\t\t<div class=\"elementor-spacer\">\n\t\t\t<div class=\"elementor-spacer-inner\"><\/div>\n\t\t<\/div>\n\t\t\t\t<\/div>\n\t\t\t\t<\/div>\n\t\t\t\t\t<\/div>\n\t\t<\/div>\n\t\t\t\t<div class=\"elementor-column elementor-col-33 elementor-inner-column elementor-element elementor-element-8370ef1\" data-id=\"8370ef1\" data-element_type=\"column\">\n\t\t\t<div class=\"elementor-widget-wrap\">\n\t\t\t\t\t\t\t\t\t<\/div>\n\t\t<\/div>\n\t\t\t\t\t\t\t<\/div>\n\t\t<\/section>\n\t\t\t\t\t<\/div>\n\t\t<\/div>\n\t\t\t\t\t\t\t<\/div>\n\t\t<\/section>\n\t\t\t\t<section class=\"elementor-section elementor-top-section elementor-element elementor-element-fbec8f3 elementor-section-boxed elementor-section-height-default elementor-section-height-default\" data-id=\"fbec8f3\" data-element_type=\"section\">\n\t\t\t\t\t\t<div class=\"elementor-container elementor-column-gap-default\">\n\t\t\t\t\t<div class=\"elementor-column elementor-col-50 elementor-top-column elementor-element elementor-element-8ce19dd\" data-id=\"8ce19dd\" data-element_type=\"column\">\n\t\t\t<div class=\"elementor-widget-wrap elementor-element-populated\">\n\t\t\t\t\t\t\t\t<div class=\"elementor-element elementor-element-709a225 elementor-widget elementor-widget-text-editor\" data-id=\"709a225\" data-element_type=\"widget\" data-widget_type=\"text-editor.default\">\n\t\t\t\t<div class=\"elementor-widget-container\">\n\t\t\t\t\t\t\t<h2 class=\"vc_custom_heading wpb_animate_when_almost_visible wpb_fadeInLeft fadeInLeft wpb_start_animation animated\">You can see all the matches in the league on our YouTube playlist:<\/h2>\t\t\t\t\t\t<\/div>\n\t\t\t\t<\/div>\n\t\t\t\t\t<\/div>\n\t\t<\/div>\n\t\t\t\t<div class=\"elementor-column elementor-col-50 elementor-top-column elementor-element elementor-element-a4b399a\" data-id=\"a4b399a\" data-element_type=\"column\">\n\t\t\t<div class=\"elementor-widget-wrap elementor-element-populated\">\n\t\t\t\t\t\t\t\t<div class=\"elementor-element elementor-element-07f9da4 elementor-widget elementor-widget-html\" data-id=\"07f9da4\" data-element_type=\"widget\" data-widget_type=\"html.default\">\n\t\t\t\t<div class=\"elementor-widget-container\">\n\t\t\t<iframe width=\"560\" height=\"315\" src=\"https:\/\/www.youtube.com\/embed\/videoseries?list=PLLSeJwGYxuaS0nm8oVW4dUhBsMH47iGiU\" title=\"YouTube video player\" frameborder=\"0\" allow=\"accelerometer; autoplay; clipboard-write; encrypted-media; gyroscope; picture-in-picture\" allowfullscreen><\/iframe>\t\t<\/div>\n\t\t\t\t<\/div>\n\t\t\t\t\t<\/div>\n\t\t<\/div>\n\t\t\t\t\t\t\t<\/div>\n\t\t<\/section>\n\t\t\t\t\t\t\t<\/div>","protected":false},"excerpt":{"rendered":"<p>La\u00a0Giants Fighters League (GFL)\u00a0es una liga invitacional de Dragon Ball FighterZ de formato presencial jugada en Barcelona, en la que 16 de los mejores jugadores de Espa\u00f1a luchan por llegar a una fase final donde competien por el t\u00edtulo de campe\u00f3n de liga. Puedes ver todos los combates de la liga en nuestra lista de&hellip;&nbsp;<a href=\"https:\/\/bcnfighters.com\/en\/gfl\/\" class=\"\" rel=\"bookmark\">Read More &raquo;<span class=\"screen-reader-text\">Giants Fighters League<\/span><\/a><\/p>","protected":false},"author":4,"featured_media":0,"parent":0,"menu_order":0,"comment_status":"closed","ping_status":"closed","template":"","meta":{"_mi_skip_tracking":false,"neve_meta_sidebar":"","neve_meta_container":"","neve_meta_enable_content_width":"off","neve_meta_content_width":0,"neve_meta_title_alignment":"","neve_meta_author_avatar":"","neve_post_elements_order":"","neve_meta_disable_header":"","neve_meta_disable_footer":"","neve_meta_disable_title":"on"},"yoast_head":"<!-- This site is optimized with the Yoast SEO plugin v19.13 - https:\/\/yoast.com\/wordpress\/plugins\/seo\/ -->\n<title>Giants Fighters League | BCN Fighters<\/title>\n<meta name=\"description\" content=\"La Giants Fighters League (GFL) es una liga invitacional de Dragon Ball FighterZ de formato presencial jugada en el Elite Gaming Center de Barcelona, en la que 16 de los mejores jugadores de Espa\u00f1a luchar\u00e1n por llegar a una fase final donde competir\u00e1n por el t\u00edtulo de campe\u00f3n de liga.\" \/>\n<meta name=\"robots\" content=\"index, follow, max-snippet:-1, max-image-preview:large, max-video-preview:-1\" \/>\n<link rel=\"canonical\" href=\"https:\/\/bcnfighters.com\/en\/gfl\/\" \/>\n<meta property=\"og:locale\" content=\"en_GB\" \/>\n<meta property=\"og:type\" content=\"article\" \/>\n<meta property=\"og:title\" content=\"Giants Fighters League | BCN Fighters\" \/>\n<meta property=\"og:description\" content=\"La Giants Fighters League (GFL) es una liga invitacional de Dragon Ball FighterZ de formato presencial jugada en el Elite Gaming Center de Barcelona, en la que 16 de los mejores jugadores de Espa\u00f1a luchar\u00e1n por llegar a una fase final donde competir\u00e1n por el t\u00edtulo de campe\u00f3n de liga.\" \/>\n<meta property=\"og:url\" content=\"https:\/\/bcnfighters.com\/en\/gfl\/\" \/>\n<meta property=\"og:site_name\" content=\"BCN Fighters\" \/>\n<meta property=\"article:modified_time\" content=\"2021-07-02T17:25:57+00:00\" \/>\n<meta property=\"og:image\" content=\"https:\/\/bcnfighters.com\/wp-content\/uploads\/2019\/03\/grupoa-1024x369.png\" \/>\n<meta name=\"twitter:card\" content=\"summary_large_image\" \/>\n<meta name=\"twitter:site\" content=\"@bcnfighters\" \/>\n<meta name=\"twitter:label1\" content=\"Estimated reading time\" \/>\n\t<meta name=\"twitter:data1\" content=\"1 minute\" \/>\n<script type=\"application\/ld+json\" class=\"yoast-schema-graph\">{\"@context\":\"https:\/\/schema.org\",\"@graph\":[{\"@type\":\"WebPage\",\"@id\":\"https:\/\/bcnfighters.com\/en\/gfl\/\",\"url\":\"https:\/\/bcnfighters.com\/en\/gfl\/\",\"name\":\"Giants Fighters League | BCN Fighters\",\"isPartOf\":{\"@id\":\"https:\/\/bcnfighters.com\/#website\"},\"datePublished\":\"2019-02-20T09:37:43+00:00\",\"dateModified\":\"2021-07-02T17:25:57+00:00\",\"description\":\"La Giants Fighters League (GFL) es una liga invitacional de Dragon Ball FighterZ de formato presencial jugada en el Elite Gaming Center de Barcelona, en la que 16 de los mejores jugadores de Espa\u00f1a luchar\u00e1n por llegar a una fase final donde competir\u00e1n por el t\u00edtulo de campe\u00f3n de liga.\",\"breadcrumb\":{\"@id\":\"https:\/\/bcnfighters.com\/en\/gfl\/#breadcrumb\"},\"inLanguage\":\"en-GB\",\"potentialAction\":[{\"@type\":\"ReadAction\",\"target\":[\"https:\/\/bcnfighters.com\/en\/gfl\/\"]}]},{\"@type\":\"BreadcrumbList\",\"@id\":\"https:\/\/bcnfighters.com\/en\/gfl\/#breadcrumb\",\"itemListElement\":[{\"@type\":\"ListItem\",\"position\":1,\"name\":\"Home\",\"item\":\"https:\/\/bcnfighters.com\/\"},{\"@type\":\"ListItem\",\"position\":2,\"name\":\"Giants Fighters League\"}]},{\"@type\":\"WebSite\",\"@id\":\"https:\/\/bcnfighters.com\/#website\",\"url\":\"https:\/\/bcnfighters.com\/\",\"name\":\"Barcelona Fighters\",\"description\":\"BCN Fighters\",\"publisher\":{\"@id\":\"https:\/\/bcnfighters.com\/#organization\"},\"potentialAction\":[{\"@type\":\"SearchAction\",\"target\":{\"@type\":\"EntryPoint\",\"urlTemplate\":\"https:\/\/bcnfighters.com\/?s={search_term_string}\"},\"query-input\":\"required name=search_term_string\"}],\"inLanguage\":\"en-GB\"},{\"@type\":\"Organization\",\"@id\":\"https:\/\/bcnfighters.com\/#organization\",\"name\":\"BCN Fighters\",\"url\":\"https:\/\/bcnfighters.com\/\",\"logo\":{\"@type\":\"ImageObject\",\"inLanguage\":\"en-GB\",\"@id\":\"https:\/\/bcnfighters.com\/#\/schema\/logo\/image\/\",\"url\":\"https:\/\/bcnfighters.com\/wp-content\/uploads\/2018\/09\/41704077_1011933935676150_5661803671168483328_n-e1536854838466.png\",\"contentUrl\":\"https:\/\/bcnfighters.com\/wp-content\/uploads\/2018\/09\/41704077_1011933935676150_5661803671168483328_n-e1536854838466.png\",\"width\":170,\"height\":95,\"caption\":\"BCN Fighters\"},\"image\":{\"@id\":\"https:\/\/bcnfighters.com\/#\/schema\/logo\/image\/\"},\"sameAs\":[\"https:\/\/www.instagram.com\/bcnfighters\/\",\"https:\/\/www.youtube.com\/channel\/UCL2jRKMl-N3qep3BdXKOVNQ\",\"https:\/\/twitter.com\/bcnfighters\"]}]}<\/script>\n<!-- \/ Yoast SEO plugin. -->","yoast_head_json":{"title":"Giants Fighters League | BCN Fighters","description":"La Giants Fighters League (GFL) es una liga invitacional de Dragon Ball FighterZ de formato presencial jugada en el Elite Gaming Center de Barcelona, en la que 16 de los mejores jugadores de Espa\u00f1a luchar\u00e1n por llegar a una fase final donde competir\u00e1n por el t\u00edtulo de campe\u00f3n de liga.","robots":{"index":"index","follow":"follow","max-snippet":"max-snippet:-1","max-image-preview":"max-image-preview:large","max-video-preview":"max-video-preview:-1"},"canonical":"https:\/\/bcnfighters.com\/en\/gfl\/","og_locale":"en_GB","og_type":"article","og_title":"Giants Fighters League | BCN Fighters","og_description":"La Giants Fighters League (GFL) es una liga invitacional de Dragon Ball FighterZ de formato presencial jugada en el Elite Gaming Center de Barcelona, en la que 16 de los mejores jugadores de Espa\u00f1a luchar\u00e1n por llegar a una fase final donde competir\u00e1n por el t\u00edtulo de campe\u00f3n de liga.","og_url":"https:\/\/bcnfighters.com\/en\/gfl\/","og_site_name":"BCN Fighters","article_modified_time":"2021-07-02T17:25:57+00:00","og_image":[{"url":"https:\/\/bcnfighters.com\/wp-content\/uploads\/2019\/03\/grupoa-1024x369.png"}],"twitter_card":"summary_large_image","twitter_site":"@bcnfighters","twitter_misc":{"Estimated reading time":"1 minute"},"schema":{"@context":"https:\/\/schema.org","@graph":[{"@type":"WebPage","@id":"https:\/\/bcnfighters.com\/en\/gfl\/","url":"https:\/\/bcnfighters.com\/en\/gfl\/","name":"Giants Fighters League | BCN Fighters","isPartOf":{"@id":"https:\/\/bcnfighters.com\/#website"},"datePublished":"2019-02-20T09:37:43+00:00","dateModified":"2021-07-02T17:25:57+00:00","description":"La Giants Fighters League (GFL) es una liga invitacional de Dragon Ball FighterZ de formato presencial jugada en el Elite Gaming Center de Barcelona, en la que 16 de los mejores jugadores de Espa\u00f1a luchar\u00e1n por llegar a una fase final donde competir\u00e1n por el t\u00edtulo de campe\u00f3n de liga.","breadcrumb":{"@id":"https:\/\/bcnfighters.com\/en\/gfl\/#breadcrumb"},"inLanguage":"en-GB","potentialAction":[{"@type":"ReadAction","target":["https:\/\/bcnfighters.com\/en\/gfl\/"]}]},{"@type":"BreadcrumbList","@id":"https:\/\/bcnfighters.com\/en\/gfl\/#breadcrumb","itemListElement":[{"@type":"ListItem","position":1,"name":"Home","item":"https:\/\/bcnfighters.com\/"},{"@type":"ListItem","position":2,"name":"Giants Fighters League"}]},{"@type":"WebSite","@id":"https:\/\/bcnfighters.com\/#website","url":"https:\/\/bcnfighters.com\/","name":"Barcelona Fighters","description":"BCN Fighters","publisher":{"@id":"https:\/\/bcnfighters.com\/#organization"},"potentialAction":[{"@type":"SearchAction","target":{"@type":"EntryPoint","urlTemplate":"https:\/\/bcnfighters.com\/?s={search_term_string}"},"query-input":"required name=search_term_string"}],"inLanguage":"en-GB"},{"@type":"Organization","@id":"https:\/\/bcnfighters.com\/#organization","name":"BCN Fighters","url":"https:\/\/bcnfighters.com\/","logo":{"@type":"ImageObject","inLanguage":"en-GB","@id":"https:\/\/bcnfighters.com\/#\/schema\/logo\/image\/","url":"https:\/\/bcnfighters.com\/wp-content\/uploads\/2018\/09\/41704077_1011933935676150_5661803671168483328_n-e1536854838466.png","contentUrl":"https:\/\/bcnfighters.com\/wp-content\/uploads\/2018\/09\/41704077_1011933935676150_5661803671168483328_n-e1536854838466.png","width":170,"height":95,"caption":"BCN Fighters"},"image":{"@id":"https:\/\/bcnfighters.com\/#\/schema\/logo\/image\/"},"sameAs":["https:\/\/www.instagram.com\/bcnfighters\/","https:\/\/www.youtube.com\/channel\/UCL2jRKMl-N3qep3BdXKOVNQ","https:\/\/twitter.com\/bcnfighters"]}]}},"_links":{"self":[{"href":"https:\/\/bcnfighters.com\/en\/wp-json\/wp\/v2\/pages\/4466"}],"collection":[{"href":"https:\/\/bcnfighters.com\/en\/wp-json\/wp\/v2\/pages"}],"about":[{"href":"https:\/\/bcnfighters.com\/en\/wp-json\/wp\/v2\/types\/page"}],"author":[{"embeddable":true,"href":"https:\/\/bcnfighters.com\/en\/wp-json\/wp\/v2\/users\/4"}],"replies":[{"embeddable":true,"href":"https:\/\/bcnfighters.com\/en\/wp-json\/wp\/v2\/comments?post=4466"}],"version-history":[{"count":614,"href":"https:\/\/bcnfighters.com\/en\/wp-json\/wp\/v2\/pages\/4466\/revisions"}],"predecessor-version":[{"id":10238,"href":"https:\/\/bcnfighters.com\/en\/wp-json\/wp\/v2\/pages\/4466\/revisions\/10238"}],"wp:attachment":[{"href":"https:\/\/bcnfighters.com\/en\/wp-json\/wp\/v2\/media?parent=4466"}],"curies":[{"name":"wp","href":"https:\/\/api.w.org\/{rel}","templated":true}]}}