{"id":6937,"date":"2020-03-12T18:37:59","date_gmt":"2020-03-12T17:37:59","guid":{"rendered":"https:\/\/bcnfighters.com\/?page_id=6937"},"modified":"2022-09-02T11:07:42","modified_gmt":"2022-09-02T09:07:42","slug":"eventos-online","status":"publish","type":"page","link":"https:\/\/bcnfighters.com\/en\/eventos-online\/","title":{"rendered":"Eventos online"},"content":{"rendered":"<div data-elementor-type=\"wp-page\" data-elementor-id=\"6937\" class=\"elementor elementor-6937\">\n\t\t\t\t\t\t\t\t\t<section class=\"elementor-section elementor-top-section elementor-element elementor-element-fdc3bc3 elementor-section-full_width elementor-section-stretched elementor-section-height-default elementor-section-height-default\" data-id=\"fdc3bc3\" data-element_type=\"section\" data-settings=\"{&quot;stretch_section&quot;:&quot;section-stretched&quot;}\">\n\t\t\t\t\t\t<div class=\"elementor-container elementor-column-gap-no\">\n\t\t\t\t\t<div class=\"elementor-column elementor-col-100 elementor-top-column elementor-element elementor-element-3446035\" data-id=\"3446035\" data-element_type=\"column\">\n\t\t\t<div class=\"elementor-widget-wrap elementor-element-populated\">\n\t\t\t\t\t\t\t\t<div class=\"elementor-element elementor-element-176aa7c elementor-widget elementor-widget-spacer\" data-id=\"176aa7c\" data-element_type=\"widget\" data-widget_type=\"spacer.default\">\n\t\t\t\t<div class=\"elementor-widget-container\">\n\t\t\t\t\t<div class=\"elementor-spacer\">\n\t\t\t<div class=\"elementor-spacer-inner\"><\/div>\n\t\t<\/div>\n\t\t\t\t<\/div>\n\t\t\t\t<\/div>\n\t\t\t\t<div class=\"elementor-element elementor-element-2405055 elementor-widget elementor-widget-image\" data-id=\"2405055\" data-element_type=\"widget\" data-widget_type=\"image.default\">\n\t\t\t\t<div class=\"elementor-widget-container\">\n\t\t\t\t\t\t\t\t\t\t\t\t\t\t\t<img width=\"799\" height=\"204\" src=\"https:\/\/bcnfighters.com\/wp-content\/uploads\/2020\/03\/titulo.png\" class=\"attachment-large size-large\" alt=\"\" srcset=\"https:\/\/bcnfighters.com\/wp-content\/uploads\/2020\/03\/titulo.png 799w, https:\/\/bcnfighters.com\/wp-content\/uploads\/2020\/03\/titulo-600x153.png 600w, https:\/\/bcnfighters.com\/wp-content\/uploads\/2020\/03\/titulo-300x77.png 300w, https:\/\/bcnfighters.com\/wp-content\/uploads\/2020\/03\/titulo-768x196.png 768w\" sizes=\"(max-width: 799px) 100vw, 799px\" \/>\t\t\t\t\t\t\t\t\t\t\t\t\t\t\t<\/div>\n\t\t\t\t<\/div>\n\t\t\t\t<div class=\"elementor-element elementor-element-6de009e elementor-widget elementor-widget-spacer\" data-id=\"6de009e\" data-element_type=\"widget\" data-widget_type=\"spacer.default\">\n\t\t\t\t<div class=\"elementor-widget-container\">\n\t\t\t\t\t<div class=\"elementor-spacer\">\n\t\t\t<div class=\"elementor-spacer-inner\"><\/div>\n\t\t<\/div>\n\t\t\t\t<\/div>\n\t\t\t\t<\/div>\n\t\t\t\t\t<\/div>\n\t\t<\/div>\n\t\t\t\t\t\t\t<\/div>\n\t\t<\/section>\n\t\t\t\t<section class=\"elementor-section elementor-top-section elementor-element elementor-element-c265c9d elementor-section-full_width elementor-section-stretched elementor-section-height-default elementor-section-height-default\" data-id=\"c265c9d\" data-element_type=\"section\" data-settings=\"{&quot;stretch_section&quot;:&quot;section-stretched&quot;}\">\n\t\t\t\t\t\t<div class=\"elementor-container elementor-column-gap-no\">\n\t\t\t\t\t<div class=\"elementor-column elementor-col-100 elementor-top-column elementor-element elementor-element-8d6144a\" data-id=\"8d6144a\" data-element_type=\"column\">\n\t\t\t<div class=\"elementor-widget-wrap elementor-element-populated\">\n\t\t\t\t\t\t\t\t<div class=\"elementor-element elementor-element-0871f9f elementor-widget-divider--view-line elementor-widget elementor-widget-divider\" data-id=\"0871f9f\" data-element_type=\"widget\" data-widget_type=\"divider.default\">\n\t\t\t\t<div class=\"elementor-widget-container\">\n\t\t\t\t\t<div class=\"elementor-divider\">\n\t\t\t<span class=\"elementor-divider-separator\">\n\t\t\t\t\t\t<\/span>\n\t\t<\/div>\n\t\t\t\t<\/div>\n\t\t\t\t<\/div>\n\t\t\t\t\t<\/div>\n\t\t<\/div>\n\t\t\t\t\t\t\t<\/div>\n\t\t<\/section>\n\t\t\t\t<section class=\"elementor-section elementor-top-section elementor-element elementor-element-d222c1a elementor-section-full_width elementor-section-stretched elementor-section-height-default elementor-section-height-default\" data-id=\"d222c1a\" data-element_type=\"section\" data-settings=\"{&quot;stretch_section&quot;:&quot;section-stretched&quot;}\">\n\t\t\t\t\t\t\t<div class=\"elementor-background-overlay\"><\/div>\n\t\t\t\t\t\t\t<div class=\"elementor-container elementor-column-gap-no\">\n\t\t\t\t\t<div class=\"elementor-column elementor-col-100 elementor-top-column elementor-element elementor-element-f0f3400\" data-id=\"f0f3400\" data-element_type=\"column\">\n\t\t\t<div class=\"elementor-widget-wrap elementor-element-populated\">\n\t\t\t\t\t\t\t\t<div class=\"elementor-element elementor-element-c4dd521 elementor-widget-divider--view-line elementor-widget elementor-widget-divider\" data-id=\"c4dd521\" data-element_type=\"widget\" data-widget_type=\"divider.default\">\n\t\t\t\t<div class=\"elementor-widget-container\">\n\t\t\t\t\t<div class=\"elementor-divider\">\n\t\t\t<span class=\"elementor-divider-separator\">\n\t\t\t\t\t\t<\/span>\n\t\t<\/div>\n\t\t\t\t<\/div>\n\t\t\t\t<\/div>\n\t\t\t\t<div class=\"elementor-element elementor-element-e8b537a elementor-widget elementor-widget-image\" data-id=\"e8b537a\" data-element_type=\"widget\" data-widget_type=\"image.default\">\n\t\t\t\t<div class=\"elementor-widget-container\">\n\t\t\t\t\t\t\t\t\t\t\t\t\t\t\t<img width=\"290\" height=\"370\" src=\"https:\/\/bcnfighters.com\/wp-content\/uploads\/2022\/01\/LOGO-LIGA-ONLINE-2x-BCN.png\" class=\"attachment-large size-large\" alt=\"\" srcset=\"https:\/\/bcnfighters.com\/wp-content\/uploads\/2022\/01\/LOGO-LIGA-ONLINE-2x-BCN.png 290w, https:\/\/bcnfighters.com\/wp-content\/uploads\/2022\/01\/LOGO-LIGA-ONLINE-2x-BCN-235x300.png 235w, https:\/\/bcnfighters.com\/wp-content\/uploads\/2022\/01\/LOGO-LIGA-ONLINE-2x-BCN-9x12.png 9w\" sizes=\"(max-width: 290px) 100vw, 290px\" \/>\t\t\t\t\t\t\t\t\t\t\t\t\t\t\t<\/div>\n\t\t\t\t<\/div>\n\t\t\t\t<div class=\"elementor-element elementor-element-9200c36 elementor-widget elementor-widget-spacer\" data-id=\"9200c36\" data-element_type=\"widget\" data-widget_type=\"spacer.default\">\n\t\t\t\t<div class=\"elementor-widget-container\">\n\t\t\t\t\t<div class=\"elementor-spacer\">\n\t\t\t<div class=\"elementor-spacer-inner\"><\/div>\n\t\t<\/div>\n\t\t\t\t<\/div>\n\t\t\t\t<\/div>\n\t\t\t\t<div class=\"elementor-element elementor-element-fbd6475 elementor-widget elementor-widget-heading\" data-id=\"fbd6475\" data-element_type=\"widget\" data-widget_type=\"heading.default\">\n\t\t\t\t<div class=\"elementor-widget-container\">\n\t\t\t<h5 class=\"elementor-heading-title elementor-size-default\">Take part in Super Street Fighter 2x online tournaments on the 3rd Tuesday of every month.<\/h5>\t\t<\/div>\n\t\t\t\t<\/div>\n\t\t\t\t<div class=\"elementor-element elementor-element-31d709c elementor-widget elementor-widget-heading\" data-id=\"31d709c\" data-element_type=\"widget\" data-widget_type=\"heading.default\">\n\t\t\t\t<div class=\"elementor-widget-container\">\n\t\t\t<h6 class=\"elementor-heading-title elementor-size-default\">Free registrations | Hours 22:00 CET<\/h6>\t\t<\/div>\n\t\t\t\t<\/div>\n\t\t\t\t<section class=\"elementor-section elementor-inner-section elementor-element elementor-element-b9481c1 elementor-section-boxed elementor-section-height-default elementor-section-height-default\" data-id=\"b9481c1\" data-element_type=\"section\">\n\t\t\t\t\t\t<div class=\"elementor-container elementor-column-gap-default\">\n\t\t\t\t\t<div class=\"elementor-column elementor-col-33 elementor-inner-column elementor-element elementor-element-56e7e3a\" data-id=\"56e7e3a\" data-element_type=\"column\">\n\t\t\t<div class=\"elementor-widget-wrap\">\n\t\t\t\t\t\t\t\t\t<\/div>\n\t\t<\/div>\n\t\t\t\t<div class=\"elementor-column elementor-col-33 elementor-inner-column elementor-element elementor-element-f1b0f3a\" data-id=\"f1b0f3a\" data-element_type=\"column\">\n\t\t\t<div class=\"elementor-widget-wrap elementor-element-populated\">\n\t\t\t\t\t\t\t\t<div class=\"elementor-element elementor-element-00324e2 elementor-widget elementor-widget-eael-adv-accordion\" data-id=\"00324e2\" data-element_type=\"widget\" data-widget_type=\"eael-adv-accordion.default\">\n\t\t\t\t<div class=\"elementor-widget-container\">\n\t\t\t        <div class=\"eael-adv-accordion\" id=\"eael-adv-accordion-00324e2\" data-accordion-id=\"00324e2\" data-accordion-type=\"accordion\" data-toogle-speed=\"300\">\n    <div class=\"eael-accordion-list\">\n                <div id=\"cmo-funciona-la-liga\" class=\"elementor-tab-title eael-accordion-header\" tabindex=\"2061\" data-tab=\"1\" role=\"tab\" aria-controls=\"elementor-tab-content-2061\"><span class=\"eael-advanced-accordion-icon-closed\"><i aria-hidden=\"true\" class=\"fa-accordion-icon fas fa-plus\"><\/i><\/span><span class=\"eael-advanced-accordion-icon-opened\"><i aria-hidden=\"true\" class=\"fa-accordion-icon fas fa-minus\"><\/i><\/span><span class=\"eael-accordion-tab-title\">How does the league work?<\/span><i aria-hidden=\"true\" class=\"fa-toggle fas fa-angle-right\"><\/i><\/div><div id=\"elementor-tab-content-2061\" class=\"eael-accordion-content clearfix\" data-tab=\"1\" role=\"tabpanel\" aria-labelledby=\"cmo-funciona-la-liga\"><p><p><span class=\"css-901oao css-16my406 r-poiln3 r-bcqeeo r-qvutc0\">The league consists of 10 tournaments of which the 8 best results will be counted for the final classification (in case there are absences).\u00a0<\/span><\/p><p><span class=\"css-901oao css-16my406 r-poiln3 r-bcqeeo r-qvutc0\">There is only seeding for the top 3 from the previous tournament (Marcade, RickyTTT and Kepasaco).<\/span><\/p><\/p><\/div>\n                <\/div><\/div>\t\t<\/div>\n\t\t\t\t<\/div>\n\t\t\t\t\t<\/div>\n\t\t<\/div>\n\t\t\t\t<div class=\"elementor-column elementor-col-33 elementor-inner-column elementor-element elementor-element-84c356d\" data-id=\"84c356d\" data-element_type=\"column\">\n\t\t\t<div class=\"elementor-widget-wrap\">\n\t\t\t\t\t\t\t\t\t<\/div>\n\t\t<\/div>\n\t\t\t\t\t\t\t<\/div>\n\t\t<\/section>\n\t\t\t\t<div class=\"elementor-element elementor-element-dd9fff3 elementor-widget elementor-widget-spacer\" data-id=\"dd9fff3\" data-element_type=\"widget\" data-widget_type=\"spacer.default\">\n\t\t\t\t<div class=\"elementor-widget-container\">\n\t\t\t\t\t<div class=\"elementor-spacer\">\n\t\t\t<div class=\"elementor-spacer-inner\"><\/div>\n\t\t<\/div>\n\t\t\t\t<\/div>\n\t\t\t\t<\/div>\n\t\t\t\t<section class=\"elementor-section elementor-inner-section elementor-element elementor-element-9e3e42e elementor-section-boxed elementor-section-height-default elementor-section-height-default\" data-id=\"9e3e42e\" data-element_type=\"section\">\n\t\t\t\t\t\t<div class=\"elementor-container elementor-column-gap-default\">\n\t\t\t\t\t<div class=\"elementor-column elementor-col-50 elementor-inner-column elementor-element elementor-element-89fabba\" data-id=\"89fabba\" data-element_type=\"column\">\n\t\t\t<div class=\"elementor-widget-wrap elementor-element-populated\">\n\t\t\t\t\t\t\t\t<div class=\"elementor-element elementor-element-f6ddb78 elementor-widget elementor-widget-heading\" data-id=\"f6ddb78\" data-element_type=\"widget\" data-widget_type=\"heading.default\">\n\t\t\t\t<div class=\"elementor-widget-container\">\n\t\t\t<h4 class=\"elementor-heading-title elementor-size-default\">Sign up for the next tournaments:<\/h4>\t\t<\/div>\n\t\t\t\t<\/div>\n\t\t\t\t<div class=\"elementor-element elementor-element-388d891 elementor-widget elementor-widget-eael-creative-button\" data-id=\"388d891\" data-element_type=\"widget\" data-widget_type=\"eael-creative-button.default\">\n\t\t\t\t<div class=\"elementor-widget-container\">\n\t\t\t        <div class=\"eael-creative-button-wrapper\">\n\n            <a class=\"eael-creative-button eael-creative-button--winona\" href=\"https:\/\/2xoffline.challonge.com\/es\/septiembre2022\" target=\"_blank _blank\" data-text=\"INSCRIPCIONES DISPONIBLES\">\n\n\t    \n                <div class=\"creative-button-inner\">\n\n                    \n                    <span class=\"cretive-button-text\">20 September<\/span>\n\n                                    <\/div>\n\t                        <\/a>\n        <\/div>\n\t\t<\/div>\n\t\t\t\t<\/div>\n\t\t\t\t<div class=\"elementor-element elementor-element-75e055a elementor-widget elementor-widget-eael-creative-button\" data-id=\"75e055a\" data-element_type=\"widget\" data-widget_type=\"eael-creative-button.default\">\n\t\t\t\t<div class=\"elementor-widget-container\">\n\t\t\t        <div class=\"eael-creative-button-wrapper\">\n\n            <a class=\"eael-creative-button eael-creative-button--winona\" href=\"https:\/\/2xoffline.challonge.com\/es\/octubre2022\" target=\"_blank _blank\" data-text=\"INSCRIPCIONES DISPONIBLES\">\n\n\t    \n                <div class=\"creative-button-inner\">\n\n                    \n                    <span class=\"cretive-button-text\">18 October<\/span>\n\n                                    <\/div>\n\t                        <\/a>\n        <\/div>\n\t\t<\/div>\n\t\t\t\t<\/div>\n\t\t\t\t<div class=\"elementor-element elementor-element-8180a80 elementor-widget elementor-widget-eael-creative-button\" data-id=\"8180a80\" data-element_type=\"widget\" data-widget_type=\"eael-creative-button.default\">\n\t\t\t\t<div class=\"elementor-widget-container\">\n\t\t\t        <div class=\"eael-creative-button-wrapper\">\n\n            <a class=\"eael-creative-button eael-creative-button--winona\" href=\"https:\/\/2xoffline.challonge.com\/es\/noviembre2022\" target=\"_blank _blank\" data-text=\"INSCRIPCIONES DISPONIBLES\">\n\n\t    \n                <div class=\"creative-button-inner\">\n\n                    \n                    <span class=\"cretive-button-text\">15 de Noviembre<\/span>\n\n                                    <\/div>\n\t                        <\/a>\n        <\/div>\n\t\t<\/div>\n\t\t\t\t<\/div>\n\t\t\t\t\t<\/div>\n\t\t<\/div>\n\t\t\t\t<div class=\"elementor-column elementor-col-50 elementor-inner-column elementor-element elementor-element-d3df2b1\" data-id=\"d3df2b1\" data-element_type=\"column\">\n\t\t\t<div class=\"elementor-widget-wrap elementor-element-populated\">\n\t\t\t\t\t\t\t\t<div class=\"elementor-element elementor-element-1c8bda9 elementor-widget elementor-widget-spacer\" data-id=\"1c8bda9\" data-element_type=\"widget\" data-widget_type=\"spacer.default\">\n\t\t\t\t<div class=\"elementor-widget-container\">\n\t\t\t\t\t<div class=\"elementor-spacer\">\n\t\t\t<div class=\"elementor-spacer-inner\"><\/div>\n\t\t<\/div>\n\t\t\t\t<\/div>\n\t\t\t\t<\/div>\n\t\t\t\t<div class=\"elementor-element elementor-element-fc7007f elementor-widget elementor-widget-heading\" data-id=\"fc7007f\" data-element_type=\"widget\" data-widget_type=\"heading.default\">\n\t\t\t\t<div class=\"elementor-widget-container\">\n\t\t\t<h4 class=\"elementor-heading-title elementor-size-default\">Watch the past tournaments on youtube:<\/h4>\t\t<\/div>\n\t\t\t\t<\/div>\n\t\t\t\t<div class=\"elementor-element elementor-element-17d94cf elementor-widget elementor-widget-spacer\" data-id=\"17d94cf\" data-element_type=\"widget\" data-widget_type=\"spacer.default\">\n\t\t\t\t<div class=\"elementor-widget-container\">\n\t\t\t\t\t<div class=\"elementor-spacer\">\n\t\t\t<div class=\"elementor-spacer-inner\"><\/div>\n\t\t<\/div>\n\t\t\t\t<\/div>\n\t\t\t\t<\/div>\n\t\t\t\t<div class=\"elementor-element elementor-element-0f525b1 elementor-widget elementor-widget-html\" data-id=\"0f525b1\" data-element_type=\"widget\" data-widget_type=\"html.default\">\n\t\t\t\t<div class=\"elementor-widget-container\">\n\t\t\t<iframe width=\"560\" height=\"415\" src=\"https:\/\/www.youtube.com\/embed\/videoseries?list=PLLSeJwGYxuaQCFA-mmC7Gyo665F1puclK\" title=\"YouTube video player\" frameborder=\"0\" allow=\"accelerometer; autoplay; clipboard-write; encrypted-media; gyroscope; picture-in-picture\" allowfullscreen><\/iframe>\t\t<\/div>\n\t\t\t\t<\/div>\n\t\t\t\t\t<\/div>\n\t\t<\/div>\n\t\t\t\t\t\t\t<\/div>\n\t\t<\/section>\n\t\t\t\t<div class=\"elementor-element elementor-element-48deecc elementor-widget elementor-widget-spacer\" data-id=\"48deecc\" data-element_type=\"widget\" data-widget_type=\"spacer.default\">\n\t\t\t\t<div class=\"elementor-widget-container\">\n\t\t\t\t\t<div class=\"elementor-spacer\">\n\t\t\t<div class=\"elementor-spacer-inner\"><\/div>\n\t\t<\/div>\n\t\t\t\t<\/div>\n\t\t\t\t<\/div>\n\t\t\t\t\t<\/div>\n\t\t<\/div>\n\t\t\t\t\t\t\t<\/div>\n\t\t<\/section>\n\t\t\t\t\t\t\t<\/div>","protected":false},"excerpt":{"rendered":"<p>Participa en los torneos online de Super Street Fighter 2x el 3r martes de cada mes. Inscripciones Gratuitas | Horario 22:00CET \u00bfC\u00f3mo funciona la liga? La liga consta de 10 torneos de los cuales se contar\u00e1n los 8 mejores resultados para la clasificaci\u00f3n final (por si se dan ausencias).\u00a0 S\u00f3lo hay seeding para los 3&hellip;&nbsp;<a href=\"https:\/\/bcnfighters.com\/en\/eventos-online\/\" class=\"\" rel=\"bookmark\">Read More &raquo;<span class=\"screen-reader-text\">Eventos online<\/span><\/a><\/p>","protected":false},"author":4,"featured_media":0,"parent":0,"menu_order":0,"comment_status":"closed","ping_status":"closed","template":"","meta":{"_mi_skip_tracking":false,"neve_meta_sidebar":"","neve_meta_container":"","neve_meta_enable_content_width":"off","neve_meta_content_width":0,"neve_meta_title_alignment":"","neve_meta_author_avatar":"","neve_post_elements_order":"","neve_meta_disable_header":"","neve_meta_disable_footer":"","neve_meta_disable_title":"on"},"yoast_head":"<!-- This site is optimized with the Yoast SEO plugin v19.13 - https:\/\/yoast.com\/wordpress\/plugins\/seo\/ -->\n<title>Eventos online | BCN Fighters<\/title>\n<meta name=\"description\" content=\"Todos los torneos y contenido online que vamos a ir a\u00f1adiendo al calend\u00e1rio se puede ver aqu\u00ed.\" \/>\n<meta name=\"robots\" content=\"index, follow, max-snippet:-1, max-image-preview:large, max-video-preview:-1\" \/>\n<link rel=\"canonical\" href=\"https:\/\/bcnfighters.com\/en\/eventos-online\/\" \/>\n<meta property=\"og:locale\" content=\"en_GB\" \/>\n<meta property=\"og:type\" content=\"article\" \/>\n<meta property=\"og:title\" content=\"Eventos online | BCN Fighters\" \/>\n<meta property=\"og:description\" content=\"Todos los torneos y contenido online que vamos a ir a\u00f1adiendo al calend\u00e1rio se puede ver aqu\u00ed.\" \/>\n<meta property=\"og:url\" content=\"https:\/\/bcnfighters.com\/en\/eventos-online\/\" \/>\n<meta property=\"og:site_name\" content=\"BCN Fighters\" \/>\n<meta property=\"article:modified_time\" content=\"2022-09-02T09:07:42+00:00\" \/>\n<meta property=\"og:image\" content=\"https:\/\/bcnfighters.com\/wp-content\/uploads\/2020\/11\/torneos-y-contenido-online-e1624477412587.jpg\" \/>\n\t<meta property=\"og:image:width\" content=\"1200\" \/>\n\t<meta property=\"og:image:height\" content=\"675\" \/>\n\t<meta property=\"og:image:type\" content=\"image\/jpeg\" \/>\n<meta name=\"twitter:card\" content=\"summary_large_image\" \/>\n<meta name=\"twitter:image\" content=\"https:\/\/bcnfighters.com\/wp-content\/uploads\/2020\/11\/torneos-y-contenido-online-e1624477412587.jpg\" \/>\n<meta name=\"twitter:site\" content=\"@bcnfighters\" \/>\n<meta name=\"twitter:label1\" content=\"Estimated reading time\" \/>\n\t<meta name=\"twitter:data1\" content=\"1 minute\" \/>\n<script type=\"application\/ld+json\" class=\"yoast-schema-graph\">{\"@context\":\"https:\/\/schema.org\",\"@graph\":[{\"@type\":\"WebPage\",\"@id\":\"https:\/\/bcnfighters.com\/eventos-online\/\",\"url\":\"https:\/\/bcnfighters.com\/eventos-online\/\",\"name\":\"Eventos online | BCN Fighters\",\"isPartOf\":{\"@id\":\"https:\/\/bcnfighters.com\/#website\"},\"datePublished\":\"2020-03-12T17:37:59+00:00\",\"dateModified\":\"2022-09-02T09:07:42+00:00\",\"description\":\"Todos los torneos y contenido online que vamos a ir a\u00f1adiendo al calend\u00e1rio se puede ver aqu\u00ed.\",\"breadcrumb\":{\"@id\":\"https:\/\/bcnfighters.com\/eventos-online\/#breadcrumb\"},\"inLanguage\":\"en-GB\",\"potentialAction\":[{\"@type\":\"ReadAction\",\"target\":[\"https:\/\/bcnfighters.com\/eventos-online\/\"]}]},{\"@type\":\"BreadcrumbList\",\"@id\":\"https:\/\/bcnfighters.com\/eventos-online\/#breadcrumb\",\"itemListElement\":[{\"@type\":\"ListItem\",\"position\":1,\"name\":\"Home\",\"item\":\"https:\/\/bcnfighters.com\/\"},{\"@type\":\"ListItem\",\"position\":2,\"name\":\"Eventos online\"}]},{\"@type\":\"WebSite\",\"@id\":\"https:\/\/bcnfighters.com\/#website\",\"url\":\"https:\/\/bcnfighters.com\/\",\"name\":\"Barcelona Fighters\",\"description\":\"BCN Fighters\",\"publisher\":{\"@id\":\"https:\/\/bcnfighters.com\/#organization\"},\"potentialAction\":[{\"@type\":\"SearchAction\",\"target\":{\"@type\":\"EntryPoint\",\"urlTemplate\":\"https:\/\/bcnfighters.com\/?s={search_term_string}\"},\"query-input\":\"required name=search_term_string\"}],\"inLanguage\":\"en-GB\"},{\"@type\":\"Organization\",\"@id\":\"https:\/\/bcnfighters.com\/#organization\",\"name\":\"BCN Fighters\",\"url\":\"https:\/\/bcnfighters.com\/\",\"logo\":{\"@type\":\"ImageObject\",\"inLanguage\":\"en-GB\",\"@id\":\"https:\/\/bcnfighters.com\/#\/schema\/logo\/image\/\",\"url\":\"https:\/\/bcnfighters.com\/wp-content\/uploads\/2018\/09\/41704077_1011933935676150_5661803671168483328_n-e1536854838466.png\",\"contentUrl\":\"https:\/\/bcnfighters.com\/wp-content\/uploads\/2018\/09\/41704077_1011933935676150_5661803671168483328_n-e1536854838466.png\",\"width\":170,\"height\":95,\"caption\":\"BCN Fighters\"},\"image\":{\"@id\":\"https:\/\/bcnfighters.com\/#\/schema\/logo\/image\/\"},\"sameAs\":[\"https:\/\/www.instagram.com\/bcnfighters\/\",\"https:\/\/www.youtube.com\/channel\/UCL2jRKMl-N3qep3BdXKOVNQ\",\"https:\/\/twitter.com\/bcnfighters\"]}]}<\/script>\n<!-- \/ Yoast SEO plugin. -->","yoast_head_json":{"title":"Eventos online | BCN Fighters","description":"Todos los torneos y contenido online que vamos a ir a\u00f1adiendo al calend\u00e1rio se puede ver aqu\u00ed.","robots":{"index":"index","follow":"follow","max-snippet":"max-snippet:-1","max-image-preview":"max-image-preview:large","max-video-preview":"max-video-preview:-1"},"canonical":"https:\/\/bcnfighters.com\/en\/eventos-online\/","og_locale":"en_GB","og_type":"article","og_title":"Eventos online | BCN Fighters","og_description":"Todos los torneos y contenido online que vamos a ir a\u00f1adiendo al calend\u00e1rio se puede ver aqu\u00ed.","og_url":"https:\/\/bcnfighters.com\/en\/eventos-online\/","og_site_name":"BCN Fighters","article_modified_time":"2022-09-02T09:07:42+00:00","og_image":[{"width":1200,"height":675,"url":"https:\/\/bcnfighters.com\/wp-content\/uploads\/2020\/11\/torneos-y-contenido-online-e1624477412587.jpg","type":"image\/jpeg"}],"twitter_card":"summary_large_image","twitter_image":"https:\/\/bcnfighters.com\/wp-content\/uploads\/2020\/11\/torneos-y-contenido-online-e1624477412587.jpg","twitter_site":"@bcnfighters","twitter_misc":{"Estimated reading time":"1 minute"},"schema":{"@context":"https:\/\/schema.org","@graph":[{"@type":"WebPage","@id":"https:\/\/bcnfighters.com\/eventos-online\/","url":"https:\/\/bcnfighters.com\/eventos-online\/","name":"Eventos online | BCN Fighters","isPartOf":{"@id":"https:\/\/bcnfighters.com\/#website"},"datePublished":"2020-03-12T17:37:59+00:00","dateModified":"2022-09-02T09:07:42+00:00","description":"Todos los torneos y contenido online que vamos a ir a\u00f1adiendo al calend\u00e1rio se puede ver aqu\u00ed.","breadcrumb":{"@id":"https:\/\/bcnfighters.com\/eventos-online\/#breadcrumb"},"inLanguage":"en-GB","potentialAction":[{"@type":"ReadAction","target":["https:\/\/bcnfighters.com\/eventos-online\/"]}]},{"@type":"BreadcrumbList","@id":"https:\/\/bcnfighters.com\/eventos-online\/#breadcrumb","itemListElement":[{"@type":"ListItem","position":1,"name":"Home","item":"https:\/\/bcnfighters.com\/"},{"@type":"ListItem","position":2,"name":"Eventos online"}]},{"@type":"WebSite","@id":"https:\/\/bcnfighters.com\/#website","url":"https:\/\/bcnfighters.com\/","name":"Barcelona Fighters","description":"BCN Fighters","publisher":{"@id":"https:\/\/bcnfighters.com\/#organization"},"potentialAction":[{"@type":"SearchAction","target":{"@type":"EntryPoint","urlTemplate":"https:\/\/bcnfighters.com\/?s={search_term_string}"},"query-input":"required name=search_term_string"}],"inLanguage":"en-GB"},{"@type":"Organization","@id":"https:\/\/bcnfighters.com\/#organization","name":"BCN Fighters","url":"https:\/\/bcnfighters.com\/","logo":{"@type":"ImageObject","inLanguage":"en-GB","@id":"https:\/\/bcnfighters.com\/#\/schema\/logo\/image\/","url":"https:\/\/bcnfighters.com\/wp-content\/uploads\/2018\/09\/41704077_1011933935676150_5661803671168483328_n-e1536854838466.png","contentUrl":"https:\/\/bcnfighters.com\/wp-content\/uploads\/2018\/09\/41704077_1011933935676150_5661803671168483328_n-e1536854838466.png","width":170,"height":95,"caption":"BCN Fighters"},"image":{"@id":"https:\/\/bcnfighters.com\/#\/schema\/logo\/image\/"},"sameAs":["https:\/\/www.instagram.com\/bcnfighters\/","https:\/\/www.youtube.com\/channel\/UCL2jRKMl-N3qep3BdXKOVNQ","https:\/\/twitter.com\/bcnfighters"]}]}},"_links":{"self":[{"href":"https:\/\/bcnfighters.com\/en\/wp-json\/wp\/v2\/pages\/6937"}],"collection":[{"href":"https:\/\/bcnfighters.com\/en\/wp-json\/wp\/v2\/pages"}],"about":[{"href":"https:\/\/bcnfighters.com\/en\/wp-json\/wp\/v2\/types\/page"}],"author":[{"embeddable":true,"href":"https:\/\/bcnfighters.com\/en\/wp-json\/wp\/v2\/users\/4"}],"replies":[{"embeddable":true,"href":"https:\/\/bcnfighters.com\/en\/wp-json\/wp\/v2\/comments?post=6937"}],"version-history":[{"count":433,"href":"https:\/\/bcnfighters.com\/en\/wp-json\/wp\/v2\/pages\/6937\/revisions"}],"predecessor-version":[{"id":17790,"href":"https:\/\/bcnfighters.com\/en\/wp-json\/wp\/v2\/pages\/6937\/revisions\/17790"}],"wp:attachment":[{"href":"https:\/\/bcnfighters.com\/en\/wp-json\/wp\/v2\/media?parent=6937"}],"curies":[{"name":"wp","href":"https:\/\/api.w.org\/{rel}","templated":true}]}}