{"id":8505,"date":"2020-12-29T11:52:17","date_gmt":"2020-12-29T10:52:17","guid":{"rendered":"https:\/\/bcnfighters.com\/?page_id=8505"},"modified":"2021-07-03T15:48:40","modified_gmt":"2021-07-03T13:48:40","slug":"ranking-battles","status":"publish","type":"page","link":"https:\/\/bcnfighters.com\/en\/ranking-battles\/","title":{"rendered":"BCN Ranking Battles"},"content":{"rendered":"<div data-elementor-type=\"wp-page\" data-elementor-id=\"8505\" class=\"elementor elementor-8505\">\n\t\t\t\t\t\t\t\t\t<section class=\"elementor-section elementor-top-section elementor-element elementor-element-7c0b6bb elementor-section-stretched elementor-section-boxed elementor-section-height-default elementor-section-height-default\" data-id=\"7c0b6bb\" data-element_type=\"section\" data-settings=\"{&quot;stretch_section&quot;:&quot;section-stretched&quot;}\">\n\t\t\t\t\t\t<div class=\"elementor-container elementor-column-gap-no\">\n\t\t\t\t\t<div class=\"elementor-column elementor-col-100 elementor-top-column elementor-element elementor-element-683d1de\" data-id=\"683d1de\" data-element_type=\"column\">\n\t\t\t<div class=\"elementor-widget-wrap elementor-element-populated\">\n\t\t\t\t\t\t\t\t<div class=\"elementor-element elementor-element-c90407b elementor-widget elementor-widget-image\" data-id=\"c90407b\" data-element_type=\"widget\" data-widget_type=\"image.default\">\n\t\t\t\t<div class=\"elementor-widget-container\">\n\t\t\t\t\t\t\t\t\t\t\t\t\t\t\t<img width=\"1024\" height=\"577\" src=\"https:\/\/bcnfighters.com\/wp-content\/uploads\/2021\/04\/ranking-web.jpg\" class=\"attachment-large size-large\" alt=\"\" srcset=\"https:\/\/bcnfighters.com\/wp-content\/uploads\/2021\/04\/ranking-web.jpg 1024w, https:\/\/bcnfighters.com\/wp-content\/uploads\/2021\/04\/ranking-web-300x169.jpg 300w, https:\/\/bcnfighters.com\/wp-content\/uploads\/2021\/04\/ranking-web-768x433.jpg 768w, https:\/\/bcnfighters.com\/wp-content\/uploads\/2021\/04\/ranking-web-16x9.jpg 16w, https:\/\/bcnfighters.com\/wp-content\/uploads\/2021\/04\/ranking-web-600x338.jpg 600w\" sizes=\"(max-width: 1024px) 100vw, 1024px\" \/>\t\t\t\t\t\t\t\t\t\t\t\t\t\t\t<\/div>\n\t\t\t\t<\/div>\n\t\t\t\t\t<\/div>\n\t\t<\/div>\n\t\t\t\t\t\t\t<\/div>\n\t\t<\/section>\n\t\t\t\t<section class=\"elementor-section elementor-top-section elementor-element elementor-element-c27d466 elementor-section-full_width elementor-section-stretched elementor-section-height-default elementor-section-height-default\" data-id=\"c27d466\" data-element_type=\"section\" data-settings=\"{&quot;stretch_section&quot;:&quot;section-stretched&quot;,&quot;background_background&quot;:&quot;classic&quot;}\">\n\t\t\t\t\t\t<div class=\"elementor-container elementor-column-gap-no\">\n\t\t\t\t\t<div class=\"elementor-column elementor-col-100 elementor-top-column elementor-element elementor-element-45432a4\" data-id=\"45432a4\" data-element_type=\"column\">\n\t\t\t<div class=\"elementor-widget-wrap elementor-element-populated\">\n\t\t\t\t\t\t\t\t<div class=\"elementor-element elementor-element-7cb93bc elementor-widget elementor-widget-spacer\" data-id=\"7cb93bc\" data-element_type=\"widget\" data-widget_type=\"spacer.default\">\n\t\t\t\t<div class=\"elementor-widget-container\">\n\t\t\t\t\t<div class=\"elementor-spacer\">\n\t\t\t<div class=\"elementor-spacer-inner\"><\/div>\n\t\t<\/div>\n\t\t\t\t<\/div>\n\t\t\t\t<\/div>\n\t\t\t\t<div class=\"elementor-element elementor-element-0b88f58 elementor-widget elementor-widget-heading\" data-id=\"0b88f58\" data-element_type=\"widget\" data-widget_type=\"heading.default\">\n\t\t\t\t<div class=\"elementor-widget-container\">\n\t\t\t<h5 class=\"elementor-heading-title elementor-size-default\">BCN Ranking Battles es un circuito de competici\u00f3n de SFVCE, DBFZ & Tekken 7, que se juega todas las semanas en un formato de torneo abierto con un registro de todas las competiciones en un r\u00e1nking. Al terminar los tres meses, los 16 primeros clasificados entran a la fase de playoffs en la que competir\u00e1n por ser el campe\u00f3n de la temporada.<\/h5>\t\t<\/div>\n\t\t\t\t<\/div>\n\t\t\t\t<section class=\"elementor-section elementor-inner-section elementor-element elementor-element-a8ed8e8 elementor-section-boxed elementor-section-height-default elementor-section-height-default\" data-id=\"a8ed8e8\" data-element_type=\"section\">\n\t\t\t\t\t\t<div class=\"elementor-container elementor-column-gap-default\">\n\t\t\t\t\t<div class=\"elementor-column elementor-col-33 elementor-inner-column elementor-element elementor-element-dd3a538\" data-id=\"dd3a538\" data-element_type=\"column\">\n\t\t\t<div class=\"elementor-widget-wrap\">\n\t\t\t\t\t\t\t\t\t<\/div>\n\t\t<\/div>\n\t\t\t\t<div class=\"elementor-column elementor-col-33 elementor-inner-column elementor-element elementor-element-b964e95\" data-id=\"b964e95\" data-element_type=\"column\">\n\t\t\t<div class=\"elementor-widget-wrap elementor-element-populated\">\n\t\t\t\t\t\t\t\t<div class=\"elementor-element elementor-element-d024bd4 elementor-widget elementor-widget-eael-adv-accordion\" data-id=\"d024bd4\" data-element_type=\"widget\" data-widget_type=\"eael-adv-accordion.default\">\n\t\t\t\t<div class=\"elementor-widget-container\">\n\t\t\t        <div class=\"eael-adv-accordion\" id=\"eael-adv-accordion-d024bd4\" data-accordion-id=\"d024bd4\" data-accordion-type=\"accordion\" data-toogle-speed=\"300\">\n    <div class=\"eael-accordion-list\">\n                <div id=\"funcionamiento\" class=\"elementor-tab-title eael-accordion-header\" tabindex=\"2181\" data-tab=\"1\" role=\"tab\" aria-controls=\"elementor-tab-content-2181\"><span class=\"eael-advanced-accordion-icon-closed\"><i aria-hidden=\"true\" class=\"fa-accordion-icon fas fa-plus\"><\/i><\/span><span class=\"eael-advanced-accordion-icon-opened\"><i aria-hidden=\"true\" class=\"fa-accordion-icon fas fa-minus\"><\/i><\/span><span class=\"eael-accordion-tab-title\">HOW DOES IT WORK<\/span><i aria-hidden=\"true\" class=\"fa-toggle fas fa-angle-right\"><\/i><\/div><div id=\"elementor-tab-content-2181\" class=\"eael-accordion-content clearfix\" data-tab=\"1\" role=\"tabpanel\" aria-labelledby=\"funcionamiento\"><p><ul><li><span style=\"color: #ffffff;\"><strong>The top 16 players in the ranking will qualify for the finals.<\/strong><\/span><\/li><li><span style=\"color: #ffffff;\"><strong>Tournaments are open to EUW<\/strong><\/span><\/li><li><span style=\"color: #ffffff;\"><strong>Los torneos empiezan a las 17h.<\/strong><\/span><\/li><li><span style=\"color: #ffffff;\"><strong>DBFZ y Tekken7 son en PC, SFV es Crossplay, pero con cable.<\/strong><\/span><\/li><li><span style=\"color: #ffffff;\"><strong>Puntos de ranking\u00a0 \u2013\u00a0\u00a0<\/strong><strong>1st 100pts 2nd 70pts 3rd 50pts TOP8 40pts TOP16 20pts<\/strong><\/span><\/li><\/ul><\/p><\/div>\n                <\/div><\/div>\t\t<\/div>\n\t\t\t\t<\/div>\n\t\t\t\t<div class=\"elementor-element elementor-element-455ae1e elementor-widget elementor-widget-spacer\" data-id=\"455ae1e\" data-element_type=\"widget\" data-widget_type=\"spacer.default\">\n\t\t\t\t<div class=\"elementor-widget-container\">\n\t\t\t\t\t<div class=\"elementor-spacer\">\n\t\t\t<div class=\"elementor-spacer-inner\"><\/div>\n\t\t<\/div>\n\t\t\t\t<\/div>\n\t\t\t\t<\/div>\n\t\t\t\t\t<\/div>\n\t\t<\/div>\n\t\t\t\t<div class=\"elementor-column elementor-col-33 elementor-inner-column elementor-element elementor-element-5a263a5\" data-id=\"5a263a5\" data-element_type=\"column\">\n\t\t\t<div class=\"elementor-widget-wrap\">\n\t\t\t\t\t\t\t\t\t<\/div>\n\t\t<\/div>\n\t\t\t\t\t\t\t<\/div>\n\t\t<\/section>\n\t\t\t\t\t<\/div>\n\t\t<\/div>\n\t\t\t\t\t\t\t<\/div>\n\t\t<\/section>\n\t\t\t\t\t\t\t<\/div>","protected":false},"excerpt":{"rendered":"<p>BCN Ranking Battles es un circuito de competici\u00f3n de SFVCE, DBFZ &#038; Tekken 7, que se juega todas las semanas en un formato de torneo abierto con un registro de todas las competiciones en un r\u00e1nking. Al terminar los tres meses, los 16 primeros clasificados entran a la fase de playoffs en la que competir\u00e1n&hellip;&nbsp;<a href=\"https:\/\/bcnfighters.com\/en\/ranking-battles\/\" class=\"\" rel=\"bookmark\">Read More &raquo;<span class=\"screen-reader-text\">BCN Ranking Battles<\/span><\/a><\/p>","protected":false},"author":4,"featured_media":0,"parent":0,"menu_order":0,"comment_status":"closed","ping_status":"closed","template":"","meta":{"_mi_skip_tracking":false,"neve_meta_sidebar":"","neve_meta_container":"","neve_meta_enable_content_width":"off","neve_meta_content_width":0,"neve_meta_title_alignment":"","neve_meta_author_avatar":"","neve_post_elements_order":"","neve_meta_disable_header":"","neve_meta_disable_footer":"","neve_meta_disable_title":"on"},"yoast_head":"<!-- This site is optimized with the Yoast SEO plugin v19.13 - https:\/\/yoast.com\/wordpress\/plugins\/seo\/ -->\n<title>BCN Ranking Battles | BCN Fighters<\/title>\n<meta name=\"description\" content=\"BCN Ranking Battles - Torneos todos los s\u00e1bados - SFV, DBFZ Tekken 7 - Lucha contra los mejores y clasif\u00edcate al top 16 de final de season.\" \/>\n<meta name=\"robots\" content=\"index, follow, max-snippet:-1, max-image-preview:large, max-video-preview:-1\" \/>\n<link rel=\"canonical\" href=\"https:\/\/bcnfighters.com\/en\/ranking-battles\/\" \/>\n<meta property=\"og:locale\" content=\"en_GB\" \/>\n<meta property=\"og:type\" content=\"article\" \/>\n<meta property=\"og:title\" content=\"BCN Ranking Battles\" \/>\n<meta property=\"og:description\" content=\"BCN Ranking Battles - Torneos todos los s\u00e1bados - SFV, DBFZ, Tekken 7 - Lucha contra los mejores y clasif\u00edcate al top 16 de final de season.\" \/>\n<meta property=\"og:url\" content=\"https:\/\/bcnfighters.com\/en\/ranking-battles\/\" \/>\n<meta property=\"og:site_name\" content=\"BCN Fighters\" \/>\n<meta property=\"article:modified_time\" content=\"2021-07-03T13:48:40+00:00\" \/>\n<meta name=\"twitter:card\" content=\"summary_large_image\" \/>\n<meta name=\"twitter:image\" content=\"https:\/\/bcnfighters.com\/wp-content\/uploads\/2021\/04\/ranking-web.jpg\" \/>\n<meta name=\"twitter:site\" content=\"@bcnfighters\" \/>\n<meta name=\"twitter:label1\" content=\"Estimated reading time\" \/>\n\t<meta name=\"twitter:data1\" content=\"1 minute\" \/>\n<script type=\"application\/ld+json\" class=\"yoast-schema-graph\">{\"@context\":\"https:\/\/schema.org\",\"@graph\":[{\"@type\":\"WebPage\",\"@id\":\"https:\/\/bcnfighters.com\/en\/ranking-battles\/\",\"url\":\"https:\/\/bcnfighters.com\/en\/ranking-battles\/\",\"name\":\"BCN Ranking Battles | BCN Fighters\",\"isPartOf\":{\"@id\":\"https:\/\/bcnfighters.com\/#website\"},\"datePublished\":\"2020-12-29T10:52:17+00:00\",\"dateModified\":\"2021-07-03T13:48:40+00:00\",\"description\":\"BCN Ranking Battles - Torneos todos los s\u00e1bados - SFV, DBFZ Tekken 7 - Lucha contra los mejores y clasif\u00edcate al top 16 de final de season.\",\"breadcrumb\":{\"@id\":\"https:\/\/bcnfighters.com\/en\/ranking-battles\/#breadcrumb\"},\"inLanguage\":\"en-GB\",\"potentialAction\":[{\"@type\":\"ReadAction\",\"target\":[\"https:\/\/bcnfighters.com\/en\/ranking-battles\/\"]}]},{\"@type\":\"BreadcrumbList\",\"@id\":\"https:\/\/bcnfighters.com\/en\/ranking-battles\/#breadcrumb\",\"itemListElement\":[{\"@type\":\"ListItem\",\"position\":1,\"name\":\"Home\",\"item\":\"https:\/\/bcnfighters.com\/\"},{\"@type\":\"ListItem\",\"position\":2,\"name\":\"BCN Ranking Battles\"}]},{\"@type\":\"WebSite\",\"@id\":\"https:\/\/bcnfighters.com\/#website\",\"url\":\"https:\/\/bcnfighters.com\/\",\"name\":\"Barcelona Fighters\",\"description\":\"BCN Fighters\",\"publisher\":{\"@id\":\"https:\/\/bcnfighters.com\/#organization\"},\"potentialAction\":[{\"@type\":\"SearchAction\",\"target\":{\"@type\":\"EntryPoint\",\"urlTemplate\":\"https:\/\/bcnfighters.com\/?s={search_term_string}\"},\"query-input\":\"required name=search_term_string\"}],\"inLanguage\":\"en-GB\"},{\"@type\":\"Organization\",\"@id\":\"https:\/\/bcnfighters.com\/#organization\",\"name\":\"BCN Fighters\",\"url\":\"https:\/\/bcnfighters.com\/\",\"logo\":{\"@type\":\"ImageObject\",\"inLanguage\":\"en-GB\",\"@id\":\"https:\/\/bcnfighters.com\/#\/schema\/logo\/image\/\",\"url\":\"https:\/\/bcnfighters.com\/wp-content\/uploads\/2018\/09\/41704077_1011933935676150_5661803671168483328_n-e1536854838466.png\",\"contentUrl\":\"https:\/\/bcnfighters.com\/wp-content\/uploads\/2018\/09\/41704077_1011933935676150_5661803671168483328_n-e1536854838466.png\",\"width\":170,\"height\":95,\"caption\":\"BCN Fighters\"},\"image\":{\"@id\":\"https:\/\/bcnfighters.com\/#\/schema\/logo\/image\/\"},\"sameAs\":[\"https:\/\/www.instagram.com\/bcnfighters\/\",\"https:\/\/www.youtube.com\/channel\/UCL2jRKMl-N3qep3BdXKOVNQ\",\"https:\/\/twitter.com\/bcnfighters\"]}]}<\/script>\n<!-- \/ Yoast SEO plugin. -->","yoast_head_json":{"title":"BCN Ranking Battles | BCN Fighters","description":"BCN Ranking Battles - Torneos todos los s\u00e1bados - SFV, DBFZ Tekken 7 - Lucha contra los mejores y clasif\u00edcate al top 16 de final de season.","robots":{"index":"index","follow":"follow","max-snippet":"max-snippet:-1","max-image-preview":"max-image-preview:large","max-video-preview":"max-video-preview:-1"},"canonical":"https:\/\/bcnfighters.com\/en\/ranking-battles\/","og_locale":"en_GB","og_type":"article","og_title":"BCN Ranking Battles","og_description":"BCN Ranking Battles - Torneos todos los s\u00e1bados - SFV, DBFZ, Tekken 7 - Lucha contra los mejores y clasif\u00edcate al top 16 de final de season.","og_url":"https:\/\/bcnfighters.com\/en\/ranking-battles\/","og_site_name":"BCN Fighters","article_modified_time":"2021-07-03T13:48:40+00:00","twitter_card":"summary_large_image","twitter_image":"https:\/\/bcnfighters.com\/wp-content\/uploads\/2021\/04\/ranking-web.jpg","twitter_site":"@bcnfighters","twitter_misc":{"Estimated reading time":"1 minute"},"schema":{"@context":"https:\/\/schema.org","@graph":[{"@type":"WebPage","@id":"https:\/\/bcnfighters.com\/en\/ranking-battles\/","url":"https:\/\/bcnfighters.com\/en\/ranking-battles\/","name":"BCN Ranking Battles | BCN Fighters","isPartOf":{"@id":"https:\/\/bcnfighters.com\/#website"},"datePublished":"2020-12-29T10:52:17+00:00","dateModified":"2021-07-03T13:48:40+00:00","description":"BCN Ranking Battles - Torneos todos los s\u00e1bados - SFV, DBFZ Tekken 7 - Lucha contra los mejores y clasif\u00edcate al top 16 de final de season.","breadcrumb":{"@id":"https:\/\/bcnfighters.com\/en\/ranking-battles\/#breadcrumb"},"inLanguage":"en-GB","potentialAction":[{"@type":"ReadAction","target":["https:\/\/bcnfighters.com\/en\/ranking-battles\/"]}]},{"@type":"BreadcrumbList","@id":"https:\/\/bcnfighters.com\/en\/ranking-battles\/#breadcrumb","itemListElement":[{"@type":"ListItem","position":1,"name":"Home","item":"https:\/\/bcnfighters.com\/"},{"@type":"ListItem","position":2,"name":"BCN Ranking Battles"}]},{"@type":"WebSite","@id":"https:\/\/bcnfighters.com\/#website","url":"https:\/\/bcnfighters.com\/","name":"Barcelona Fighters","description":"BCN Fighters","publisher":{"@id":"https:\/\/bcnfighters.com\/#organization"},"potentialAction":[{"@type":"SearchAction","target":{"@type":"EntryPoint","urlTemplate":"https:\/\/bcnfighters.com\/?s={search_term_string}"},"query-input":"required name=search_term_string"}],"inLanguage":"en-GB"},{"@type":"Organization","@id":"https:\/\/bcnfighters.com\/#organization","name":"BCN Fighters","url":"https:\/\/bcnfighters.com\/","logo":{"@type":"ImageObject","inLanguage":"en-GB","@id":"https:\/\/bcnfighters.com\/#\/schema\/logo\/image\/","url":"https:\/\/bcnfighters.com\/wp-content\/uploads\/2018\/09\/41704077_1011933935676150_5661803671168483328_n-e1536854838466.png","contentUrl":"https:\/\/bcnfighters.com\/wp-content\/uploads\/2018\/09\/41704077_1011933935676150_5661803671168483328_n-e1536854838466.png","width":170,"height":95,"caption":"BCN Fighters"},"image":{"@id":"https:\/\/bcnfighters.com\/#\/schema\/logo\/image\/"},"sameAs":["https:\/\/www.instagram.com\/bcnfighters\/","https:\/\/www.youtube.com\/channel\/UCL2jRKMl-N3qep3BdXKOVNQ","https:\/\/twitter.com\/bcnfighters"]}]}},"_links":{"self":[{"href":"https:\/\/bcnfighters.com\/en\/wp-json\/wp\/v2\/pages\/8505"}],"collection":[{"href":"https:\/\/bcnfighters.com\/en\/wp-json\/wp\/v2\/pages"}],"about":[{"href":"https:\/\/bcnfighters.com\/en\/wp-json\/wp\/v2\/types\/page"}],"author":[{"embeddable":true,"href":"https:\/\/bcnfighters.com\/en\/wp-json\/wp\/v2\/users\/4"}],"replies":[{"embeddable":true,"href":"https:\/\/bcnfighters.com\/en\/wp-json\/wp\/v2\/comments?post=8505"}],"version-history":[{"count":38,"href":"https:\/\/bcnfighters.com\/en\/wp-json\/wp\/v2\/pages\/8505\/revisions"}],"predecessor-version":[{"id":10262,"href":"https:\/\/bcnfighters.com\/en\/wp-json\/wp\/v2\/pages\/8505\/revisions\/10262"}],"wp:attachment":[{"href":"https:\/\/bcnfighters.com\/en\/wp-json\/wp\/v2\/media?parent=8505"}],"curies":[{"name":"wp","href":"https:\/\/api.w.org\/{rel}","templated":true}]}}